{"id":162,"date":"2017-05-10T06:33:55","date_gmt":"2017-05-10T03:33:55","guid":{"rendered":"http:\/\/vaylafestival.com\/fi\/?page_id=162"},"modified":"2025-06-16T16:50:14","modified_gmt":"2025-06-16T13:50:14","slug":"biljetter","status":"publish","type":"page","link":"https:\/\/vaylafestival.com\/fi\/biljetter\/","title":{"rendered":"BILJETTER"},"content":{"rendered":"\n<p>V\u00e4yl\u00e4festivalen best\u00e5r av b\u00e5de gratis evenemang och tillst\u00e4llningar med biljettf\u00f6rs\u00e4ljning. Till utrymmen med ett begr\u00e4nsat antal platser \u00e4r det m\u00f6jligt att reservera biljett eller plats p\u00e5 f\u00f6rhand med hj\u00e4lp av formul\u00e4ret nedan. Detaljerad information om dessa evenemang hittar du ocks\u00e5 p\u00e5 denna sida.<\/p>\n\n\n\n<p>Biljettf\u00f6rs\u00e4ljning arrangeras ocks\u00e5 vid d\u00f6rren en timme f\u00f6re evenemanget, om det fortfarande finns platser kvar. B\u00e5de kontant- och kortbetalningar accepteras. Marjo svarar g\u00e4rna p\u00e5<strong><mark style=\"background-color:rgba(0, 0, 0, 0);color:#437f55\" class=\"has-inline-color\">gruppreserveringsfr\u00e5gor <\/mark><\/strong>p\u00e5 marjo.suhonen(at)vaylafestival.com.<\/p>\n\n\n\n<p><strong>V\u00e4yl\u00e4festivalen 28.6-5.7.<\/strong><\/p>\n\n\n\n<p><strong>L\u00d6 28.6 F\u00f6rfattartr\u00e4ff: Kjell West\u00f6<\/strong><br><em>Nordkalottbiblioteket, \u00d6vertorne\u00e5 kl. 14.00<\/em><br>Fritt intr\u00e4de, men vi rekommenderar att du bokar en plats p\u00e5 f\u00f6rhand via formul\u00e4ret nedan. Bokningar tas emot fram till kl. 12.00 den 28.6. Bokningar m\u00e5ste l\u00f6sas ut 15 minuter f\u00f6re evenemanget b\u00f6rjar.<\/p>\n\n\n\n<p><strong>S\u00d6 29.6 Kjell West\u00f6 &#8211; Konstn\u00e4r, jag<\/strong><br><em>Granni-restaurangen, Pello kl. 16.30 (finsk tid)<\/em><br>Biljetter 15 euro\/st. Vi rekommenderar att du bokar din biljett p\u00e5 f\u00f6rhand med hj\u00e4lp av formul\u00e4ret nedan. Bokningar tas emot fram till kl. 12.00 den 29.6. Bokade biljetter m\u00e5ste k\u00f6pas senast 15 minuter f\u00f6re evenemanget b\u00f6rjar vid biljettkassan.<\/p>\n\n\n\n<p>S\u00d6 29.6 Mellan floden och havet &#8211; en resa i folkmusikens tecken<br>Restaurang Granni, Pello kl. 18.00 (finsk tid)<br>Biljetter 20 euro\/st. Vi rekommenderar att du bokar din biljett p\u00e5 f\u00f6rhand med hj\u00e4lp av formul\u00e4ret nedan. Bokningar tas emot fram till kl. 12.00 den 29.6. Bokade biljetter m\u00e5ste k\u00f6pas senast 15 minuter f\u00f6re evenemanget b\u00f6rjar vid biljettkassan.<\/p>\n\n\n\n<p><strong>ONS 2.7 V\u00e4gsk\u00e4l &#8211; S\u00e5nger fr\u00e5n nordliga kulturers gr\u00e4nser<\/strong><br><em>Enontekis kyrka kl. 19.00 (finsk tid)<\/em><br>Biljetter 25\u20ac vuxen \/ 20\u20ac pension\u00e4r \/ 10\u20ac barn 7-17 \u00e5r &amp; arbetsl\u00f6s (kontant eller med kort).<\/p>\n\n\n\n<p><strong>FR 4.7 V\u00e4gsk\u00e4l &#8211; S\u00e5nger fr\u00e5n nordliga kulturers gr\u00e4nser<\/strong><br><em>Yll\u00e4stunturi naturum Kellokas kl. 15.00 (finsk tid)<\/em><br>Biljetter 25\u20ac vuxen \/ 20\u20ac pension\u00e4r \/ 10\u20ac barn 7-17 \u00e5r &amp; arbetsl\u00f6s. Vi rekommenderar att du bokar din biljett p\u00e5 f\u00f6rv\u00e4g med hj\u00e4lp av formul\u00e4ret nedan. Bokningar tas emot fram till kl. 12.00 den 4.7. Bokade biljetter m\u00e5ste k\u00f6pas senast 15 minuter f\u00f6re evenemanget b\u00f6rjar vid biljettkassan.<\/p>\n\n\n\n<hr class=\"wp-block-separator has-alpha-channel-opacity\"\/>\n\n\n\n<h2 class=\"wp-block-heading\"><strong>Plats- och biljettreservation<\/strong><\/h2>\n\n\n\n<p style=\"font-size:15px\">Till utrymmen med begr\u00e4nsad kapacitet rekommenderar vi att du reserverar din plats eller biljett p\u00e5 f\u00f6rhand. Plats- och biljettreservationer m\u00e5ste l\u00f6sas ut senast 15 minuter f\u00f6re evenemanget b\u00f6rjar vid biljettkassan.<\/p>\n\n\n<div class=\"wpforms-container wpforms-container-full wpforms-block wpforms-block-86933180-e781-4ccc-bcce-94ca75912d60 wpforms-render-modern\" id=\"wpforms-3756\"><form id=\"wpforms-form-3756\" class=\"wpforms-validate wpforms-form wpforms-ajax-form\" data-formid=\"3756\" method=\"post\" enctype=\"multipart\/form-data\" action=\"\/fi\/wp-json\/wp\/v2\/pages\/162\" data-token=\"c81d2a44f4b927fc38e813318339f24c\" data-token-time=\"1777056202\"><noscript class=\"wpforms-error-noscript\">Please enable JavaScript in your browser to complete this form.<\/noscript><div class=\"wpforms-hidden\" id=\"wpforms-error-noscript\">Please enable JavaScript in your browser to complete this form.<\/div><div class=\"wpforms-field-container\"><div id=\"wpforms-3756-field_3-container\" class=\"wpforms-field wpforms-field-name\" data-field-id=\"3\"><label class=\"wpforms-field-label\" for=\"wpforms-3756-field_3\">F\u00f6r- och efternamn <span class=\"wpforms-required-label\" aria-hidden=\"true\">*<\/span><\/label><input type=\"text\" id=\"wpforms-3756-field_3\" class=\"wpforms-field-medium wpforms-field-required\" name=\"wpforms[fields][3]\" aria-errormessage=\"wpforms-3756-field_3-error\" required><\/div><div id=\"wpforms-3756-field_10-container\" class=\"wpforms-field wpforms-field-text\" data-field-id=\"10\"><label class=\"wpforms-field-label\" for=\"wpforms-3756-field_10\">Mejladress eller telefonnummer <span class=\"wpforms-required-label\" aria-hidden=\"true\">*<\/span><\/label><input type=\"text\" id=\"wpforms-3756-field_10\" class=\"wpforms-field-medium wpforms-field-required\" name=\"wpforms[fields][10]\" aria-errormessage=\"wpforms-3756-field_10-error\" required><\/div><div id=\"wpforms-3756-field_6-container\" class=\"wpforms-field wpforms-field-checkbox\" data-field-id=\"6\"><fieldset><legend class=\"wpforms-field-label\">Plats- och biljettreservationer <span class=\"wpforms-required-label\" aria-hidden=\"true\">*<\/span><\/legend><ul id=\"wpforms-3756-field_6\" class=\"wpforms-field-required\"><li class=\"choice-4 depth-1\"><input type=\"checkbox\" id=\"wpforms-3756-field_6_4\" name=\"wpforms[fields][6][]\" value=\"FR 4.7 kl. 15 (finsk tid) Vokal Nord, Naturum Kellokas \u2013 Biljettreservation\" aria-errormessage=\"wpforms-3756-field_6_4-error\" required ><label class=\"wpforms-field-label-inline\" for=\"wpforms-3756-field_6_4\">FR 4.7 kl. 15 (finsk tid) Vokal Nord, Naturum Kellokas \u2013 Biljettreservation<\/label><\/li><\/ul><\/fieldset><\/div><div id=\"wpforms-3756-field_7-container\" class=\"wpforms-field wpforms-field-textarea\" data-field-id=\"7\"><label class=\"wpforms-field-label\" for=\"wpforms-3756-field_7\">Antal biljetter som reserveras <span class=\"wpforms-required-label\" aria-hidden=\"true\">*<\/span><\/label><textarea id=\"wpforms-3756-field_7\" class=\"wpforms-field-medium wpforms-field-required\" name=\"wpforms[fields][7]\" aria-errormessage=\"wpforms-3756-field_7-error\" required><\/textarea><\/div><\/div><!-- .wpforms-field-container --><div class=\"wpforms-submit-container\" ><input type=\"hidden\" name=\"wpforms[id]\" value=\"3756\"><input type=\"hidden\" name=\"page_title\" value=\"\"><input type=\"hidden\" name=\"page_url\" value=\"https:\/\/vaylafestival.com\/fi\/wp-json\/wp\/v2\/pages\/162\"><input type=\"hidden\" name=\"url_referer\" value=\"\"><button type=\"submit\" name=\"wpforms[submit]\" id=\"wpforms-submit-3756\" class=\"wpforms-submit\" data-alt-text=\"Skickas...\" data-submit-text=\"Skicka\" aria-live=\"assertive\" value=\"wpforms-submit\">Skicka<\/button><img loading=\"lazy\" decoding=\"async\" src=\"https:\/\/vaylafestival.com\/fi\/wp-content\/plugins\/wpforms-lite\/assets\/images\/submit-spin.svg\" class=\"wpforms-submit-spinner\" style=\"display: none;\" width=\"26\" height=\"26\" alt=\"Loading\"><\/div><\/form><\/div>  <!-- .wpforms-container -->","protected":false},"excerpt":{"rendered":"<p>V\u00e4yl\u00e4festivalen best\u00e5r av b\u00e5de gratis evenemang och tillst\u00e4llningar med biljettf\u00f6rs\u00e4ljning. Till utrymmen med ett begr\u00e4nsat antal platser \u00e4r det m\u00f6jligt att reservera biljett eller plats&#8230;<\/p>\n","protected":false},"author":1,"featured_media":0,"parent":0,"menu_order":5,"comment_status":"closed","ping_status":"closed","template":"","meta":{"footnotes":""},"class_list":["post-162","page","type-page","status-publish","hentry"],"_links":{"self":[{"href":"https:\/\/vaylafestival.com\/fi\/wp-json\/wp\/v2\/pages\/162","targetHints":{"allow":["GET"]}}],"collection":[{"href":"https:\/\/vaylafestival.com\/fi\/wp-json\/wp\/v2\/pages"}],"about":[{"href":"https:\/\/vaylafestival.com\/fi\/wp-json\/wp\/v2\/types\/page"}],"author":[{"embeddable":true,"href":"https:\/\/vaylafestival.com\/fi\/wp-json\/wp\/v2\/users\/1"}],"replies":[{"embeddable":true,"href":"https:\/\/vaylafestival.com\/fi\/wp-json\/wp\/v2\/comments?post=162"}],"version-history":[{"count":58,"href":"https:\/\/vaylafestival.com\/fi\/wp-json\/wp\/v2\/pages\/162\/revisions"}],"predecessor-version":[{"id":3778,"href":"https:\/\/vaylafestival.com\/fi\/wp-json\/wp\/v2\/pages\/162\/revisions\/3778"}],"wp:attachment":[{"href":"https:\/\/vaylafestival.com\/fi\/wp-json\/wp\/v2\/media?parent=162"}],"curies":[{"name":"wp","href":"https:\/\/api.w.org\/{rel}","templated":true}]}}