{"id":2208,"date":"2022-05-23T14:09:47","date_gmt":"2022-05-23T11:09:47","guid":{"rendered":"https:\/\/vaylafestival.com\/fi\/?page_id=2208"},"modified":"2022-07-08T19:35:40","modified_gmt":"2022-07-08T16:35:40","slug":"program-2022","status":"publish","type":"page","link":"https:\/\/vaylafestival.com\/fi\/program-2022\/","title":{"rendered":"PROGRAM 2022"},"content":{"rendered":"\n<p><\/p>\n\n\n\n<hr class=\"wp-block-separator is-style-wide\"\/>\n\n\n\n<div class=\"wp-block-columns is-layout-flex wp-container-core-columns-is-layout-9d6595d7 wp-block-columns-is-layout-flex\">\n<div class=\"wp-block-column is-layout-flow wp-block-column-is-layout-flow\" style=\"flex-basis:50%\">\n<p class=\"has-normal-font-size\"><strong>L\u00d6 16.7 Peaceful organ<\/strong><\/p>\n\n\n\n<p style=\"font-size:15px\">kl. 18 \u00d6vertorne\u00e5 kyrka<br><em><strong>Gunnar Idenstam, orgel<\/strong><\/em><br>Kollekt<\/p>\n\n\n\n<p style=\"font-size:15px\">Sveriges \u00e4ldsta orgel ljuder under festivalens \u00f6ppningskonsert. Den v\u00e4rldsber\u00f6mda orgelvirtuosen Gunnar Idenstam tacklar det v\u00e4rdefulla instrumentet fr\u00e5n 1600-talet med klassiker av J.S. Bach och M. Praetorius samt improvisationer.<\/p>\n<\/div>\n\n\n\n<div class=\"wp-block-column is-layout-flow wp-block-column-is-layout-flow\" style=\"flex-basis:50%\">\n<figure class=\"wp-block-image size-large is-resized is-style-default\"><img loading=\"lazy\" decoding=\"async\" src=\"https:\/\/vaylafestival.com\/fi\/wp-content\/uploads\/2022\/05\/Gunnar_Idenstam_cr.Nils-Petter-Nilsson-square.jpg\" alt=\"\" class=\"wp-image-2223\" width=\"274\" height=\"276\" srcset=\"https:\/\/vaylafestival.com\/fi\/wp-content\/uploads\/2022\/05\/Gunnar_Idenstam_cr.Nils-Petter-Nilsson-square.jpg 230w, https:\/\/vaylafestival.com\/fi\/wp-content\/uploads\/2022\/05\/Gunnar_Idenstam_cr.Nils-Petter-Nilsson-square-150x150.jpg 150w\" sizes=\"auto, (max-width: 274px) 100vw, 274px\" \/><figcaption><em><sup>Gunnar Idenstam (bild Nils Petter Nilsson)<\/sup><\/em><\/figcaption><\/figure>\n<\/div>\n<\/div>\n\n\n\n<hr class=\"wp-block-separator is-style-wide\"\/>\n\n\n\n<div class=\"wp-block-columns is-layout-flex wp-container-core-columns-is-layout-9d6595d7 wp-block-columns-is-layout-flex\">\n<div class=\"wp-block-column is-layout-flow wp-block-column-is-layout-flow\">\n<p><strong>S\u00d6 17.7 V\u00e4yl\u00e4festivaali-filmen<\/strong><\/p>\n\n\n\n<p style=\"font-size:15px\">kl. 12 och 16 R\u00f6da Kvarn, \u00d6vertorne\u00e5<br><em><a href=\"https:\/\/billetto.fi\/users\/vaylafestivaali-ry\" data-type=\"URL\" data-id=\"https:\/\/billetto.fi\/users\/vaylafestivaali-ry\" target=\"_blank\" rel=\"noreferrer noopener\">Biljetter 5 euro \/ 50 kr (barn gratis)<\/a><\/em><\/p>\n\n\n\n<p style=\"font-size:15px\">I den \u00e5r 2020 filmade konstresan f\u00e5r man uppleva den nordliga naturen p\u00e5 otroligt vackra och sk\u00f6na st\u00e4llen i Tornedalen. Artister fr\u00e5n tre l\u00e4nder ber\u00e4ttar om sitt f\u00f6rh\u00e5llande till V\u00e4yl\u00e4n, en o\u00e4ndlig inspirationsk\u00e4lla f\u00f6r konst och en m\u00f6tesplats f\u00f6r olika kulturer.<\/p>\n<\/div>\n\n\n\n<div class=\"wp-block-column is-layout-flow wp-block-column-is-layout-flow\">\n<figure class=\"wp-block-image size-large\"><img loading=\"lazy\" decoding=\"async\" width=\"1024\" height=\"768\" src=\"https:\/\/vaylafestival.com\/fi\/wp-content\/uploads\/2022\/05\/Jaamerella-1024x768.jpeg\" alt=\"\" class=\"wp-image-2237\" srcset=\"https:\/\/vaylafestival.com\/fi\/wp-content\/uploads\/2022\/05\/Jaamerella-1024x768.jpeg 1024w, https:\/\/vaylafestival.com\/fi\/wp-content\/uploads\/2022\/05\/Jaamerella-300x225.jpeg 300w, https:\/\/vaylafestival.com\/fi\/wp-content\/uploads\/2022\/05\/Jaamerella-768x576.jpeg 768w, https:\/\/vaylafestival.com\/fi\/wp-content\/uploads\/2022\/05\/Jaamerella-1536x1152.jpeg 1536w, https:\/\/vaylafestival.com\/fi\/wp-content\/uploads\/2022\/05\/Jaamerella.jpeg 1600w\" sizes=\"auto, (max-width: 1024px) 100vw, 1024px\" \/><figcaption><em><sup>Filmning vid Ishavet<\/sup><\/em><\/figcaption><\/figure>\n<\/div>\n<\/div>\n\n\n\n<hr class=\"wp-block-separator is-style-wide\"\/>\n\n\n\n<div class=\"wp-block-columns is-layout-flex wp-container-core-columns-is-layout-9d6595d7 wp-block-columns-is-layout-flex\">\n<div class=\"wp-block-column is-layout-flow wp-block-column-is-layout-flow\">\n<p><strong>TI 19.7 Musikens str\u00f6mningar<\/strong><\/p>\n\n\n\n<p style=\"font-size:15px\">kl. 18 Svansteins kyrka<br><strong><em>Nya Helsingfors-kvartetten<\/em><\/strong><br><strong><em>Martin Andersson, klarinett<\/em><\/strong><br>Kollekt<\/p>\n\n\n\n<p style=\"font-size:15px\">Nya Helsingfors-kvartetten h\u00f6r till en av de nordiska l\u00e4ndernas mest framg\u00e5ngsrika kammarensembler och den firar i \u00e5r sitt 40-\u00e5rsjubileum. Under V\u00e4yl\u00e4festivalen har man i till och med tre konserter m\u00f6jlighet att njuta av deras tolkningar. I den varma akustiken i Svansteins kyrka spelar NHK f\u00f6r dem n\u00e4rst\u00e5ende verk av Jean Sibelius och Aulis Sallinen. Arktiska filharmonins klarinettist Martin Andersson kompletterar den fina skaran kammarmusiker.<\/p>\n<\/div>\n\n\n\n<div class=\"wp-block-column is-layout-flow wp-block-column-is-layout-flow\">\n<figure class=\"wp-block-image size-large\"><img loading=\"lazy\" decoding=\"async\" width=\"496\" height=\"435\" src=\"https:\/\/vaylafestival.com\/fi\/wp-content\/uploads\/2022\/05\/UHK_cr.Jukka-Harju-square.png\" alt=\"\" class=\"wp-image-2224\" srcset=\"https:\/\/vaylafestival.com\/fi\/wp-content\/uploads\/2022\/05\/UHK_cr.Jukka-Harju-square.png 496w, https:\/\/vaylafestival.com\/fi\/wp-content\/uploads\/2022\/05\/UHK_cr.Jukka-Harju-square-300x263.png 300w\" sizes=\"auto, (max-width: 496px) 100vw, 496px\" \/><figcaption><em><sup>Nya Helsingfors-kvartetten (bild Jukka Harju)<\/sup><\/em><\/figcaption><\/figure>\n<\/div>\n<\/div>\n\n\n\n<hr class=\"wp-block-separator is-style-wide\"\/>\n\n\n\n<div class=\"wp-block-columns is-layout-flex wp-container-core-columns-is-layout-9d6595d7 wp-block-columns-is-layout-flex\">\n<div class=\"wp-block-column is-layout-flow wp-block-column-is-layout-flow\">\n<p id=\"block-af7c2fb1-f6a5-428c-8a68-a8c673bfe6a2\"><strong>ON 20.7 Havets skimmer<\/strong><\/p>\n\n\n\n<p id=\"block-237932c1-08da-49a7-9940-8a45fa95dd3b\" style=\"font-size:15px\">kl. 19 Pello kyrka<br><strong><em><strong><em>Nya Helsingfors-kvartetten<\/em><\/strong><br><strong><em>Martin Andersson, klarinett<\/em><\/strong><\/em><\/strong><br><a href=\"https:\/\/billetto.fi\/e\/meren-kajo-uusi-helsinki-kvartetti-martin-andersson-liput-646855\" data-type=\"URL\" data-id=\"https:\/\/billetto.fi\/e\/meren-kajo-uusi-helsinki-kvartetti-martin-andersson-liput-646855\" target=\"_blank\" rel=\"noreferrer noopener\">Program 20 euro<\/a><\/p>\n\n\n\n<p style=\"font-size:15px\">I Pellos ypperliga konsertkyrka ljuder tv\u00e5 p\u00e4rlor av europeisk kammarmusik, Griegs str\u00e5kkvartett och Brahms klarinettkvintett. Nordisk karghet och romantisk passion uppeh\u00e5ller sp\u00e4nningen i Griegs musik. Klarinettkvintetten \u00e4r ett av Brahms sista verk och den s\u00f6ker ett s\u00e4tt att uttrycka k\u00e4nslor omfattande alltifr\u00e5n \u00e5ngest till nostalgi.<\/p>\n<\/div>\n\n\n\n<div class=\"wp-block-column is-layout-flow wp-block-column-is-layout-flow\">\n<figure class=\"wp-block-image size-large\"><img loading=\"lazy\" decoding=\"async\" width=\"512\" height=\"512\" src=\"https:\/\/vaylafestival.com\/fi\/wp-content\/uploads\/2022\/05\/Martin_Andersson_cr_Aggie-Peterson.png\" alt=\"\" class=\"wp-image-2225\" srcset=\"https:\/\/vaylafestival.com\/fi\/wp-content\/uploads\/2022\/05\/Martin_Andersson_cr_Aggie-Peterson.png 512w, https:\/\/vaylafestival.com\/fi\/wp-content\/uploads\/2022\/05\/Martin_Andersson_cr_Aggie-Peterson-300x300.png 300w, https:\/\/vaylafestival.com\/fi\/wp-content\/uploads\/2022\/05\/Martin_Andersson_cr_Aggie-Peterson-150x150.png 150w\" sizes=\"auto, (max-width: 512px) 100vw, 512px\" \/><figcaption><em><sup>Martin Andersson (bild Aggie Peterson)<\/sup><\/em><\/figcaption><\/figure>\n<\/div>\n<\/div>\n\n\n\n<hr class=\"wp-block-separator is-style-wide\"\/>\n\n\n\n<div class=\"wp-block-columns is-layout-flex wp-container-core-columns-is-layout-9d6595d7 wp-block-columns-is-layout-flex\">\n<div class=\"wp-block-column is-layout-flow wp-block-column-is-layout-flow\">\n<p><strong>TO 21.7 Intima toner<\/strong><\/p>\n\n\n\n<p style=\"font-size:15px\">kl. 18 Muodoslompolo kyrka<br><em><strong><strong><em>Nya Helsingfors-kvartetten<\/em><\/strong><\/strong><\/em><br><a href=\"https:\/\/billetto.fi\/e\/intiimeja-savelia-uusi-helsinki-kvartetti-liput-646988\" data-type=\"URL\" data-id=\"https:\/\/billetto.fi\/e\/intiimeja-savelia-uusi-helsinki-kvartetti-liput-646988\" target=\"_blank\" rel=\"noreferrer noopener\">Biljetter 200\/180\/100 kr<\/a><\/p>\n\n\n\n<p style=\"font-size:15px\">Mitt i hj\u00e4rtat av gr\u00e4ns\u00e4lvens natur ligger Muodoslompolos pittoreska kyrka. Den erbjuder en unik ram f\u00f6r att erfara Jean Sibelius str\u00e5kkvartett \u201dVoces intimae\u201d samt Aulis Sallinens gripande str\u00e5kkvartett \u201d Aspekter p\u00e5 Peltoniemi Hintriks sorgemarsch\u201d. Nya Helsingfors-kvartetten bjuder p\u00e5 tolkningar som pr\u00f6vats v\u00e4rlden runt, en konsert man definitivt vill uppleva!<\/p>\n<\/div>\n\n\n\n<div class=\"wp-block-column is-layout-flow wp-block-column-is-layout-flow\">\n<figure class=\"wp-block-image size-large\"><img loading=\"lazy\" decoding=\"async\" width=\"1024\" height=\"626\" src=\"https:\/\/vaylafestival.com\/fi\/wp-content\/uploads\/2022\/05\/WhatsApp-Image-2022-05-27-at-11.46.36-1024x626.jpeg\" alt=\"\" class=\"wp-image-2249\" srcset=\"https:\/\/vaylafestival.com\/fi\/wp-content\/uploads\/2022\/05\/WhatsApp-Image-2022-05-27-at-11.46.36-1024x626.jpeg 1024w, https:\/\/vaylafestival.com\/fi\/wp-content\/uploads\/2022\/05\/WhatsApp-Image-2022-05-27-at-11.46.36-300x183.jpeg 300w, https:\/\/vaylafestival.com\/fi\/wp-content\/uploads\/2022\/05\/WhatsApp-Image-2022-05-27-at-11.46.36-768x469.jpeg 768w, https:\/\/vaylafestival.com\/fi\/wp-content\/uploads\/2022\/05\/WhatsApp-Image-2022-05-27-at-11.46.36.jpeg 1471w\" sizes=\"auto, (max-width: 1024px) 100vw, 1024px\" \/><figcaption><em><sup>Muodoslompolo kyrka<\/sup><\/em><\/figcaption><\/figure>\n<\/div>\n<\/div>\n\n\n\n<hr class=\"wp-block-separator is-style-wide\"\/>\n\n\n\n<div class=\"wp-block-columns is-layout-flex wp-container-core-columns-is-layout-9d6595d7 wp-block-columns-is-layout-flex\">\n<div class=\"wp-block-column is-layout-flow wp-block-column-is-layout-flow\">\n<p><strong>FR 22.7 \u00d6n<\/strong><\/p>\n\n\n\n<p style=\"font-size:15px\">kl. 18 Alatalos stuga, K\u00e4tk\u00e4suvanto, Muonio<br><em><strong>Kaisa Ristiluoma, dragspel<\/strong><\/em><br>Biljetter 20\/18\/10 euro<\/p>\n\n\n\n<p style=\"font-size:15px\">K\u00e4tk\u00e4suvantos historiska stuga blir en natursk\u00f6n \u00d6, ett st\u00e4lle d\u00e4r man kan sluta sina \u00f6gon, stilla reflektera och sjunka in i sin egen v\u00e4rld. I musiken h\u00f6rs Kaisas k\u00e4rlek f\u00f6r folkmusik och natur. Naturen \u00e4r ocks\u00e5 starkt n\u00e4rvarande i Antti Lindholms m\u00e5leristiska ljudlandskap. Tanken bakom Sari Lehtim\u00e4kis texter pr\u00e4glade av andlighet och n\u00e4rvaro \u00e4r att finna lyckan i varje stund.<\/p>\n<\/div>\n\n\n\n<div class=\"wp-block-column is-layout-flow wp-block-column-is-layout-flow\">\n<figure class=\"wp-block-image size-large\"><img loading=\"lazy\" decoding=\"async\" width=\"556\" height=\"560\" src=\"https:\/\/vaylafestival.com\/fi\/wp-content\/uploads\/2022\/05\/Kaisa_Ristiluoma-square.png\" alt=\"\" class=\"wp-image-2226\" srcset=\"https:\/\/vaylafestival.com\/fi\/wp-content\/uploads\/2022\/05\/Kaisa_Ristiluoma-square.png 556w, https:\/\/vaylafestival.com\/fi\/wp-content\/uploads\/2022\/05\/Kaisa_Ristiluoma-square-298x300.png 298w, https:\/\/vaylafestival.com\/fi\/wp-content\/uploads\/2022\/05\/Kaisa_Ristiluoma-square-150x150.png 150w\" sizes=\"auto, (max-width: 556px) 100vw, 556px\" \/><figcaption><em><sup>Kaisa Ristiluoma<\/sup><\/em><\/figcaption><\/figure>\n<\/div>\n<\/div>\n\n\n\n<hr class=\"wp-block-separator is-style-wide\"\/>\n\n\n\n<div class=\"wp-block-columns is-layout-flex wp-container-core-columns-is-layout-9d6595d7 wp-block-columns-is-layout-flex\">\n<div class=\"wp-block-column is-layout-flow wp-block-column-is-layout-flow\">\n<p><strong>L\u00d6 23.7 Vid ljudets k\u00e4lla \u2013 Jiena \u00e1lgu<\/strong><\/p>\n\n\n\n<p style=\"font-size:15px\">kl. 18 Kilpisj\u00e4rvi skola <br><em><strong>Niko Valkeap\u00e4\u00e4, s\u00e5ng<br>Miro Mantere, ljudkonst<\/strong><\/em><br><a href=\"https:\/\/billetto.fi\/e\/aanen-lahteella-jiena-algu-niko-valkeapaa-miro-mantere-liput-646994\" data-type=\"URL\" data-id=\"https:\/\/billetto.fi\/e\/aanen-lahteella-jiena-algu-niko-valkeapaa-miro-mantere-liput-646994\" target=\"_blank\" rel=\"noreferrer noopener\">Biljetter 25\/22\/12 euro<\/a><br>(enskild biobiljett 5 euro)<\/p>\n\n\n\n<p style=\"font-size:15px\">Niko Valkeap\u00e4\u00e4 h\u00f6r till en av Nordkalottens ber\u00f6mdaste musiker. Han har blivit k\u00e4nd f\u00f6r sina karismatiska och optimistiska s\u00e5nger. Inf\u00f6r V\u00e4yl\u00e4festivalen kastar han sig in i n\u00e5gonting nytt d\u00e5 han m\u00f6ter den vision\u00e4ra ljudkonstn\u00e4ren Miro Mantere.<\/p>\n\n\n\n<p style=\"font-size:15px\">kl. 19.15 Kilpisj\u00e4rvi skola<br><strong>V\u00e4yl\u00e4festivaali-<\/strong>filmvisning<\/p>\n\n\n\n<p style=\"font-size:15px\">I den \u00e5r 2020 filmade konstresan f\u00e5r man uppleva den nordliga naturen p\u00e5 otroligt vackra och sk\u00f6na st\u00e4llen i Tornedalen. Artister fr\u00e5n tre l\u00e4nder ber\u00e4ttar om sitt f\u00f6rh\u00e5llande till V\u00e4yl\u00e4n, en o\u00e4ndlig inspirationsk\u00e4lla f\u00f6r konst och en m\u00f6tesplats f\u00f6r olika kulturer.<\/p>\n<\/div>\n\n\n\n<div class=\"wp-block-column is-layout-flow wp-block-column-is-layout-flow\">\n<figure class=\"wp-block-image size-large\"><img loading=\"lazy\" decoding=\"async\" width=\"698\" height=\"542\" src=\"https:\/\/vaylafestival.com\/fi\/wp-content\/uploads\/2022\/07\/Niko_Miro_nettiin-1.png\" alt=\"\" class=\"wp-image-2428\" srcset=\"https:\/\/vaylafestival.com\/fi\/wp-content\/uploads\/2022\/07\/Niko_Miro_nettiin-1.png 698w, https:\/\/vaylafestival.com\/fi\/wp-content\/uploads\/2022\/07\/Niko_Miro_nettiin-1-300x233.png 300w\" sizes=\"auto, (max-width: 698px) 100vw, 698px\" \/><figcaption><em><sup><em><sup>Niko Valkeap\u00e4\u00e4 (kuva J. Naglestad) &amp; Miro Mantere (kuva Janne-Pekka Manninen)<\/sup><\/em><\/sup><\/em><\/figcaption><\/figure>\n<\/div>\n<\/div>\n\n\n\n<hr class=\"wp-block-separator is-style-wide\"\/>\n\n\n\n<div class=\"wp-block-columns is-layout-flex wp-container-core-columns-is-layout-9d6595d7 wp-block-columns-is-layout-flex\">\n<div class=\"wp-block-column is-layout-flow wp-block-column-is-layout-flow\">\n<p><strong>S\u00d6 24.7 Min ber\u00e4ttelse<\/strong><\/p>\n\n\n\n<p style=\"font-size:15px\">kl. 12\u201316 Kilpisj\u00e4rvi<br><strong><em>Simon Iss\u00e1t Marainen, jojk och diktl\u00e4sning<\/em><\/strong><br><a href=\"https:\/\/billetto.fi\/e\/minun-tarinani-simon-issat-marainen-liput-647001\" data-type=\"URL\" data-id=\"https:\/\/billetto.fi\/e\/minun-tarinani-simon-issat-marainen-liput-647001\" target=\"_blank\" rel=\"noreferrer noopener\">Biljetter: Vuxna 30 euro \/ barn 15 euro (inkl. soppa och kaffe)<\/a><\/p>\n\n\n\n<p style=\"font-size:15px\">M\u00e4starjojkaren Simon Iss\u00e1t Marainen, som ocks\u00e5 uttrycker sig i dikt, \u00e5terkommer till V\u00e4yl\u00e4festivalen. Han spenderar eftermiddagen tillsammans med publiken omringad av Kilpisj\u00e4rvis andl\u00f6st vackra landskap. Under utflykten f\u00e5r vi h\u00f6ra Marainen jojka, ber\u00e4tta sin historia och kasta ljus \u00f6ver sin konst med samiska r\u00f6tter.<\/p>\n<\/div>\n\n\n\n<div class=\"wp-block-column is-layout-flow wp-block-column-is-layout-flow\">\n<figure class=\"wp-block-image size-large is-resized\"><img loading=\"lazy\" decoding=\"async\" src=\"https:\/\/vaylafestival.com\/fi\/wp-content\/uploads\/2022\/05\/Simon-Issat-Marainen_cr.-Max-Zackrisson-square.png\" alt=\"\" class=\"wp-image-2230\" width=\"274\" height=\"274\" srcset=\"https:\/\/vaylafestival.com\/fi\/wp-content\/uploads\/2022\/05\/Simon-Issat-Marainen_cr.-Max-Zackrisson-square.png 200w, https:\/\/vaylafestival.com\/fi\/wp-content\/uploads\/2022\/05\/Simon-Issat-Marainen_cr.-Max-Zackrisson-square-150x150.png 150w\" sizes=\"auto, (max-width: 274px) 100vw, 274px\" \/><figcaption><em><sup>Simon Iss\u00e1t Marainen (bild Max Zackrisson)<\/sup><\/em><\/figcaption><\/figure>\n<\/div>\n<\/div>\n\n\n\n<hr class=\"wp-block-separator is-style-wide\"\/>\n\n\n\n<div class=\"wp-block-columns is-layout-flex wp-container-core-columns-is-layout-9d6595d7 wp-block-columns-is-layout-flex\">\n<div class=\"wp-block-column is-layout-flow wp-block-column-is-layout-flow\" style=\"flex-basis:33.33%\">\n<figure class=\"wp-block-image size-large is-resized\"><img loading=\"lazy\" decoding=\"async\" src=\"https:\/\/vaylafestival.com\/fi\/wp-content\/uploads\/2021\/06\/Yksittainen_3.jpg\" alt=\"\" class=\"wp-image-1976\" width=\"100\" height=\"186\" srcset=\"https:\/\/vaylafestival.com\/fi\/wp-content\/uploads\/2021\/06\/Yksittainen_3.jpg 177w, https:\/\/vaylafestival.com\/fi\/wp-content\/uploads\/2021\/06\/Yksittainen_3-161x300.jpg 161w\" sizes=\"auto, (max-width: 100px) 100vw, 100px\" \/><\/figure>\n<\/div>\n\n\n\n<div class=\"wp-block-column is-layout-flow wp-block-column-is-layout-flow\" style=\"flex-basis:66.66%\">\n<p><strong>19.7\u201317.8 Fotografig\u00f6mmor l\u00e4ngs V\u00e4yl\u00e4n<\/strong><\/p>\n\n\n\n<p style=\"font-size:15px\">Fotografier st\u00e4lls ut i flodstr\u00e4ndernas natur mellan Torne\u00e5 och Kilpisj\u00e4rvi. Kartan f\u00f6r fotografig\u00f6mmorna publiceras 18.7.<\/p>\n<\/div>\n<\/div>\n\n\n\n<hr class=\"wp-block-separator is-style-wide\"\/>\n\n\n\n<p style=\"font-size:15px\"><em>Klockslagen lokal tid. <em>R\u00e4tten till \u00e4ndringar bibeh\u00e5lls<\/em>.<\/em><\/p>\n","protected":false},"excerpt":{"rendered":"<p>L\u00d6 16.7 Peaceful organ kl. 18 \u00d6vertorne\u00e5 kyrkaGunnar Idenstam, orgelKollekt Sveriges \u00e4ldsta orgel ljuder under festivalens \u00f6ppningskonsert. Den v\u00e4rldsber\u00f6mda orgelvirtuosen Gunnar Idenstam tacklar det v\u00e4rdefulla&#8230;<\/p>\n","protected":false},"author":1,"featured_media":0,"parent":0,"menu_order":0,"comment_status":"closed","ping_status":"closed","template":"","meta":{"footnotes":""},"class_list":["post-2208","page","type-page","status-publish","hentry"],"_links":{"self":[{"href":"https:\/\/vaylafestival.com\/fi\/wp-json\/wp\/v2\/pages\/2208","targetHints":{"allow":["GET"]}}],"collection":[{"href":"https:\/\/vaylafestival.com\/fi\/wp-json\/wp\/v2\/pages"}],"about":[{"href":"https:\/\/vaylafestival.com\/fi\/wp-json\/wp\/v2\/types\/page"}],"author":[{"embeddable":true,"href":"https:\/\/vaylafestival.com\/fi\/wp-json\/wp\/v2\/users\/1"}],"replies":[{"embeddable":true,"href":"https:\/\/vaylafestival.com\/fi\/wp-json\/wp\/v2\/comments?post=2208"}],"version-history":[{"count":19,"href":"https:\/\/vaylafestival.com\/fi\/wp-json\/wp\/v2\/pages\/2208\/revisions"}],"predecessor-version":[{"id":2430,"href":"https:\/\/vaylafestival.com\/fi\/wp-json\/wp\/v2\/pages\/2208\/revisions\/2430"}],"wp:attachment":[{"href":"https:\/\/vaylafestival.com\/fi\/wp-json\/wp\/v2\/media?parent=2208"}],"curies":[{"name":"wp","href":"https:\/\/api.w.org\/{rel}","templated":true}]}}