{"id":2221,"date":"2022-05-27T03:50:02","date_gmt":"2022-05-27T00:50:02","guid":{"rendered":"https:\/\/vaylafestival.com\/fi\/?page_id=2221"},"modified":"2022-07-22T16:15:34","modified_gmt":"2022-07-22T13:15:34","slug":"ohjelma-2022","status":"publish","type":"page","link":"https:\/\/vaylafestival.com\/fi\/ohjelma-2022\/","title":{"rendered":"OHJELMA 2022"},"content":{"rendered":"\n<p style=\"font-size:15px\"><em>Kellonajat maiden paikallista aikaa, huomaa tunnin aikaero Suomen ja Ruotsin v\u00e4lill\u00e4<\/em>.<\/p>\n\n\n\n<hr class=\"wp-block-separator is-style-wide\"\/>\n\n\n\n<div class=\"wp-block-columns is-layout-flex wp-container-core-columns-is-layout-9d6595d7 wp-block-columns-is-layout-flex\">\n<div class=\"wp-block-column is-layout-flow wp-block-column-is-layout-flow\" style=\"flex-basis:50%\">\n<p class=\"has-normal-font-size\"><strong>LA 16.7. Peaceful organ<\/strong><\/p>\n\n\n\n<p style=\"font-size:15px\">klo 18 \u00d6vertorne\u00e5n kirkko<br><em><strong>Gunnar Idenstam, urut<\/strong><\/em><br>Kolehti<\/p>\n\n\n\n<p style=\"font-size:15px\">Festivaalin avajaiskonsertissa soivat Ruotsin vanhimmat urut. 1600-luvulta per\u00e4isin olevan arvokkaan soittimen ottaa haltuunsa maailmakuulu urkuvirtuoosi Gunnar Idenstam. Ohjelmassa J.S. Bachin ja M. Praetoriuksen klassikkoteoksia sek\u00e4 improvisaatioita otsikolla &#8220;Peaceful organ&#8221;.<\/p>\n<\/div>\n\n\n\n<div class=\"wp-block-column is-layout-flow wp-block-column-is-layout-flow\" style=\"flex-basis:50%\">\n<figure class=\"wp-block-image size-large is-resized is-style-default\"><img loading=\"lazy\" decoding=\"async\" src=\"https:\/\/vaylafestival.com\/fi\/wp-content\/uploads\/2022\/05\/Gunnar_Idenstam_cr.Nils-Petter-Nilsson-square.jpg\" alt=\"\" class=\"wp-image-2223\" width=\"274\" height=\"276\" srcset=\"https:\/\/vaylafestival.com\/fi\/wp-content\/uploads\/2022\/05\/Gunnar_Idenstam_cr.Nils-Petter-Nilsson-square.jpg 230w, https:\/\/vaylafestival.com\/fi\/wp-content\/uploads\/2022\/05\/Gunnar_Idenstam_cr.Nils-Petter-Nilsson-square-150x150.jpg 150w\" sizes=\"auto, (max-width: 274px) 100vw, 274px\" \/><figcaption><em><sup>Gunnar Idenstam (kuva Nils Petter Nilsson)<\/sup><\/em><\/figcaption><\/figure>\n<\/div>\n<\/div>\n\n\n\n<hr class=\"wp-block-separator is-style-wide\"\/>\n\n\n\n<div class=\"wp-block-columns is-layout-flex wp-container-core-columns-is-layout-9d6595d7 wp-block-columns-is-layout-flex\">\n<div class=\"wp-block-column is-layout-flow wp-block-column-is-layout-flow\">\n<p><strong>SU 17.7. V\u00e4yl\u00e4festivaali-elokuva<\/strong><\/p>\n\n\n\n<p style=\"font-size:14px\">klo 12 ja 16 R\u00f6da Kvarn, \u00d6vertorne\u00e5<br><em><a href=\"https:\/\/billetto.fi\/users\/vaylafestivaali-ry\" target=\"_blank\" rel=\"noreferrer noopener\">Liput 5 euroa (lapset ilmaiseksi)<\/a><\/em><\/p>\n\n\n\n<p style=\"font-size:15px\">Kes\u00e4ll\u00e4 2020 Tornionlaaksossa taltioitu taidematka saattelee katsojan pohjoisen luonnon \u00e4\u00e4relle, ihmeellisille ja herkille tapahtumapaikoille. Artistit kolmesta maasta kertovat tarinan V\u00e4yl\u00e4st\u00e4, loputtoman rikkaasta taiteen synnytt\u00e4j\u00e4st\u00e4 ja kulttuurien kohtaamispaikasta. <\/p>\n<\/div>\n\n\n\n<div class=\"wp-block-column is-layout-flow wp-block-column-is-layout-flow\">\n<figure class=\"wp-block-image size-large\"><img loading=\"lazy\" decoding=\"async\" width=\"1024\" height=\"768\" src=\"https:\/\/vaylafestival.com\/fi\/wp-content\/uploads\/2022\/05\/Jaamerella-1024x768.jpeg\" alt=\"\" class=\"wp-image-2237\" srcset=\"https:\/\/vaylafestival.com\/fi\/wp-content\/uploads\/2022\/05\/Jaamerella-1024x768.jpeg 1024w, https:\/\/vaylafestival.com\/fi\/wp-content\/uploads\/2022\/05\/Jaamerella-300x225.jpeg 300w, https:\/\/vaylafestival.com\/fi\/wp-content\/uploads\/2022\/05\/Jaamerella-768x576.jpeg 768w, https:\/\/vaylafestival.com\/fi\/wp-content\/uploads\/2022\/05\/Jaamerella-1536x1152.jpeg 1536w, https:\/\/vaylafestival.com\/fi\/wp-content\/uploads\/2022\/05\/Jaamerella.jpeg 1600w\" sizes=\"auto, (max-width: 1024px) 100vw, 1024px\" \/><figcaption><em><sup>Kuvaukset J\u00e4\u00e4merell\u00e4<\/sup><\/em><\/figcaption><\/figure>\n<\/div>\n<\/div>\n\n\n\n<hr class=\"wp-block-separator is-style-wide\"\/>\n\n\n\n<div class=\"wp-block-columns is-layout-flex wp-container-core-columns-is-layout-9d6595d7 wp-block-columns-is-layout-flex\">\n<div class=\"wp-block-column is-layout-flow wp-block-column-is-layout-flow\" style=\"flex-basis:100%\">\n<div class=\"wp-block-columns is-layout-flex wp-container-core-columns-is-layout-9d6595d7 wp-block-columns-is-layout-flex\">\n<div class=\"wp-block-column is-layout-flow wp-block-column-is-layout-flow\" style=\"flex-basis:33.33%\">\n<figure class=\"wp-block-image is-resized\" id=\"block-65b316ea-f2eb-41c2-bc05-f55b84bd52c5\"><img loading=\"lazy\" decoding=\"async\" src=\"https:\/\/vaylafestival.com\/fi\/wp-content\/uploads\/2021\/06\/Yksittainen_3.jpg\" alt=\"This image has an empty alt attribute; its file name is Yksittainen_3.jpg\" width=\"80\" height=\"149\"\/><\/figure>\n<\/div>\n\n\n\n<div class=\"wp-block-column is-layout-flow wp-block-column-is-layout-flow\" style=\"flex-basis:66.66%\">\n<p id=\"block-5bdcc8df-6aab-4fd2-8022-b1de8c02d46a\" style=\"font-size:15px\"><strong>19.7.\u201317.8. V\u00e4yl\u00e4nvarren valokuvak\u00e4tk\u00f6t<\/strong><\/p>\n\n\n\n<p id=\"block-5ddb664a-1414-41f2-a7c2-db2d0848b9dc\" style=\"font-size:15px\">Jokivarren luontoon Tornion ja Kilpisj\u00e4rven v\u00e4lille levittyv\u00e4n valokuvan\u00e4yttelyn kartta julkaistaan 18.7. festivaalin tiedotuskanavissa.<\/p>\n<\/div>\n<\/div>\n\n\n\n<hr class=\"wp-block-separator is-style-wide\"\/>\n<\/div>\n<\/div>\n\n\n\n<div class=\"wp-block-columns is-layout-flex wp-container-core-columns-is-layout-9d6595d7 wp-block-columns-is-layout-flex\">\n<div class=\"wp-block-column is-layout-flow wp-block-column-is-layout-flow\">\n<p><strong>TI 19.7. Musiikin virta<\/strong><\/p>\n\n\n\n<p style=\"font-size:15px\">klo 18 Svansteinin kirkko<br><strong><em>Uusi Helsinki -kvartetti<\/em><\/strong><br><strong><em>Martin Andersson, klarinetti<\/em><\/strong><br>Kolehti<\/p>\n\n\n\n<p style=\"font-size:15px\">Pohjoismaiden menestyneimpiin kamariyhtyeisiin lukeutuva Uusi Helsinki -kvartetti juhlii 40-vuotista taivaltaan esiintyen V\u00e4yl\u00e4festivaalilla per\u00e4ti kolmessa konsertissa.  Svansteinin kirkon l\u00e4mpim\u00e4ss\u00e4 akustiikassa he esitt\u00e4v\u00e4t itselleen l\u00e4heisi\u00e4 teoksia Sibeliukselta ja Aulis Salliselta. Arktisen filharmonian klarinetisti Martin Andersson t\u00e4ydent\u00e4\u00e4 upeiden kamarimuusikoiden joukon. <\/p>\n<\/div>\n\n\n\n<div class=\"wp-block-column is-layout-flow wp-block-column-is-layout-flow\">\n<figure class=\"wp-block-image size-large\"><img loading=\"lazy\" decoding=\"async\" width=\"496\" height=\"435\" src=\"https:\/\/vaylafestival.com\/fi\/wp-content\/uploads\/2022\/05\/UHK_cr.Jukka-Harju-square.png\" alt=\"\" class=\"wp-image-2224\" srcset=\"https:\/\/vaylafestival.com\/fi\/wp-content\/uploads\/2022\/05\/UHK_cr.Jukka-Harju-square.png 496w, https:\/\/vaylafestival.com\/fi\/wp-content\/uploads\/2022\/05\/UHK_cr.Jukka-Harju-square-300x263.png 300w\" sizes=\"auto, (max-width: 496px) 100vw, 496px\" \/><figcaption><em><sup>Uusi Helsinki -kvartetti (kuva Jukka Harju)<\/sup><\/em><\/figcaption><\/figure>\n<\/div>\n<\/div>\n\n\n\n<hr class=\"wp-block-separator is-style-wide\"\/>\n\n\n\n<div class=\"wp-block-columns is-layout-flex wp-container-core-columns-is-layout-9d6595d7 wp-block-columns-is-layout-flex\">\n<div class=\"wp-block-column is-layout-flow wp-block-column-is-layout-flow\">\n<p id=\"block-af7c2fb1-f6a5-428c-8a68-a8c673bfe6a2\"><strong>KE 20.7. Meren kajo<\/strong><\/p>\n\n\n\n<p id=\"block-237932c1-08da-49a7-9940-8a45fa95dd3b\" style=\"font-size:15px\">klo 19 Pellon kirkko<br><strong><em>Uusi Helsinki -kvartetti<\/em><\/strong><br><strong><em>Martin Andersson, klarinetti<\/em><\/strong><br><a href=\"https:\/\/billetto.fi\/e\/meren-kajo-uusi-helsinki-kvartetti-martin-andersson-liput-646855\" data-type=\"URL\" data-id=\"https:\/\/billetto.fi\/e\/meren-kajo-uusi-helsinki-kvartetti-martin-andersson-liput-646855\" target=\"_blank\" rel=\"noreferrer noopener\">Ohjelma 20 euroa<\/a><\/p>\n\n\n\n<p style=\"font-size:15px\">Eurooppalaisen kamarimusiikin helmet Griegin jousikvartetto ja Brahmsin klarinettikvintetto t\u00e4ytt\u00e4v\u00e4t Pellon erinomaisen konserttikirkon. Pohjoinen karuus ja romanttinen intohimo luovat Griegin musiikkia kannattelevan j\u00e4nnitteen. Brahmsin viimeisimpiin teoksiin lukeutuva klarinettikvintetto etsii v\u00e4yl\u00e4\u00e4 ep\u00e4ilyksien s\u00e4vytt\u00e4mien tuntojen ilmaisemiseksi.<\/p>\n<\/div>\n\n\n\n<div class=\"wp-block-column is-layout-flow wp-block-column-is-layout-flow\">\n<figure class=\"wp-block-image size-large\"><img loading=\"lazy\" decoding=\"async\" width=\"512\" height=\"512\" src=\"https:\/\/vaylafestival.com\/fi\/wp-content\/uploads\/2022\/05\/Martin_Andersson_cr_Aggie-Peterson.png\" alt=\"\" class=\"wp-image-2225\" srcset=\"https:\/\/vaylafestival.com\/fi\/wp-content\/uploads\/2022\/05\/Martin_Andersson_cr_Aggie-Peterson.png 512w, https:\/\/vaylafestival.com\/fi\/wp-content\/uploads\/2022\/05\/Martin_Andersson_cr_Aggie-Peterson-300x300.png 300w, https:\/\/vaylafestival.com\/fi\/wp-content\/uploads\/2022\/05\/Martin_Andersson_cr_Aggie-Peterson-150x150.png 150w\" sizes=\"auto, (max-width: 512px) 100vw, 512px\" \/><figcaption><em><sup>Martin Andersson (kuva Aggie Peterson)<\/sup><\/em><\/figcaption><\/figure>\n<\/div>\n<\/div>\n\n\n\n<hr class=\"wp-block-separator is-style-wide\"\/>\n\n\n\n<div class=\"wp-block-columns is-layout-flex wp-container-core-columns-is-layout-9d6595d7 wp-block-columns-is-layout-flex\">\n<div class=\"wp-block-column is-layout-flow wp-block-column-is-layout-flow\">\n<p><strong>TO 21.7. Intiimej\u00e4 s\u00e4veli\u00e4<\/strong><\/p>\n\n\n\n<p style=\"font-size:15px\">klo 18 Muodoslompolon kirkko<br><em><strong>Uusi Helsinki -kvartetti<\/strong><\/em><br><a href=\"https:\/\/billetto.fi\/e\/intiimeja-savelia-uusi-helsinki-kvartetti-liput-646988\" data-type=\"URL\" data-id=\"https:\/\/billetto.fi\/e\/intiimeja-savelia-uusi-helsinki-kvartetti-liput-646988\" target=\"_blank\" rel=\"noreferrer noopener\">Liput 20\/18\/10 euroa<\/a><\/p>\n\n\n\n<p style=\"font-size:15px\">Muodoslompolon herk\u00e4nkaunis kirkko V\u00e4yl\u00e4nvarren luonnon syd\u00e4mess\u00e4 tarjoaa ainutlaatuiset puitteet kokea Jean Sibeliuksen jousikvartetto &#8220;Voces intimae&#8221; sek\u00e4 Aulis Sallisen syk\u00e4hdytt\u00e4v\u00e4 &#8220;Aspekteja Peltoniemen Hintriikin surumarssista&#8221;. Uusi Helsinki -kvartetti tuo maailmalla koetellut tulkintansa V\u00e4yl\u00e4festivaalin konserttiin, jota et halua j\u00e4tt\u00e4\u00e4 kokematta! <\/p>\n<\/div>\n\n\n\n<div class=\"wp-block-column is-layout-flow wp-block-column-is-layout-flow\">\n<figure class=\"wp-block-image size-large\"><img loading=\"lazy\" decoding=\"async\" width=\"1024\" height=\"626\" src=\"https:\/\/vaylafestival.com\/fi\/wp-content\/uploads\/2022\/05\/WhatsApp-Image-2022-05-27-at-11.46.36-1024x626.jpeg\" alt=\"\" class=\"wp-image-2249\" srcset=\"https:\/\/vaylafestival.com\/fi\/wp-content\/uploads\/2022\/05\/WhatsApp-Image-2022-05-27-at-11.46.36-1024x626.jpeg 1024w, https:\/\/vaylafestival.com\/fi\/wp-content\/uploads\/2022\/05\/WhatsApp-Image-2022-05-27-at-11.46.36-300x183.jpeg 300w, https:\/\/vaylafestival.com\/fi\/wp-content\/uploads\/2022\/05\/WhatsApp-Image-2022-05-27-at-11.46.36-768x469.jpeg 768w, https:\/\/vaylafestival.com\/fi\/wp-content\/uploads\/2022\/05\/WhatsApp-Image-2022-05-27-at-11.46.36.jpeg 1471w\" sizes=\"auto, (max-width: 1024px) 100vw, 1024px\" \/><figcaption><em><sup>Muodoslompolon kirkko<\/sup><\/em><\/figcaption><\/figure>\n<\/div>\n<\/div>\n\n\n\n<hr class=\"wp-block-separator is-style-wide\"\/>\n\n\n\n<div class=\"wp-block-columns is-layout-flex wp-container-core-columns-is-layout-9d6595d7 wp-block-columns-is-layout-flex\">\n<div class=\"wp-block-column is-layout-flow wp-block-column-is-layout-flow\">\n<p><strong>PE 22.7. Saari<\/strong><\/p>\n\n\n\n<p style=\"font-size:15px\">klo 18 Alatalon pirtti, K\u00e4tk\u00e4suvanto<br><em><strong>Kaisa Ristiluoma, harmonikka<\/strong><\/em><br><a href=\"https:\/\/billetto.fi\/e\/saari-kaisa-ristiluoma-liput-646990\" target=\"_blank\" rel=\"noreferrer noopener\">Liput 20\/18\/10 euroa<\/a><\/p>\n\n\n\n<p style=\"font-size:15px\">K\u00e4tk\u00e4suvannon historiallinen pirtti muuttuu luonnonkauniiksi Saareksi, jolla sulkea silm\u00e4ns\u00e4, hiljenty\u00e4 ja uppoutua omaan maailmaansa. Musiikissa kuuluu Kaisan rakkaus kansanmusiikkiin ja luontoon, joka on voimakkaasti l\u00e4sn\u00e4 my\u00f6s Antti Lindholmin maalailevassa \u00e4\u00e4nimaisemassa. Sari Lehtim\u00e4en henkisyytt\u00e4 ja l\u00e4sn\u00e4oloa huokuvien tekstien kantava ajatus on l\u00f6yt\u00e4\u00e4 onni jokaisesta hetkest\u00e4.<\/p>\n\n\n\n<p style=\"font-size:15px\">Paikkoja rajoitetusti, ennakkovaraus suositeltava.\u00a0Pirtti l\u00f6ytyy osoitteesta K\u00e4tk\u00e4j\u00e4rventie 55 (26 km Muonion keskustasta pohjoiseen kohti Kilpisj\u00e4rve\u00e4, oikealla tienviitassa lukee \u201dK\u00e4tk\u00e4j\u00e4rven yksityistie\u201d. Jatkakaa tiet\u00e4 n. 600 metri\u00e4 ja pirtti on oikealla puolella. Soittakaa Matildalle (050 338 2245), jos ette meinaa l\u00f6yt\u00e4\u00e4.<\/p>\n<\/div>\n\n\n\n<div class=\"wp-block-column is-layout-flow wp-block-column-is-layout-flow\">\n<figure class=\"wp-block-image size-large\"><img loading=\"lazy\" decoding=\"async\" width=\"556\" height=\"560\" src=\"https:\/\/vaylafestival.com\/fi\/wp-content\/uploads\/2022\/05\/Kaisa_Ristiluoma-square.png\" alt=\"\" class=\"wp-image-2226\" srcset=\"https:\/\/vaylafestival.com\/fi\/wp-content\/uploads\/2022\/05\/Kaisa_Ristiluoma-square.png 556w, https:\/\/vaylafestival.com\/fi\/wp-content\/uploads\/2022\/05\/Kaisa_Ristiluoma-square-298x300.png 298w, https:\/\/vaylafestival.com\/fi\/wp-content\/uploads\/2022\/05\/Kaisa_Ristiluoma-square-150x150.png 150w\" sizes=\"auto, (max-width: 556px) 100vw, 556px\" \/><figcaption><em><sup>Kaisa Ristiluoma (kuva Janne Airaksinen)<\/sup><\/em> <\/figcaption><\/figure>\n<\/div>\n<\/div>\n\n\n\n<hr class=\"wp-block-separator is-style-wide\"\/>\n\n\n\n<div class=\"wp-block-columns is-layout-flex wp-container-core-columns-is-layout-9d6595d7 wp-block-columns-is-layout-flex\">\n<div class=\"wp-block-column is-layout-flow wp-block-column-is-layout-flow\">\n<p><strong>LA 23.7. \u00c4\u00e4nen l\u00e4hteell\u00e4 \u2013 Jiena \u00e1lgu <\/strong><\/p>\n\n\n\n<p style=\"font-size:15px\">klo 18 Kilpisj\u00e4rven koulu <br><em><strong>Niko Valkeap\u00e4\u00e4, laulu<br>Miro Mantere, \u00e4\u00e4nitaiteilija<\/strong><\/em><br><a rel=\"noreferrer noopener\" href=\"https:\/\/billetto.fi\/e\/aanen-lahteella-jiena-algu-niko-valkeapaa-miro-mantere-liput-646994\" target=\"_blank\">Liput 25\/22\/12 euroa<\/a><br>Huom! Lipun hinta sis\u00e4lt\u00e4\u00e4 p\u00e4\u00e4syn elokuvan\u00e4yt\u00f6kseen klo 19<\/p>\n\n\n\n<p style=\"font-size:15px\">Niko Valkeap\u00e4\u00e4 on yksi pohjoiskalotin maineikkaimpia muusikoita. H\u00e4n on tullut tunnetuksi karismaattisista mutta el\u00e4m\u00e4nmy\u00f6nteisist\u00e4 lauluistaan. V\u00e4yl\u00e4festivaalilla h\u00e4n heitt\u00e4ytyy uuden \u00e4\u00e4relle kohdatessaan vision\u00e4\u00e4risen \u00e4\u00e4nitaiteilijan, Miro Manteren. <\/p>\n<\/div>\n\n\n\n<div class=\"wp-block-column is-layout-flow wp-block-column-is-layout-flow\">\n<figure class=\"wp-block-image size-large\"><img loading=\"lazy\" decoding=\"async\" width=\"698\" height=\"542\" src=\"https:\/\/vaylafestival.com\/fi\/wp-content\/uploads\/2022\/07\/Niko_Miro_nettiin.png\" alt=\"\" class=\"wp-image-2420\" srcset=\"https:\/\/vaylafestival.com\/fi\/wp-content\/uploads\/2022\/07\/Niko_Miro_nettiin.png 698w, https:\/\/vaylafestival.com\/fi\/wp-content\/uploads\/2022\/07\/Niko_Miro_nettiin-300x233.png 300w\" sizes=\"auto, (max-width: 698px) 100vw, 698px\" \/><figcaption><em><sup>Niko Valkeap\u00e4\u00e4 (kuva J. Naglestad) &amp; Miro Mantere (kuva Janne-Pekka Manninen)<\/sup><\/em><\/figcaption><\/figure>\n\n\n\n<p><\/p>\n<\/div>\n<\/div>\n\n\n\n<hr class=\"wp-block-separator is-style-wide\"\/>\n\n\n\n<div class=\"wp-block-columns is-layout-flex wp-container-core-columns-is-layout-9d6595d7 wp-block-columns-is-layout-flex\">\n<div class=\"wp-block-column is-layout-flow wp-block-column-is-layout-flow\">\n<p><strong>LA 23.7. V\u00e4yl\u00e4festivaali-elokuva<\/strong><\/p>\n\n\n\n<p style=\"font-size:15px\">klo 19.15 Kilpisj\u00e4rven koulu<br><em><a rel=\"noreferrer noopener\" href=\"https:\/\/billetto.fi\/e\/vaylafestivaali-elokuva-naytos-3-liput-646997\" data-type=\"URL\" data-id=\"https:\/\/billetto.fi\/e\/vaylafestivaali-elokuva-naytos-3-liput-646997\" target=\"_blank\">Liput 5 euro (lapset ilmaiseksi)<\/a><br>Huom! Illan konserttilippu sis\u00e4lt\u00e4\u00e4 my\u00f6s p\u00e4\u00e4syn elokuvan\u00e4yt\u00f6kseen.<\/em><\/p>\n\n\n\n<p style=\"font-size:15px\">Kes\u00e4ll\u00e4 2020 Tornionlaaksossa taltioitu taidematka saattelee katsojan pohjoisen luonnon \u00e4\u00e4relle, ihmeellisille ja herkille tapahtumapaikoille. Artistit kolmesta maasta kertovat tarinan V\u00e4yl\u00e4st\u00e4, loputtoman rikkaasta taiteen synnytt\u00e4j\u00e4st\u00e4 ja kulttuurien kohtaamispaikasta.<\/p>\n<\/div>\n\n\n\n<div class=\"wp-block-column is-layout-flow wp-block-column-is-layout-flow\">\n<figure class=\"wp-block-image size-large\"><img loading=\"lazy\" decoding=\"async\" width=\"1024\" height=\"768\" src=\"https:\/\/vaylafestival.com\/fi\/wp-content\/uploads\/2022\/07\/Scene_trio-1024x768.jpeg\" alt=\"\" class=\"wp-image-2423\" srcset=\"https:\/\/vaylafestival.com\/fi\/wp-content\/uploads\/2022\/07\/Scene_trio-1024x768.jpeg 1024w, https:\/\/vaylafestival.com\/fi\/wp-content\/uploads\/2022\/07\/Scene_trio-300x225.jpeg 300w, https:\/\/vaylafestival.com\/fi\/wp-content\/uploads\/2022\/07\/Scene_trio-768x576.jpeg 768w, https:\/\/vaylafestival.com\/fi\/wp-content\/uploads\/2022\/07\/Scene_trio-1536x1152.jpeg 1536w, https:\/\/vaylafestival.com\/fi\/wp-content\/uploads\/2022\/07\/Scene_trio.jpeg 1600w\" sizes=\"auto, (max-width: 1024px) 100vw, 1024px\" \/><figcaption><em><sup>Kuvaukset Luppiobergetill\u00e4<\/sup><\/em><\/figcaption><\/figure>\n<\/div>\n<\/div>\n\n\n\n<hr class=\"wp-block-separator is-style-wide\"\/>\n\n\n\n<div class=\"wp-block-columns is-layout-flex wp-container-core-columns-is-layout-9d6595d7 wp-block-columns-is-layout-flex\">\n<div class=\"wp-block-column is-layout-flow wp-block-column-is-layout-flow\">\n<p><strong>SU 24.7. Minun tarinani<\/strong><\/p>\n\n\n\n<p style=\"font-size:15px\">klo 12\u201316 Kilpisj\u00e4rvi <br><strong><em>Simon Iss\u00e1t Marainen, joiku ja runo<\/em><\/strong><br><a rel=\"noreferrer noopener\" href=\"https:\/\/billetto.fi\/e\/minun-tarinani-simon-issat-marainen-liput-647001\" data-type=\"URL\" data-id=\"https:\/\/billetto.fi\/e\/minun-tarinani-simon-issat-marainen-liput-647001\" target=\"_blank\">Liput: Aikuinen 30 euroa \/ lapsi 15 euroa (sis. keitto ja kahvi)<\/a><\/p>\n\n\n\n<p style=\"font-size:15px\">Mestarijoikaaja ja my\u00f6s runoin itse\u00e4\u00e4n ilmaiseva Simon Iss\u00e1t Marainen palaa V\u00e4yl\u00e4festivaalille. H\u00e4n viett\u00e4\u00e4 iltap\u00e4iv\u00e4n yleis\u00f6n kanssa Kilpisj\u00e4rven henke\u00e4salpaavan luonnon keskell\u00e4 joikuen, kertoen tarinaansa ja valottaen taiteensa juuria saamelaisen el\u00e4m\u00e4n virrassa.<\/p>\n\n\n\n<p style=\"font-size:15px\">Retki k\u00e4ynnistyy tauron, Kilpisj\u00e4rven siioista keitetyn rantakalan \u00e4\u00e4rell\u00e4 klo 11.30 alkaen Tornensiksen porotilan kammissa. Parkkeeraus Salmivaaran parkkipaikalla, josta opasteet. <\/p>\n\n\n\n<p style=\"font-size:15px\">Paikkoja rajoitetusti, ennakkovaraus suositeltava.&nbsp;<\/p>\n<\/div>\n\n\n\n<div class=\"wp-block-column is-layout-flow wp-block-column-is-layout-flow\">\n<figure class=\"wp-block-image size-large is-resized\"><img loading=\"lazy\" decoding=\"async\" src=\"https:\/\/vaylafestival.com\/fi\/wp-content\/uploads\/2022\/05\/Simon-Issat-Marainen_cr.-Max-Zackrisson-square.png\" alt=\"\" class=\"wp-image-2230\" width=\"274\" height=\"274\" srcset=\"https:\/\/vaylafestival.com\/fi\/wp-content\/uploads\/2022\/05\/Simon-Issat-Marainen_cr.-Max-Zackrisson-square.png 200w, https:\/\/vaylafestival.com\/fi\/wp-content\/uploads\/2022\/05\/Simon-Issat-Marainen_cr.-Max-Zackrisson-square-150x150.png 150w\" sizes=\"auto, (max-width: 274px) 100vw, 274px\" \/><figcaption><em><sup>Simon Iss\u00e1t Marainen (kuva Max Zackrisson)<\/sup><\/em><\/figcaption><\/figure>\n<\/div>\n<\/div>\n\n\n\n<hr class=\"wp-block-separator is-style-wide\"\/>\n\n\n\n<p style=\"font-size:15px\"><em>Oikeudet muutoksiin pid\u00e4tet\u00e4\u00e4n<\/em>.<\/p>\n","protected":false},"excerpt":{"rendered":"<p>Kellonajat maiden paikallista aikaa, huomaa tunnin aikaero Suomen ja Ruotsin v\u00e4lill\u00e4. LA 16.7. Peaceful organ klo 18 \u00d6vertorne\u00e5n kirkkoGunnar Idenstam, urutKolehti Festivaalin avajaiskonsertissa soivat Ruotsin&#8230;<\/p>\n","protected":false},"author":1,"featured_media":0,"parent":0,"menu_order":0,"comment_status":"closed","ping_status":"closed","template":"","meta":{"footnotes":""},"class_list":["post-2221","page","type-page","status-publish","hentry"],"_links":{"self":[{"href":"https:\/\/vaylafestival.com\/fi\/wp-json\/wp\/v2\/pages\/2221","targetHints":{"allow":["GET"]}}],"collection":[{"href":"https:\/\/vaylafestival.com\/fi\/wp-json\/wp\/v2\/pages"}],"about":[{"href":"https:\/\/vaylafestival.com\/fi\/wp-json\/wp\/v2\/types\/page"}],"author":[{"embeddable":true,"href":"https:\/\/vaylafestival.com\/fi\/wp-json\/wp\/v2\/users\/1"}],"replies":[{"embeddable":true,"href":"https:\/\/vaylafestival.com\/fi\/wp-json\/wp\/v2\/comments?post=2221"}],"version-history":[{"count":62,"href":"https:\/\/vaylafestival.com\/fi\/wp-json\/wp\/v2\/pages\/2221\/revisions"}],"predecessor-version":[{"id":2481,"href":"https:\/\/vaylafestival.com\/fi\/wp-json\/wp\/v2\/pages\/2221\/revisions\/2481"}],"wp:attachment":[{"href":"https:\/\/vaylafestival.com\/fi\/wp-json\/wp\/v2\/media?parent=2221"}],"curies":[{"name":"wp","href":"https:\/\/api.w.org\/{rel}","templated":true}]}}