{"id":2275,"date":"2022-05-28T17:20:27","date_gmt":"2022-05-28T14:20:27","guid":{"rendered":"https:\/\/vaylafestival.com\/fi\/?page_id=2275"},"modified":"2022-07-08T19:35:47","modified_gmt":"2022-07-08T16:35:47","slug":"program-22","status":"publish","type":"page","link":"https:\/\/vaylafestival.com\/fi\/program-22\/","title":{"rendered":"PROGRAM \u00b422"},"content":{"rendered":"\n<p>The times are local times of Finland and Sweden, note the one-hour time-difference between the two countries.<\/p>\n\n\n\n<hr class=\"wp-block-separator is-style-wide\"\/>\n\n\n\n<div class=\"wp-block-columns is-layout-flex wp-container-core-columns-is-layout-9d6595d7 wp-block-columns-is-layout-flex\">\n<div class=\"wp-block-column is-layout-flow wp-block-column-is-layout-flow\" style=\"flex-basis:50%\">\n<p class=\"has-normal-font-size\"><strong>Sat 16 July <\/strong><br><strong>Peaceful Organ<\/strong><\/p>\n\n\n\n<p style=\"font-size:15px\">6 pm, \u00d6vertorne\u00e5 Church<br><em><strong>Gunnar Idenstam, organ<\/strong><\/em><br>Offertory<\/p>\n\n\n\n<p style=\"font-size:15px\">Performance on the oldest organ in Sweden opens this year&#8217;s festival. The 17th century instrument serves as the vehicle for the world-renowned virtuoso Gunnar Idenstam in performances of beloved works by J.S. Bach and M. Praetorius, as well as improvisations titled &#8220;Peaceful Organ&#8221;.<\/p>\n<\/div>\n\n\n\n<div class=\"wp-block-column is-layout-flow wp-block-column-is-layout-flow\" style=\"flex-basis:50%\">\n<figure class=\"wp-block-image size-large is-resized is-style-default\"><img loading=\"lazy\" decoding=\"async\" src=\"https:\/\/vaylafestival.com\/fi\/wp-content\/uploads\/2022\/05\/Gunnar_Idenstam_cr.Nils-Petter-Nilsson-square.jpg\" alt=\"\" class=\"wp-image-2223\" width=\"274\" height=\"276\" srcset=\"https:\/\/vaylafestival.com\/fi\/wp-content\/uploads\/2022\/05\/Gunnar_Idenstam_cr.Nils-Petter-Nilsson-square.jpg 230w, https:\/\/vaylafestival.com\/fi\/wp-content\/uploads\/2022\/05\/Gunnar_Idenstam_cr.Nils-Petter-Nilsson-square-150x150.jpg 150w\" sizes=\"auto, (max-width: 274px) 100vw, 274px\" \/><figcaption><em><sup>Gunnar Idenstam (photo Nils Petter Nilsson)<\/sup><\/em><\/figcaption><\/figure>\n<\/div>\n<\/div>\n\n\n\n<hr class=\"wp-block-separator is-style-wide\"\/>\n\n\n\n<div class=\"wp-block-columns is-layout-flex wp-container-core-columns-is-layout-9d6595d7 wp-block-columns-is-layout-flex\">\n<div class=\"wp-block-column is-layout-flow wp-block-column-is-layout-flow\">\n<p><strong>Sun 17 July <\/strong><br><strong>V\u00e4yl\u00e4festivaali movie<\/strong><\/p>\n\n\n\n<p style=\"font-size:15px\">12 noon &amp; 4 pm, R\u00f6da Kvarn, \u00d6vertorne\u00e5 Center<br><em><a href=\"https:\/\/billetto.fi\/users\/vaylafestivaali-ry\" data-type=\"URL\" data-id=\"https:\/\/billetto.fi\/users\/vaylafestivaali-ry\" target=\"_blank\" rel=\"noreferrer noopener\">Tickets 5 euros (children for free)<\/a><\/em><\/p>\n\n\n\n<p style=\"font-size:15px\">Filmed in summer 2020 in The Torne River Valley, this arts voyage transports the viewers into the heart of the nordic nature and to spectacular natural scenes. Artists from three countries tell a story of the &#8220;V\u00e4yl\u00e4&#8221;, a river and a path, that has given birth to an abundance of art and that now hosts a cultural summit on its shores.<\/p>\n<\/div>\n\n\n\n<div class=\"wp-block-column is-layout-flow wp-block-column-is-layout-flow\">\n<figure class=\"wp-block-image size-large\"><img loading=\"lazy\" decoding=\"async\" width=\"1024\" height=\"768\" src=\"https:\/\/vaylafestival.com\/fi\/wp-content\/uploads\/2022\/05\/Jaamerella-1024x768.jpeg\" alt=\"\" class=\"wp-image-2237\" srcset=\"https:\/\/vaylafestival.com\/fi\/wp-content\/uploads\/2022\/05\/Jaamerella-1024x768.jpeg 1024w, https:\/\/vaylafestival.com\/fi\/wp-content\/uploads\/2022\/05\/Jaamerella-300x225.jpeg 300w, https:\/\/vaylafestival.com\/fi\/wp-content\/uploads\/2022\/05\/Jaamerella-768x576.jpeg 768w, https:\/\/vaylafestival.com\/fi\/wp-content\/uploads\/2022\/05\/Jaamerella-1536x1152.jpeg 1536w, https:\/\/vaylafestival.com\/fi\/wp-content\/uploads\/2022\/05\/Jaamerella.jpeg 1600w\" sizes=\"auto, (max-width: 1024px) 100vw, 1024px\" \/><figcaption><em><sup>Filming by the Arctic Ocean<\/sup><\/em><\/figcaption><\/figure>\n<\/div>\n<\/div>\n\n\n\n<hr class=\"wp-block-separator is-style-wide\"\/>\n\n\n\n<div class=\"wp-block-columns is-layout-flex wp-container-core-columns-is-layout-9d6595d7 wp-block-columns-is-layout-flex\">\n<div class=\"wp-block-column is-layout-flow wp-block-column-is-layout-flow\">\n<p><strong>Tue 19 July <\/strong><br><strong>Currents of Music<\/strong><\/p>\n\n\n\n<p style=\"font-size:15px\">6 pm, Svanstein Church<br><strong><em>New Helsinki Quartet<\/em><\/strong><br><strong><em>Martin Andersson, clarinet<\/em><\/strong><br>Offertory<\/p>\n\n\n\n<p style=\"font-size:15px\">New Helsinki -string quartet, one of Scandinavia&#8217;s most acclaimed chamber ensembles, currently celebrates their 40th anniversary and performs three concerts at the V\u00e4yl\u00e4festival. The sonorous acoustics of the Svanstein Church feature the quartet performing some their favourite works from Jean Sibelius and Aulis Sallinen. Martin Andersson, clarinetist of the Arctic Philharmonic Orchestra, joins the outstanding roster of chamber musicians. <\/p>\n<\/div>\n\n\n\n<div class=\"wp-block-column is-layout-flow wp-block-column-is-layout-flow\">\n<figure class=\"wp-block-image size-large\"><img loading=\"lazy\" decoding=\"async\" width=\"496\" height=\"435\" src=\"https:\/\/vaylafestival.com\/fi\/wp-content\/uploads\/2022\/05\/UHK_cr.Jukka-Harju-square.png\" alt=\"\" class=\"wp-image-2224\" srcset=\"https:\/\/vaylafestival.com\/fi\/wp-content\/uploads\/2022\/05\/UHK_cr.Jukka-Harju-square.png 496w, https:\/\/vaylafestival.com\/fi\/wp-content\/uploads\/2022\/05\/UHK_cr.Jukka-Harju-square-300x263.png 300w\" sizes=\"auto, (max-width: 496px) 100vw, 496px\" \/><figcaption><em><sup>Uusi Helsinki -kvartetti (photo Jukka Harju)<\/sup><\/em><\/figcaption><\/figure>\n<\/div>\n<\/div>\n\n\n\n<hr class=\"wp-block-separator is-style-wide\"\/>\n\n\n\n<div class=\"wp-block-columns is-layout-flex wp-container-core-columns-is-layout-9d6595d7 wp-block-columns-is-layout-flex\">\n<div class=\"wp-block-column is-layout-flow wp-block-column-is-layout-flow\">\n<p id=\"block-af7c2fb1-f6a5-428c-8a68-a8c673bfe6a2\"><strong>Wed 20 July <\/strong><br><strong>Glimmering Sea<\/strong><\/p>\n\n\n\n<p id=\"block-237932c1-08da-49a7-9940-8a45fa95dd3b\" style=\"font-size:15px\">7 pm, Pello Church<br><strong><em><strong><em>New Helsinki Quartet<\/em><\/strong><br><strong><em>Martin Andersson, clarinet<\/em><\/strong><\/em><\/strong><br><a href=\"https:\/\/billetto.fi\/e\/meren-kajo-uusi-helsinki-kvartetti-martin-andersson-liput-646855\" data-type=\"URL\" data-id=\"https:\/\/billetto.fi\/e\/meren-kajo-uusi-helsinki-kvartetti-martin-andersson-liput-646855\" target=\"_blank\" rel=\"noreferrer noopener\">Program 20 euros<\/a><\/p>\n\n\n\n<p style=\"font-size:15px\">Grieg&#8217;s String Quartet and Brahms&#8217;s Clarinet Quintet are two gems of European Romanticism. Nordic starkness and romantic passion substantiate the creative tension of Grieg&#8217;s music. Emerging from his late period, Brahms&#8217;s Clarinet Quintet searches paths to express sentiments spanning from pensiveness to nostalgia. <\/p>\n<\/div>\n\n\n\n<div class=\"wp-block-column is-layout-flow wp-block-column-is-layout-flow\">\n<figure class=\"wp-block-image size-large\"><img loading=\"lazy\" decoding=\"async\" width=\"512\" height=\"512\" src=\"https:\/\/vaylafestival.com\/fi\/wp-content\/uploads\/2022\/05\/Martin_Andersson_cr_Aggie-Peterson.png\" alt=\"\" class=\"wp-image-2225\" srcset=\"https:\/\/vaylafestival.com\/fi\/wp-content\/uploads\/2022\/05\/Martin_Andersson_cr_Aggie-Peterson.png 512w, https:\/\/vaylafestival.com\/fi\/wp-content\/uploads\/2022\/05\/Martin_Andersson_cr_Aggie-Peterson-300x300.png 300w, https:\/\/vaylafestival.com\/fi\/wp-content\/uploads\/2022\/05\/Martin_Andersson_cr_Aggie-Peterson-150x150.png 150w\" sizes=\"auto, (max-width: 512px) 100vw, 512px\" \/><figcaption><em><sup>Martin Andersson (photo Aggie Peterson)<\/sup><\/em><\/figcaption><\/figure>\n<\/div>\n<\/div>\n\n\n\n<hr class=\"wp-block-separator is-style-wide\"\/>\n\n\n\n<div class=\"wp-block-columns is-layout-flex wp-container-core-columns-is-layout-9d6595d7 wp-block-columns-is-layout-flex\">\n<div class=\"wp-block-column is-layout-flow wp-block-column-is-layout-flow\">\n<p><strong>Thu 21 July <\/strong><br><strong>Voces Intimae<\/strong><\/p>\n\n\n\n<p style=\"font-size:15px\">6 pm, Muodoslompolo Church<br><em><strong><strong><em><strong><em>New Helsinki Quartet<\/em><\/strong><\/em><\/strong><\/strong><\/em><br><a href=\"https:\/\/billetto.fi\/e\/intiimeja-savelia-uusi-helsinki-kvartetti-liput-646988\" data-type=\"URL\" data-id=\"https:\/\/billetto.fi\/e\/intiimeja-savelia-uusi-helsinki-kvartetti-liput-646988\" target=\"_blank\" rel=\"noreferrer noopener\">Tickets 20\/18\/10 euros<\/a><\/p>\n\n\n\n<p style=\"font-size:15px\">Muodoslompolo Church is a delicate Lord&#8217;s room standing in the immediate vicinity of the river. It provides an ideal surrounding to experience the String Quartet &#8220;Voces Intimae&#8221; by Jean Sibelius and &#8220;Aspects of Peltoniemi Hintrik&#8217;s Funeral March&#8221; by Aulis Sallinen. New Helsinki String Quartet, having performed on the world&#8217;s most famous stages, offers these works at their V\u00e4yl\u00e4festival concert which is not to be missed!<\/p>\n<\/div>\n\n\n\n<div class=\"wp-block-column is-layout-flow wp-block-column-is-layout-flow\">\n<figure class=\"wp-block-image size-large\"><img loading=\"lazy\" decoding=\"async\" width=\"1024\" height=\"626\" src=\"https:\/\/vaylafestival.com\/fi\/wp-content\/uploads\/2022\/05\/WhatsApp-Image-2022-05-27-at-11.46.36-1024x626.jpeg\" alt=\"\" class=\"wp-image-2249\" srcset=\"https:\/\/vaylafestival.com\/fi\/wp-content\/uploads\/2022\/05\/WhatsApp-Image-2022-05-27-at-11.46.36-1024x626.jpeg 1024w, https:\/\/vaylafestival.com\/fi\/wp-content\/uploads\/2022\/05\/WhatsApp-Image-2022-05-27-at-11.46.36-300x183.jpeg 300w, https:\/\/vaylafestival.com\/fi\/wp-content\/uploads\/2022\/05\/WhatsApp-Image-2022-05-27-at-11.46.36-768x469.jpeg 768w, https:\/\/vaylafestival.com\/fi\/wp-content\/uploads\/2022\/05\/WhatsApp-Image-2022-05-27-at-11.46.36.jpeg 1471w\" sizes=\"auto, (max-width: 1024px) 100vw, 1024px\" \/><figcaption><em><sup>Muodoslompolo Church<\/sup><\/em><\/figcaption><\/figure>\n<\/div>\n<\/div>\n\n\n\n<hr class=\"wp-block-separator is-style-wide\"\/>\n\n\n\n<div class=\"wp-block-columns is-layout-flex wp-container-core-columns-is-layout-9d6595d7 wp-block-columns-is-layout-flex\">\n<div class=\"wp-block-column is-layout-flow wp-block-column-is-layout-flow\">\n<p><strong>Fri 22 July <\/strong><br><strong>The Island<\/strong><\/p>\n\n\n\n<p style=\"font-size:15px\">6 pm, Alatalo House, K\u00e4tk\u00e4suvanto, Muonio<br><em><strong>Kaisa Ristiluom<\/strong><\/em><strong><em>a, accordion<\/em><\/strong><br><a href=\"https:\/\/billetto.fi\/e\/saari-kaisa-ristiluoma-liput-646990\" data-type=\"URL\" data-id=\"https:\/\/billetto.fi\/e\/saari-kaisa-ristiluoma-liput-646990\" target=\"_blank\" rel=\"noreferrer noopener\">Tickets 20\/18\/10 euros<\/a><\/p>\n\n\n\n<p style=\"font-size:15px\">The historic Alatalo House transforms into a scenic island, where the listener can close one\u2019s eyes, quiet down, and be immersed in one\u2019s own world. Kaisa Ristiluoma\u2019s love for folk music and nature is heard through the music. Nature is also powerfully present in Antti Lindholm\u2019s painterly soundscape. Sari Lehtim\u00e4ki\u2019s text is filled with spirituality and presence, a central thought being that of finding happiness in every moment.<\/p>\n<\/div>\n\n\n\n<div class=\"wp-block-column is-layout-flow wp-block-column-is-layout-flow\">\n<figure class=\"wp-block-image size-large\"><img loading=\"lazy\" decoding=\"async\" width=\"556\" height=\"560\" src=\"https:\/\/vaylafestival.com\/fi\/wp-content\/uploads\/2022\/05\/Kaisa_Ristiluoma-square.png\" alt=\"\" class=\"wp-image-2226\" srcset=\"https:\/\/vaylafestival.com\/fi\/wp-content\/uploads\/2022\/05\/Kaisa_Ristiluoma-square.png 556w, https:\/\/vaylafestival.com\/fi\/wp-content\/uploads\/2022\/05\/Kaisa_Ristiluoma-square-298x300.png 298w, https:\/\/vaylafestival.com\/fi\/wp-content\/uploads\/2022\/05\/Kaisa_Ristiluoma-square-150x150.png 150w\" sizes=\"auto, (max-width: 556px) 100vw, 556px\" \/><figcaption><em><sup>Kaisa Ristiluoma<\/sup><\/em><\/figcaption><\/figure>\n<\/div>\n<\/div>\n\n\n\n<hr class=\"wp-block-separator is-style-wide\"\/>\n\n\n\n<div class=\"wp-block-columns is-layout-flex wp-container-core-columns-is-layout-9d6595d7 wp-block-columns-is-layout-flex\">\n<div class=\"wp-block-column is-layout-flow wp-block-column-is-layout-flow\">\n<p><strong>Sat 23 July <\/strong><br><strong><strong>Spring of Voice \u2013 Jiena \u00e1lgu<\/strong><\/strong><\/p>\n\n\n\n<p style=\"font-size:15px\">6 pm, Kilpisj\u00e4rvi School <br><em><strong>Niko Valkeap\u00e4\u00e4, song<br>Miro Mantere, voice mixing<\/strong><\/em><br><a rel=\"noreferrer noopener\" href=\"https:\/\/billetto.fi\/e\/aanen-lahteella-jiena-algu-niko-valkeapaa-miro-mantere-liput-646994\" target=\"_blank\">Tickets 25\/22\/12 euros<\/a><br>Movie only, 5 euros<\/p>\n\n\n\n<p style=\"font-size:15px\">Charismatic but benevolent songs have made Niko Valkep\u00e4\u00e4 one of the most sought-after musicians of the Northern Polar Cap. At this year&#8217;s V\u00e4yl\u00e4festival he embarks on a new path as he encounters the visionary voice mixer Miro Mantere. <\/p>\n\n\n\n<p style=\"font-size:15px\">7:15 pm, Kilpisj\u00e4rvi School<br><strong>V\u00e4yl\u00e4festivaali movie<\/strong><\/p>\n\n\n\n<p style=\"font-size:15px\">Filmed in summer 2020 in The Torne River Valley, this arts voyage transports the viewers into the heart of the nordic nature and to spectacular natural scenes. Artists from three countries tell a story of the &#8220;V\u00e4yl\u00e4&#8221;, a river and a path, that has given birth to an abundance of art and that now hosts a cultural summit on its shores.<\/p>\n<\/div>\n\n\n\n<div class=\"wp-block-column is-layout-flow wp-block-column-is-layout-flow\">\n<figure class=\"wp-block-image size-large\"><img loading=\"lazy\" decoding=\"async\" width=\"1024\" height=\"1024\" src=\"https:\/\/vaylafestival.com\/fi\/wp-content\/uploads\/2018\/08\/IMG-20180702-WA0032-002-1024x1024.jpg\" alt=\"\" class=\"wp-image-1552\" srcset=\"https:\/\/vaylafestival.com\/fi\/wp-content\/uploads\/2018\/08\/IMG-20180702-WA0032-002-1024x1024.jpg 1024w, https:\/\/vaylafestival.com\/fi\/wp-content\/uploads\/2018\/08\/IMG-20180702-WA0032-002-150x150.jpg 150w, https:\/\/vaylafestival.com\/fi\/wp-content\/uploads\/2018\/08\/IMG-20180702-WA0032-002-300x300.jpg 300w, https:\/\/vaylafestival.com\/fi\/wp-content\/uploads\/2018\/08\/IMG-20180702-WA0032-002-768x768.jpg 768w, https:\/\/vaylafestival.com\/fi\/wp-content\/uploads\/2018\/08\/IMG-20180702-WA0032-002.jpg 1600w\" sizes=\"auto, (max-width: 1024px) 100vw, 1024px\" \/><figcaption><em><sup>2018 V\u00e4yl\u00e4festival at Kilpisj\u00e4rvi<\/sup><\/em><\/figcaption><\/figure>\n<\/div>\n<\/div>\n\n\n\n<hr class=\"wp-block-separator is-style-wide\"\/>\n\n\n\n<div class=\"wp-block-columns is-layout-flex wp-container-core-columns-is-layout-9d6595d7 wp-block-columns-is-layout-flex\">\n<div class=\"wp-block-column is-layout-flow wp-block-column-is-layout-flow\">\n<p><strong>Sun 24 July <\/strong><br><strong>My Stories<\/strong><\/p>\n\n\n\n<p style=\"font-size:15px\">12\u20134 pm, Kilpisj\u00e4rvi<br><strong><em>Simon Iss\u00e1t Marainen, jojk and poems<\/em><\/strong><br><a href=\"https:\/\/billetto.fi\/e\/minun-tarinani-simon-issat-marainen-liput-647001\" data-type=\"URL\" data-id=\"https:\/\/billetto.fi\/e\/minun-tarinani-simon-issat-marainen-liput-647001\" target=\"_blank\" rel=\"noreferrer noopener\">Tickets 30 euros adults \/ 15 euros children (includes soup lunch and coffee)<\/a><\/p>\n\n\n\n<p style=\"font-size:15px\">The master joikare and poet Simon Iss\u00e1t Marainen returns to the V\u00e4yl\u00e4festival. He spends an afternoon together with the audience in the middle of the breathtakingly gorgeous nature of Kilpisj\u00e4rvi. Marainen tells his story, performs joiks, and sheds light into the roots of his art in the flow of the Sami everyday life. <\/p>\n<\/div>\n\n\n\n<div class=\"wp-block-column is-layout-flow wp-block-column-is-layout-flow\">\n<figure class=\"wp-block-image size-large is-resized\"><img loading=\"lazy\" decoding=\"async\" src=\"https:\/\/vaylafestival.com\/fi\/wp-content\/uploads\/2022\/05\/Simon-Issat-Marainen_cr.-Max-Zackrisson-square.png\" alt=\"\" class=\"wp-image-2230\" width=\"274\" height=\"274\" srcset=\"https:\/\/vaylafestival.com\/fi\/wp-content\/uploads\/2022\/05\/Simon-Issat-Marainen_cr.-Max-Zackrisson-square.png 200w, https:\/\/vaylafestival.com\/fi\/wp-content\/uploads\/2022\/05\/Simon-Issat-Marainen_cr.-Max-Zackrisson-square-150x150.png 150w\" sizes=\"auto, (max-width: 274px) 100vw, 274px\" \/><figcaption><em><sup>Simon Iss\u00e1t Marainen (photo Max Zackrisson)<\/sup><\/em><\/figcaption><\/figure>\n<\/div>\n<\/div>\n\n\n\n<hr class=\"wp-block-separator is-style-wide\"\/>\n\n\n\n<div class=\"wp-block-columns is-layout-flex wp-container-core-columns-is-layout-9d6595d7 wp-block-columns-is-layout-flex\">\n<div class=\"wp-block-column is-layout-flow wp-block-column-is-layout-flow\" style=\"flex-basis:33.33%\">\n<figure class=\"wp-block-image size-large is-resized\"><img loading=\"lazy\" decoding=\"async\" src=\"https:\/\/vaylafestival.com\/fi\/wp-content\/uploads\/2021\/06\/Yksittainen_3.jpg\" alt=\"\" class=\"wp-image-1976\" width=\"100\" height=\"186\" srcset=\"https:\/\/vaylafestival.com\/fi\/wp-content\/uploads\/2021\/06\/Yksittainen_3.jpg 177w, https:\/\/vaylafestival.com\/fi\/wp-content\/uploads\/2021\/06\/Yksittainen_3-161x300.jpg 161w\" sizes=\"auto, (max-width: 100px) 100vw, 100px\" \/><\/figure>\n<\/div>\n\n\n\n<div class=\"wp-block-column is-layout-flow wp-block-column-is-layout-flow\" style=\"flex-basis:66.66%\">\n<p><strong>19 July \u2013 17 August<\/strong><br><strong>Photograph-caches on the Torne River<\/strong><\/p>\n\n\n\n<p style=\"font-size:15px\">Photograph-caches feature the work of professional photography artists currently active in the Torne River Valley. A map leading to the caches will be released on July 18th on the festival website and in Facebook. The photographs will be present at the given locations until August 17th.<\/p>\n<\/div>\n<\/div>\n\n\n\n<hr class=\"wp-block-separator is-style-wide\"\/>\n\n\n\n<p style=\"font-size:15px\"><\/p>\n","protected":false},"excerpt":{"rendered":"<p>The times are local times of Finland and Sweden, note the one-hour time-difference between the two countries. Sat 16 July Peaceful Organ 6 pm, \u00d6vertorne\u00e5&#8230;<\/p>\n","protected":false},"author":1,"featured_media":0,"parent":0,"menu_order":0,"comment_status":"closed","ping_status":"closed","template":"","meta":{"footnotes":""},"class_list":["post-2275","page","type-page","status-publish","hentry"],"_links":{"self":[{"href":"https:\/\/vaylafestival.com\/fi\/wp-json\/wp\/v2\/pages\/2275","targetHints":{"allow":["GET"]}}],"collection":[{"href":"https:\/\/vaylafestival.com\/fi\/wp-json\/wp\/v2\/pages"}],"about":[{"href":"https:\/\/vaylafestival.com\/fi\/wp-json\/wp\/v2\/types\/page"}],"author":[{"embeddable":true,"href":"https:\/\/vaylafestival.com\/fi\/wp-json\/wp\/v2\/users\/1"}],"replies":[{"embeddable":true,"href":"https:\/\/vaylafestival.com\/fi\/wp-json\/wp\/v2\/comments?post=2275"}],"version-history":[{"count":29,"href":"https:\/\/vaylafestival.com\/fi\/wp-json\/wp\/v2\/pages\/2275\/revisions"}],"predecessor-version":[{"id":2426,"href":"https:\/\/vaylafestival.com\/fi\/wp-json\/wp\/v2\/pages\/2275\/revisions\/2426"}],"wp:attachment":[{"href":"https:\/\/vaylafestival.com\/fi\/wp-json\/wp\/v2\/media?parent=2275"}],"curies":[{"name":"wp","href":"https:\/\/api.w.org\/{rel}","templated":true}]}}