{"id":2591,"date":"2023-04-03T03:42:24","date_gmt":"2023-04-03T00:42:24","guid":{"rendered":"https:\/\/vaylafestival.com\/fi\/?page_id=2591"},"modified":"2023-04-26T05:09:49","modified_gmt":"2023-04-26T02:09:49","slug":"30-6-overtornea","status":"publish","type":"page","link":"https:\/\/vaylafestival.com\/fi\/30-6-overtornea\/","title":{"rendered":"30.6. \u00d6vertorne\u00e5"},"content":{"rendered":"\n<hr class=\"wp-block-separator is-style-wide\"\/>\n\n\n\n<div class=\"wp-block-columns is-layout-flex wp-container-core-columns-is-layout-9d6595d7 wp-block-columns-is-layout-flex\">\n<div class=\"wp-block-column is-layout-flow wp-block-column-is-layout-flow\" style=\"flex-basis:66.66%\">\n<p style=\"font-size:15px\"><strong>Konsertti<\/strong><br><strong>LEMPILAULUJA<\/strong><br>klo 18 (Ruotsin aikaa), S\u00e4rkilahden kirkko<br><a rel=\"noreferrer noopener\" href=\"https:\/\/www.eventim-light.com\/fi\/a\/642c1cb274232855f6788b6f\/e\/64423b0a63804d25b13ebc98\" target=\"_blank\" data-type=\"URL\" data-id=\"https:\/\/www.eventim-light.com\/fi\/a\/642c1cb274232855f6788b6f\/e\/64423b0a63804d25b13ebc98\">Liput: lippu.fi<\/a><\/p>\n\n\n\n<p style=\"font-size:14px\"><strong>Freija-yhtye<\/strong><br><em>Arto Anttila \u2013 basso, laulu<br>Maija Karhinen-Ilo \u2013 laulu, haitari, nokkahuilut<br>Matti Laitinen \u2013 kitarat, mandoliinit, laulu<br>Lassi Logr\u00e9n \u2013 viulu, avainviulu, jouhikko, laulu<\/em><\/p>\n<\/div>\n\n\n\n<div class=\"wp-block-column is-layout-flow wp-block-column-is-layout-flow\" style=\"flex-basis:33.33%\">\n<figure class=\"wp-block-image size-large\"><img loading=\"lazy\" decoding=\"async\" width=\"250\" height=\"194\" src=\"https:\/\/vaylafestival.com\/fi\/wp-content\/uploads\/2023\/04\/small_Freija-yhtye-Iltakonsertti-kuva-Petri-Mulari-1.png\" alt=\"\" class=\"wp-image-2646\"\/><figcaption><sup><em>Freija-yhtye (kuva: Petri Mulari<\/em>)<\/sup><\/figcaption><\/figure>\n<\/div>\n<\/div>\n\n\n\n<p style=\"font-size:15px\">Freija-yhtye on tehnyt musiikkia omalla kansanmusiikista ammentavalla tyylill\u00e4\u00e4n jo vuodesta 2005. Yhtyeen vetovoima on sen tunnistettavassa saundissa sek\u00e4 tavassa k\u00e4sitell\u00e4 kansanlauluja, iskelmi\u00e4 ja omia s\u00e4vellyksi\u00e4 raikkaalla, svengaavalla ja ilmavalla tavalla. Lempilauluja-konsertissa kuullaan yhtyeen suosikkeja vuosien varrelta: tanssillisen kepeit\u00e4 kansanlauluja, tummia balladeja ja vet\u00e4vi\u00e4 iskus\u00e4velmi\u00e4.<br><br>Freija tekee juuritietoista musiikkiaan niin aikuis- kuin lapsiyleis\u00f6lle. Yhtye on saanut lukuisia tunnustuksia, vuonna 2011 he voittivat sek\u00e4 Etno-Emman ett\u00e4 vuoden kansanmusiikkilevyn palkinnon albumillaan Syd\u00e4nJuurilla. My\u00f6s 2015 julkaistu Liki-albumi \u00e4\u00e4nestettiin vuoden parhaaksi. Freija esiinyy Piilomets\u00e4n portti -albumilla, joka valittiin vuoden 2022 lastenmusiikkilevyksi.<\/p>\n\n\n\n<hr class=\"wp-block-separator is-style-wide\"\/>\n\n\n\n<p id=\"Yosoitto\" style=\"font-size:15px\"><strong>Konsertti<\/strong><br><strong>Y\u00d6SOITTO: AMSTERDAMIN ORFEUS<br><\/strong>klo 20.30 (Ruotsin aikaa), Matarengin kirkko<br><em>vapaa p\u00e4\u00e4sy, kolehti<\/em><\/p>\n\n\n\n<p style=\"font-size:15px\">Jan Sweelinck oli yksi renessanssin valovoimaisimmista urkureista, joka ansaitsi huikeilla improvisaatioillaan lempinimen \u201dAmsterdamin Orfeus\u201d. Aikanaan h\u00e4nen t\u00e4htioppilaansa Samuel Scheidt vei soittimen ilmaisuvoimaa viel\u00e4kin pidemm\u00e4lle. Taituriurkuri <strong>Katrin Meriloo<\/strong> ty\u00f6skentelee \u00d6vertorne\u00e5n seurakunnassa, jossa h\u00e4nen k\u00e4yt\u00f6ss\u00e4\u00e4n ovat Ruotsin vanhimmat, alun perin Tukholman saksalaiseen kirkkoon 1600-luvulla rakennetut urut. Pianovirtuoosi <strong>Paavali Jumppanen<\/strong> toimii my\u00f6s urkurina ja t\u00e4ss\u00e4 kes\u00e4isess\u00e4 urkuillassa h\u00e4n valloittaa \u00d6vertorne\u00e5n ainutlaatuisen soittimen yhdess\u00e4 Meriloon kanssa. Ohjelmistossa on renessanssiajan v\u00e4kev\u00e4\u00e4 musiikkia Sweelinckilt\u00e4, Scheidtilta, Carletonilta ja Tomkinsilta.<\/p>\n\n\n\n<hr class=\"wp-block-separator is-style-wide\"\/>\n\n\n\n<p class=\"has-small-font-size\"><em>Oikeudet muutoksiin pid\u00e4tet\u00e4\u00e4n<\/em>.<\/p>\n","protected":false},"excerpt":{"rendered":"<p>KonserttiLEMPILAULUJAklo 18 (Ruotsin aikaa), S\u00e4rkilahden kirkkoLiput: lippu.fi Freija-yhtyeArto Anttila \u2013 basso, lauluMaija Karhinen-Ilo \u2013 laulu, haitari, nokkahuilutMatti Laitinen \u2013 kitarat, mandoliinit, lauluLassi Logr\u00e9n \u2013 viulu,&#8230;<\/p>\n","protected":false},"author":1,"featured_media":0,"parent":0,"menu_order":0,"comment_status":"closed","ping_status":"closed","template":"","meta":{"footnotes":""},"class_list":["post-2591","page","type-page","status-publish","hentry"],"_links":{"self":[{"href":"https:\/\/vaylafestival.com\/fi\/wp-json\/wp\/v2\/pages\/2591","targetHints":{"allow":["GET"]}}],"collection":[{"href":"https:\/\/vaylafestival.com\/fi\/wp-json\/wp\/v2\/pages"}],"about":[{"href":"https:\/\/vaylafestival.com\/fi\/wp-json\/wp\/v2\/types\/page"}],"author":[{"embeddable":true,"href":"https:\/\/vaylafestival.com\/fi\/wp-json\/wp\/v2\/users\/1"}],"replies":[{"embeddable":true,"href":"https:\/\/vaylafestival.com\/fi\/wp-json\/wp\/v2\/comments?post=2591"}],"version-history":[{"count":12,"href":"https:\/\/vaylafestival.com\/fi\/wp-json\/wp\/v2\/pages\/2591\/revisions"}],"predecessor-version":[{"id":2787,"href":"https:\/\/vaylafestival.com\/fi\/wp-json\/wp\/v2\/pages\/2591\/revisions\/2787"}],"wp:attachment":[{"href":"https:\/\/vaylafestival.com\/fi\/wp-json\/wp\/v2\/media?parent=2591"}],"curies":[{"name":"wp","href":"https:\/\/api.w.org\/{rel}","templated":true}]}}