{"id":2605,"date":"2023-04-03T03:57:37","date_gmt":"2023-04-03T00:57:37","guid":{"rendered":"https:\/\/vaylafestival.com\/fi\/?page_id=2605"},"modified":"2023-04-24T17:30:54","modified_gmt":"2023-04-24T14:30:54","slug":"1-7-ylitornio-overtornea","status":"publish","type":"page","link":"https:\/\/vaylafestival.com\/fi\/1-7-ylitornio-overtornea\/","title":{"rendered":"1.7. Ylitornio &#038; \u00d6vertorne\u00e5"},"content":{"rendered":"\n<hr class=\"wp-block-separator is-style-wide\"\/>\n\n\n\n<div class=\"wp-block-columns is-layout-flex wp-container-core-columns-is-layout-9d6595d7 wp-block-columns-is-layout-flex\">\n<div class=\"wp-block-column is-layout-flow wp-block-column-is-layout-flow\">\n<p style=\"font-size:14px\"><strong>Koko perheen konsertti<\/strong><br><strong>HETKUN KETKUN!<\/strong><br>klo 13, Ylitornion kunnantalon auditorio<br><a rel=\"noreferrer noopener\" href=\"https:\/\/www.eventim-light.com\/fi\/a\/642c1cb274232855f6788b6f\/e\/6441f50814b7500e61db1fdf\" data-type=\"URL\" data-id=\"https:\/\/www.eventim-light.com\/fi\/a\/642c1cb274232855f6788b6f\/e\/6441f50814b7500e61db1fdf\" target=\"_blank\">Liput: lippu.fi <\/a><\/p>\n\n\n\n<p style=\"font-size:15px\">Freija-yhtye viihdytt\u00e4\u00e4 koko perhett\u00e4! Perinteiset laulut ja uudet s\u00e4velm\u00e4t sekoittuvat mukaansatempaavaksi kokonaisuudeksi Freijan svengaavassa otteessa. Yleis\u00f6 tutustuu erilaisiin soittimiin ja p\u00e4\u00e4see osallistumaan lauluun ja leikkiin.<\/p>\n<\/div>\n\n\n\n<div class=\"wp-block-column is-layout-flow wp-block-column-is-layout-flow\">\n<div class=\"wp-block-image\"><figure class=\"alignleft size-large is-resized\"><img loading=\"lazy\" decoding=\"async\" src=\"https:\/\/vaylafestival.com\/fi\/wp-content\/uploads\/2023\/04\/small_Freija-yhtye-Lastenkonsertti-kuva-Petri-Mulari.png\" alt=\"\" class=\"wp-image-2611\" width=\"271\" height=\"220\"\/><figcaption><em><sup>Freija-yhtye (kuva:<\/sup><\/em><sup><em> Petri Mulari)<\/em><\/sup><\/figcaption><\/figure><\/div>\n<\/div>\n<\/div>\n\n\n\n<p style=\"font-size:15px\"><strong>Freija-yhtye<\/strong><\/p>\n\n\n\n<p style=\"font-size:14px\"><em>Arto Anttila \u2013 basso, laulu<br>Maija Karhinen-Ilo \u2013 laulu, kantele, haitari, nokkahuilut<br>Matti Laitinen \u2013 kitarat, mandoliinit, laulu<br>Lassi Logr\u00e9n \u2013 viulu, avainviulu, jouhikko, laulu<\/em><\/p>\n\n\n\n<p style=\"font-size:15px\">Freija on tehnyt musiikkia omalla kansanmusiikista ammentavalla tyylill\u00e4\u00e4n ja tunnistettavalla saundillaan jo vuodesta 2005. Yhtyeen vetovoima on sen tavassa k\u00e4sitell\u00e4 kansanlauluja, iskelmi\u00e4 ja omia s\u00e4vellyksi\u00e4\u00e4n raikkaalla, svengaavalla ja ilmavalla tavalla.<\/p>\n\n\n\n<p style=\"font-size:15px\">Freija tunnetaan juuritietoisesta musiikistaan jota se tekee sek\u00e4 aikuis- ett\u00e4 lapsiyleis\u00f6lle. Kiekkumaralla -kansanlauluja lapsille cd ja kirja teki Freijan tunnetuksi lapsiperheiss\u00e4 ja n\u00e4it\u00e4 lauluja on kuultu yhtyeen esitt\u00e4m\u00e4n\u00e4 my\u00f6s Pikku Kakkosen musiikkituokioissa. Freija esiintyy my\u00f6s useilla muilla lastenmusiikki\u00e4\u00e4nitteill\u00e4, kuten Piilomets\u00e4n s\u00e4veli\u00e4 ja Piilomets\u00e4n portti, joka joka valittiin vuoden 2022 vuoden lastenmusiikkilevyksi.<\/p>\n\n\n\n<hr class=\"wp-block-separator is-style-wide\" id=\"block-f32b2b1c-7ea4-4da6-bbb4-4a9b70795344\"\/>\n\n\n\n<div class=\"wp-block-columns is-layout-flex wp-container-core-columns-is-layout-9d6595d7 wp-block-columns-is-layout-flex\">\n<div class=\"wp-block-column is-layout-flow wp-block-column-is-layout-flow\" style=\"flex-basis:25%\">\n<div class=\"wp-block-image\"><figure class=\"alignleft size-large\"><img loading=\"lazy\" decoding=\"async\" width=\"151\" height=\"208\" src=\"https:\/\/vaylafestival.com\/fi\/wp-content\/uploads\/2023\/04\/small_Gustafsson_Jan-Erik_kuva_Kaupo_Kikkas.png\" alt=\"\" class=\"wp-image-2615\"\/><figcaption><em><sup>Jan-Erik Gustafsson (kuva: Kaupo Kikkas)<\/sup><\/em><\/figcaption><\/figure><\/div>\n<\/div>\n\n\n\n<div class=\"wp-block-column is-layout-flow wp-block-column-is-layout-flow\" style=\"flex-basis:50%\">\n<p class=\"has-text-align-left\" id=\"Tutkimusmatka\" style=\"font-size:15px\"><strong>Konsertti<br>TUTKIMUSMATKA<\/strong><br>klo 18 (Ruotsin aikaa) Matarengin kirkko<br><em>vapaa p\u00e4\u00e4sy, kolehti<\/em><br><br><\/p>\n<\/div>\n\n\n\n<div class=\"wp-block-column is-layout-flow wp-block-column-is-layout-flow\" style=\"flex-basis:25%\">\n<div class=\"wp-block-image\"><figure class=\"alignleft size-large\"><img loading=\"lazy\" decoding=\"async\" width=\"150\" height=\"208\" src=\"https:\/\/vaylafestival.com\/fi\/wp-content\/uploads\/2023\/04\/small_Bezrodny_Anna-Liisa_kuva_Kaupo_Kikkas-1.png\" alt=\"\" class=\"wp-image-2616\"\/><figcaption><em><sup>Anna-Liisa Bezrodny<\/sup><\/em> <em><sup>(kuva: Kaupo Kikkas)<\/sup><\/em><\/figcaption><\/figure><\/div>\n<\/div>\n<\/div>\n\n\n\n<p style=\"font-size:15px\">Maailman suuria konserttilavoja kiert\u00e4neet viulisti <strong>Anna-Liisa Bezrodny<\/strong> ja sellisti <strong>Jan-Erik Gustafsson<\/strong> esitt\u00e4v\u00e4t duoteoksia J.S. Bachilta, Kodalylta sek\u00e4 H\u00e4ndel-Halvorsenilta.<\/p>\n\n\n\n<p style=\"font-size:15px\">Kuvankauniissa \u00d6vertorne\u00e5n kirkossa kuullaan soiva tutkimusmatka aikakaudet toisiinsa liitt\u00e4viin kansanmusiikin, kirkkomusiikin ja kamarimusiikin yhteisiin s\u00e4veliin. Unkarilainen Zolt\u00e1n Kod\u00e1ly teki suurty\u00f6n ker\u00e4tess\u00e4\u00e4n Balkanin alueen kansanmusiikista arkiston, jonka pohjalta h\u00e4n loi valloittavan ja mukaansatempaavan s\u00e4velkielens\u00e4. Kod\u00e1lyn Duo kuuluu taitavimpien jousisoittajien ohjelmistoon, ja Bezrodny ja Gustafsson\u00a0ovat teoksen itseoikeutettuja esitt\u00e4ji\u00e4. Norjalainen Johan Halvorsen teki tunnetuksi H\u00e4ndelin Passacaglian sovittamalla sen sopivaksi jousisoitintaiturien k\u00e4siin. <strong>Paavali Jumppanen<\/strong> t\u00e4ydent\u00e4\u00e4 virtuoosimuusikoiden ryhm\u00e4n esitt\u00e4m\u00e4\u00e4n harvinaisen J.S. Bachin rakastetuista teoksista kootun potpurin.<\/p>\n\n\n\n<hr class=\"wp-block-separator is-style-wide\"\/>\n\n\n\n<p id=\"block-703fa65b-1d39-4d02-8578-49049ded1a1e\" style=\"font-size:14px\"><em>Oikeudet muutoksiin pid\u00e4tet\u00e4\u00e4n<\/em>.<\/p>\n","protected":false},"excerpt":{"rendered":"<p>Koko perheen konserttiHETKUN KETKUN!klo 13, Ylitornion kunnantalon auditorioLiput: lippu.fi Freija-yhtye viihdytt\u00e4\u00e4 koko perhett\u00e4! Perinteiset laulut ja uudet s\u00e4velm\u00e4t sekoittuvat mukaansatempaavaksi kokonaisuudeksi Freijan svengaavassa otteessa. Yleis\u00f6&#8230;<\/p>\n","protected":false},"author":1,"featured_media":0,"parent":0,"menu_order":0,"comment_status":"closed","ping_status":"closed","template":"","meta":{"footnotes":""},"class_list":["post-2605","page","type-page","status-publish","hentry"],"_links":{"self":[{"href":"https:\/\/vaylafestival.com\/fi\/wp-json\/wp\/v2\/pages\/2605","targetHints":{"allow":["GET"]}}],"collection":[{"href":"https:\/\/vaylafestival.com\/fi\/wp-json\/wp\/v2\/pages"}],"about":[{"href":"https:\/\/vaylafestival.com\/fi\/wp-json\/wp\/v2\/types\/page"}],"author":[{"embeddable":true,"href":"https:\/\/vaylafestival.com\/fi\/wp-json\/wp\/v2\/users\/1"}],"replies":[{"embeddable":true,"href":"https:\/\/vaylafestival.com\/fi\/wp-json\/wp\/v2\/comments?post=2605"}],"version-history":[{"count":13,"href":"https:\/\/vaylafestival.com\/fi\/wp-json\/wp\/v2\/pages\/2605\/revisions"}],"predecessor-version":[{"id":2791,"href":"https:\/\/vaylafestival.com\/fi\/wp-json\/wp\/v2\/pages\/2605\/revisions\/2791"}],"wp:attachment":[{"href":"https:\/\/vaylafestival.com\/fi\/wp-json\/wp\/v2\/media?parent=2605"}],"curies":[{"name":"wp","href":"https:\/\/api.w.org\/{rel}","templated":true}]}}