{"id":2876,"date":"2023-04-25T16:49:31","date_gmt":"2023-04-25T13:49:31","guid":{"rendered":"https:\/\/vaylafestival.com\/fi\/?page_id=2876"},"modified":"2023-06-14T21:16:18","modified_gmt":"2023-06-14T18:16:18","slug":"30-6-overtornea-2","status":"publish","type":"page","link":"https:\/\/vaylafestival.com\/fi\/30-6-overtornea-2\/","title":{"rendered":"30.6 \u00d6vertorne\u00e5"},"content":{"rendered":"\n<hr class=\"wp-block-separator is-style-wide\"\/>\n\n\n\n<div class=\"wp-block-columns is-layout-flex wp-container-core-columns-is-layout-9d6595d7 wp-block-columns-is-layout-flex\">\n<div class=\"wp-block-column is-layout-flow wp-block-column-is-layout-flow\" style=\"flex-basis:66.66%\">\n<p id=\"Konsert\" style=\"font-size:15px\"><strong>Konsert<\/strong><br><strong><span style=\"color:#666633\" class=\"has-inline-color\">FAVORITL\u00c5TAR<\/span><\/strong><br>kl. 18 (svensk tid), S\u00e4rkilax kyrka<br><a rel=\"noreferrer noopener\" href=\"https:\/\/www.eventim-light.com\/fi\/a\/642c1cb274232855f6788b6f\/e\/64423b0a63804d25b13ebc98\" target=\"_blank\" data-type=\"URL\" data-id=\"https:\/\/www.eventim-light.com\/fi\/a\/642c1cb274232855f6788b6f\/e\/64423b0a63804d25b13ebc98\">Biljetter: lippu.fi<\/a><\/p>\n\n\n\n<p style=\"font-size:14px\"><strong>Freija Ensemble<\/strong><br><em>Arto Anttila \u2013 bas, s\u00e5ng<br>Maija Karhinen-Ilo \u2013 s\u00e5ng, dragspel, blockfl\u00f6jt<br>Matti Laitinen \u2013 gitarr, mandoliner, s\u00e5ng<br>Lassi Logr\u00e9n \u2013 violin, nyckelharpa, str\u00e5kharpa, s\u00e5ng<\/em><\/p>\n<\/div>\n\n\n\n<div class=\"wp-block-column is-layout-flow wp-block-column-is-layout-flow\" style=\"flex-basis:33.33%\">\n<figure class=\"wp-block-image size-large\"><img loading=\"lazy\" decoding=\"async\" width=\"250\" height=\"194\" src=\"https:\/\/vaylafestival.com\/fi\/wp-content\/uploads\/2023\/04\/small_Freija-yhtye-Iltakonsertti-kuva-Petri-Mulari-1.png\" alt=\"\" class=\"wp-image-2646\"\/><figcaption><sup><em>Freija Ensemble (bild: Petri Mulari<\/em>)<\/sup><\/figcaption><\/figure>\n<\/div>\n<\/div>\n\n\n\n<p style=\"font-size:15px\">Den \u00e5r 2005 grundade Freija-gruppen \u00e4r k\u00e4nd f\u00f6r sin unika musikstil. Ensemblens dragkraft \u00e4r det igenk\u00e4nnbara soundet och s\u00e4ttet att arrangera folks\u00e5nger, schlagers och egna l\u00e5tar fr\u00e4scht och gripande. I konserten Favoritl\u00e5tar f\u00e5r vi h\u00f6ra gruppens favoriter som de samlat p\u00e5 sig med \u00e5ren: dansant l\u00e4tta folks\u00e5nger, m\u00f6rka ballader och sv\u00e4ngande slagtoner.<\/p>\n\n\n\n<p style=\"font-size:15px\">Freija g\u00f6r musik \u00e5t b\u00e5de vuxen- och barnpublik. Gruppen har vunnit flera pris, bland dem \u00e5rets 2011 Etno-Emma och \u00e5rets folkmusikalbum i Finland f\u00f6r skivorna &#8220;Syd\u00e4nJuurilla&#8221; (2011) och &#8220;Liki&#8221; (2015). Freija upptr\u00e4der ocks\u00e5 p\u00e5 skivan &#8220;Piilomets\u00e4n portti&#8221; som valdes till \u00e5rets 2022 barnmusikskiva i Finland.<\/p>\n\n\n\n<hr class=\"wp-block-separator is-style-wide\"\/>\n\n\n\n<p id=\"Matarengi\" style=\"font-size:15px\"><strong>Konsert<\/strong><br><strong><span style=\"color:#9999cc\" class=\"has-inline-color\">NATTSPEL: AMSTERDAMS ORFEUS<\/span><br><\/strong>kl. 20.30 (svensk tid), Matarengi kyrka<br><em>Fritt intr\u00e4de, kollekt<\/em><\/p>\n\n\n\n<p style=\"font-size:15px\">Jan Sweelinck \u00e4r en av ren\u00e4ssansen mest karismatiska organister som f\u00f6rtj\u00e4nade smeknamnet \u201dAmsterdams Orfeus\u201d med sina otroliga improvisationer. Senare utvecklade hans stj\u00e4rnelev Samuel Scheidt instrumentets uttrycksm\u00f6jligheter \u00e4nnu l\u00e4ngre. Organistvirtuosen <strong>Katrin Meriloo <\/strong>arbetar vid \u00d6vertorne\u00e5s f\u00f6rsamling d\u00e4r hennes instrument \u00e4r inte mer \u00e4n Sverige \u00e4ldsta orgel som ursprungligen p\u00e5 1600-talet h\u00f6rde till Stockholms tyska kyrka. Pianovirtuosen <strong>Paavali Jumppanen<\/strong> fungerar ocks\u00e5 som organist och under denna somriga orgelkv\u00e4ll tar han och Meriloo an det unika instrumentet. Programmet best\u00e5r av kraftfull ren\u00e4ssansmusik av Sweelinck, Scheidt, Carleton och Tomkins.<\/p>\n\n\n\n<hr class=\"wp-block-separator is-style-wide\"\/>\n\n\n\n<p class=\"has-small-font-size\"><em>R\u00e4tten till f\u00f6r\u00e4ndringar f\u00f6rbeh\u00e5lls<\/em>.<\/p>\n","protected":false},"excerpt":{"rendered":"<p>KonsertFAVORITL\u00c5TARkl. 18 (svensk tid), S\u00e4rkilax kyrkaBiljetter: lippu.fi Freija EnsembleArto Anttila \u2013 bas, s\u00e5ngMaija Karhinen-Ilo \u2013 s\u00e5ng, dragspel, blockfl\u00f6jtMatti Laitinen \u2013 gitarr, mandoliner, s\u00e5ngLassi Logr\u00e9n \u2013&#8230;<\/p>\n","protected":false},"author":1,"featured_media":0,"parent":0,"menu_order":0,"comment_status":"closed","ping_status":"closed","template":"","meta":{"footnotes":""},"class_list":["post-2876","page","type-page","status-publish","hentry"],"_links":{"self":[{"href":"https:\/\/vaylafestival.com\/fi\/wp-json\/wp\/v2\/pages\/2876","targetHints":{"allow":["GET"]}}],"collection":[{"href":"https:\/\/vaylafestival.com\/fi\/wp-json\/wp\/v2\/pages"}],"about":[{"href":"https:\/\/vaylafestival.com\/fi\/wp-json\/wp\/v2\/types\/page"}],"author":[{"embeddable":true,"href":"https:\/\/vaylafestival.com\/fi\/wp-json\/wp\/v2\/users\/1"}],"replies":[{"embeddable":true,"href":"https:\/\/vaylafestival.com\/fi\/wp-json\/wp\/v2\/comments?post=2876"}],"version-history":[{"count":9,"href":"https:\/\/vaylafestival.com\/fi\/wp-json\/wp\/v2\/pages\/2876\/revisions"}],"predecessor-version":[{"id":3087,"href":"https:\/\/vaylafestival.com\/fi\/wp-json\/wp\/v2\/pages\/2876\/revisions\/3087"}],"wp:attachment":[{"href":"https:\/\/vaylafestival.com\/fi\/wp-json\/wp\/v2\/media?parent=2876"}],"curies":[{"name":"wp","href":"https:\/\/api.w.org\/{rel}","templated":true}]}}