{"id":2900,"date":"2023-04-26T05:16:43","date_gmt":"2023-04-26T02:16:43","guid":{"rendered":"https:\/\/vaylafestival.com\/fi\/?page_id=2900"},"modified":"2023-06-14T21:43:19","modified_gmt":"2023-06-14T18:43:19","slug":"1-7-ylitornio-overtornea-2","status":"publish","type":"page","link":"https:\/\/vaylafestival.com\/fi\/1-7-ylitornio-overtornea-2\/","title":{"rendered":"1.7 Ylitornio &#038; \u00d6vertorne\u00e5"},"content":{"rendered":"\n<hr class=\"wp-block-separator is-style-wide\"\/>\n\n\n\n<div class=\"wp-block-columns is-layout-flex wp-container-core-columns-is-layout-9d6595d7 wp-block-columns-is-layout-flex\">\n<div class=\"wp-block-column is-layout-flow wp-block-column-is-layout-flow\">\n<p id=\"Familjekonsert\" style=\"font-size:14px\"><strong>Familjekonsert<\/strong><br><strong><span style=\"color:#ff9933\" class=\"has-inline-color\">HETKUN KETKUN!<\/span><\/strong><br>kl. 13 (finsk tid)<br>Ylitornio kommunhus auditorium<br><a rel=\"noreferrer noopener\" href=\"https:\/\/www.eventim-light.com\/fi\/a\/642c1cb274232855f6788b6f\/e\/6441f50814b7500e61db1fdf\" data-type=\"URL\" data-id=\"https:\/\/www.eventim-light.com\/fi\/a\/642c1cb274232855f6788b6f\/e\/6441f50814b7500e61db1fdf\" target=\"_blank\">Biljetter: lippu.fi <\/a><\/p>\n\n\n\n<p style=\"font-size:15px\">Freija-gruppen underh\u00e5ller hela familjen! Traditionella s\u00e5nger och nya melodier blandas till en medryckande helhet i Freijas sv\u00e4ngande grepp. Publiken f\u00e5r bekanta sig med olika instrument och delta i b\u00e5de s\u00e5ng och lek.<\/p>\n<\/div>\n\n\n\n<div class=\"wp-block-column is-layout-flow wp-block-column-is-layout-flow\">\n<div class=\"wp-block-image\"><figure class=\"alignleft size-large is-resized\"><img loading=\"lazy\" decoding=\"async\" src=\"https:\/\/vaylafestival.com\/fi\/wp-content\/uploads\/2023\/04\/small_Freija-yhtye-Lastenkonsertti-kuva-Petri-Mulari.png\" alt=\"\" class=\"wp-image-2611\" width=\"271\" height=\"220\"\/><figcaption><em><sup>Freija-gruppen (bild:<\/sup><\/em><sup><em> Petri Mulari)<\/em><\/sup><\/figcaption><\/figure><\/div>\n<\/div>\n<\/div>\n\n\n\n<p style=\"font-size:15px\"><strong>Freija<\/strong><br><em>Arto Anttila \u2013 bas, s\u00e5ng<br>Maija Karhinen-Ilo \u2013 s\u00e5ng, dragspel, blockfl\u00f6jt<br>Matti Laitinen \u2013 gitarr, mandoliner, s\u00e5ng<br>Lassi Logr\u00e9n \u2013 violin, nyckelharpa, str\u00e5kharpa, s\u00e5ng<\/em><\/p>\n\n\n\n<p style=\"font-size:15px\">Den \u00e5r 2005 grundade Freija-gruppen \u00e4r k\u00e4nd f\u00f6r sin unika musikstil. Ensemblens dragkraft \u00e4r det igenk\u00e4nnbara soundet och s\u00e4ttet att arrangera folks\u00e5nger, schlagers och egna l\u00e5tar fr\u00e4scht och gripande. Freija g\u00f6r musik \u00e5t b\u00e5de vuxen- och barnpublik. Genom publikationen Kiekkumaralla-folkmusik \u00e5t barn (skiva och bok) blev gruppen k\u00e4nd bland barnfamiljer. Dessa s\u00e5nger har Freija upptr\u00e4tt med ocks\u00e5 p\u00e5 Lilla Tv\u00e5ans musikstunder (Finlands rundradions barnproduktion). Freija medverkar ocks\u00e5 p\u00e5 barnmusikinspelningarna Piilomets\u00e4n s\u00e4veli\u00e4 och Piilomets\u00e4n portti. Den sistn\u00e4mnda valdes till \u00e5rets 2022 barnmusikskiva i Finland.<\/p>\n\n\n\n<hr class=\"wp-block-separator is-style-wide\" id=\"block-f32b2b1c-7ea4-4da6-bbb4-4a9b70795344\"\/>\n\n\n\n<div class=\"wp-block-columns is-layout-flex wp-container-core-columns-is-layout-9d6595d7 wp-block-columns-is-layout-flex\">\n<div class=\"wp-block-column is-layout-flow wp-block-column-is-layout-flow\" style=\"flex-basis:25%\">\n<div class=\"wp-block-image\"><figure class=\"alignleft size-large\"><img loading=\"lazy\" decoding=\"async\" width=\"151\" height=\"208\" src=\"https:\/\/vaylafestival.com\/fi\/wp-content\/uploads\/2023\/04\/small_Gustafsson_Jan-Erik_kuva_Kaupo_Kikkas.png\" alt=\"\" class=\"wp-image-2615\"\/><figcaption><em><sup>Jan-Erik Gustafsson (bild: Kaupo Kikkas)<\/sup><\/em><\/figcaption><\/figure><\/div>\n<\/div>\n\n\n\n<div class=\"wp-block-column is-layout-flow wp-block-column-is-layout-flow\" style=\"flex-basis:50%\">\n<p class=\"has-text-align-left\" id=\"Konsert\" style=\"font-size:15px\"><strong>Konsert<br><span style=\"color:#ffcc33\" class=\"has-inline-color\">UPPT\u00c4CKTSF\u00c4RD<\/span><\/strong><br>kl. 18 (svensk tid) <br>Matarengi kyrka<br><em>fritt intr\u00e4de, kollekt<\/em><br><br><\/p>\n<\/div>\n\n\n\n<div class=\"wp-block-column is-layout-flow wp-block-column-is-layout-flow\" style=\"flex-basis:25%\">\n<div class=\"wp-block-image\"><figure class=\"alignleft size-large\"><img loading=\"lazy\" decoding=\"async\" width=\"150\" height=\"208\" src=\"https:\/\/vaylafestival.com\/fi\/wp-content\/uploads\/2023\/04\/small_Bezrodny_Anna-Liisa_kuva_Kaupo_Kikkas-1.png\" alt=\"\" class=\"wp-image-2616\"\/><figcaption><em><sup>Anna-Liisa Bezrodny<\/sup><\/em> <em><sup>(bild: Kaupo Kikkas)<\/sup><\/em><\/figcaption><\/figure><\/div>\n<\/div>\n<\/div>\n\n\n\n<p style=\"font-size:15px\">Violinisten <strong>Anna-Liisa Bezrodny<\/strong> och cellisten <strong>Jan-Erik Gustafsson<\/strong> \u00e4r bekanta solister fr\u00e5n stora konsertscener v\u00e4rlden runt. P\u00e5 konserten upptr\u00e4der de med duoverk av J.S. Bach, Kod\u00e1ly och H\u00e4ndel-Halvorsen.<\/p>\n\n\n\n<p style=\"font-size:15px\">I den pittoreska \u00d6vertorne\u00e5 kyrka ljuder en uppt\u00e4cktsf\u00e4rd d\u00e4r folk-, kyrko- och kammarmusik fr\u00e5n olika tider binds samman. Den ungerska Zolt\u00e1n Kod\u00e1ly skapade sin unika r\u00f6st genom sitt omfattande arbete kring Balkans folkmusik. Kod\u00e1lys duo h\u00f6r till de allra skickligaste str\u00e5kmusikernas repertoar och d\u00e4rigenom \u00e4r Bezrodny och Gustafsson verkets naturliga tolkar. Den norske Johan Halvorsen gjorde H\u00e4ndels Passacaglia k\u00e4nt genom arrangemanget f\u00f6r str\u00e5kar. <strong>Paavali Jumppanen<\/strong> kompletterar musikerduon med att upptr\u00e4da med en s\u00e4llsynt potpurri av J.S. Bachs \u00e4lskade verk.<\/p>\n\n\n\n<hr class=\"wp-block-separator is-style-wide\"\/>\n\n\n\n<p id=\"block-703fa65b-1d39-4d02-8578-49049ded1a1e\" style=\"font-size:14px\"><em>R\u00e4tten till f\u00f6r\u00e4ndringar f\u00f6rbeh\u00e5lls<\/em>.<\/p>\n","protected":false},"excerpt":{"rendered":"<p>FamiljekonsertHETKUN KETKUN!kl. 13 (finsk tid)Ylitornio kommunhus auditoriumBiljetter: lippu.fi Freija-gruppen underh\u00e5ller hela familjen! Traditionella s\u00e5nger och nya melodier blandas till en medryckande helhet i Freijas sv\u00e4ngande&#8230;<\/p>\n","protected":false},"author":1,"featured_media":0,"parent":0,"menu_order":0,"comment_status":"closed","ping_status":"closed","template":"","meta":{"footnotes":""},"class_list":["post-2900","page","type-page","status-publish","hentry"],"_links":{"self":[{"href":"https:\/\/vaylafestival.com\/fi\/wp-json\/wp\/v2\/pages\/2900","targetHints":{"allow":["GET"]}}],"collection":[{"href":"https:\/\/vaylafestival.com\/fi\/wp-json\/wp\/v2\/pages"}],"about":[{"href":"https:\/\/vaylafestival.com\/fi\/wp-json\/wp\/v2\/types\/page"}],"author":[{"embeddable":true,"href":"https:\/\/vaylafestival.com\/fi\/wp-json\/wp\/v2\/users\/1"}],"replies":[{"embeddable":true,"href":"https:\/\/vaylafestival.com\/fi\/wp-json\/wp\/v2\/comments?post=2900"}],"version-history":[{"count":13,"href":"https:\/\/vaylafestival.com\/fi\/wp-json\/wp\/v2\/pages\/2900\/revisions"}],"predecessor-version":[{"id":3100,"href":"https:\/\/vaylafestival.com\/fi\/wp-json\/wp\/v2\/pages\/2900\/revisions\/3100"}],"wp:attachment":[{"href":"https:\/\/vaylafestival.com\/fi\/wp-json\/wp\/v2\/media?parent=2900"}],"curies":[{"name":"wp","href":"https:\/\/api.w.org\/{rel}","templated":true}]}}