{"id":3002,"date":"2023-05-02T09:31:08","date_gmt":"2023-05-02T06:31:08","guid":{"rendered":"https:\/\/vaylafestival.com\/fi\/?page_id=3002"},"modified":"2023-05-02T09:35:04","modified_gmt":"2023-05-02T06:35:04","slug":"1-june-ylitornio-overtornea","status":"publish","type":"page","link":"https:\/\/vaylafestival.com\/fi\/1-june-ylitornio-overtornea\/","title":{"rendered":"1 June, Ylitornio &#038; \u00d6vertorne\u00e5"},"content":{"rendered":"\n<hr class=\"wp-block-separator is-style-wide\"\/>\n\n\n\n<div class=\"wp-block-columns is-layout-flex wp-container-core-columns-is-layout-9d6595d7 wp-block-columns-is-layout-flex\">\n<div class=\"wp-block-column is-layout-flow wp-block-column-is-layout-flow\">\n<p id=\"concert\" style=\"font-size:14px\"><strong>Children&#8217;s concert<\/strong><br><strong><span style=\"color:#ff9933\" class=\"has-inline-color\">HETKUN KETKUN!<\/span><\/strong><br>1 pm (Finnish time)<br>Ylitornio Municipal Hall<br><a rel=\"noreferrer noopener\" href=\"https:\/\/www.eventim-light.com\/fi\/a\/642c1cb274232855f6788b6f\/e\/6441f50814b7500e61db1fdf\" data-type=\"URL\" data-id=\"https:\/\/www.eventim-light.com\/fi\/a\/642c1cb274232855f6788b6f\/e\/6441f50814b7500e61db1fdf\" target=\"_blank\">Tickets: lippu.fi <\/a><\/p>\n\n\n\n<p style=\"font-size:15px\">Folk group Freija performs music for the whole family to enjoy! Traditional and new children\u2019s songs are the elements in this catchy program. Join to familiarize with variety of exciting instruments played by the group and join the fun of song and play!<\/p>\n<\/div>\n\n\n\n<div class=\"wp-block-column is-layout-flow wp-block-column-is-layout-flow\">\n<div class=\"wp-block-image\"><figure class=\"alignleft size-large is-resized\"><img loading=\"lazy\" decoding=\"async\" src=\"https:\/\/vaylafestival.com\/fi\/wp-content\/uploads\/2023\/04\/small_Freija-yhtye-Lastenkonsertti-kuva-Petri-Mulari.png\" alt=\"\" class=\"wp-image-2611\" width=\"271\" height=\"220\"\/><figcaption><em><sup>Freija group (photo:<\/sup><\/em><sup><em> Petri Mulari)<\/em><\/sup><\/figcaption><\/figure><\/div>\n<\/div>\n<\/div>\n\n\n\n<p style=\"font-size:15px\"><strong>Freija<\/strong><br><em>Arto Anttila \u2013 bass, vocals<br>Maija Karhinen-Ilo \u2013 vocals, accordion, recorders<br>Matti Laitinen \u2013 guitars, mandolin, vocals<br>Lassi Logr\u00e9n \u2013 violin, keyed fiddle, bowed lyre, vocals\u00a0<\/em><\/p>\n\n\n\n<p style=\"font-size:15px\">Folk group Freija is known for its rooted music, which it performs equally eagerly to children and adult audiences. Kiekkumaralla \u2013 Folk Songs for Children CD and book made the group popular at Finnish homes with children, and the repertoire has also been featured in the popular daily children\u2019s television program Pikku Kakkonen. The group has performed in many children\u2019s music albums, for instance Piilomets\u00e4n S\u00e4veli\u00e4 and Piilomets\u00e4n Portti, which was chosen as the best children\u2019s music album in Finland in 2022.<\/p>\n\n\n\n<hr class=\"wp-block-separator is-style-wide\" id=\"block-f32b2b1c-7ea4-4da6-bbb4-4a9b70795344\"\/>\n\n\n\n<div class=\"wp-block-columns is-layout-flex wp-container-core-columns-is-layout-9d6595d7 wp-block-columns-is-layout-flex\">\n<div class=\"wp-block-column is-layout-flow wp-block-column-is-layout-flow\" style=\"flex-basis:25%\">\n<div class=\"wp-block-image\"><figure class=\"alignleft size-large\"><img loading=\"lazy\" decoding=\"async\" width=\"151\" height=\"208\" src=\"https:\/\/vaylafestival.com\/fi\/wp-content\/uploads\/2023\/04\/small_Gustafsson_Jan-Erik_kuva_Kaupo_Kikkas.png\" alt=\"\" class=\"wp-image-2615\"\/><figcaption><em><sup>Jan-Erik Gustafsson (photo: Kaupo Kikkas)<\/sup><\/em><\/figcaption><\/figure><\/div>\n<\/div>\n\n\n\n<div class=\"wp-block-column is-layout-flow wp-block-column-is-layout-flow\" style=\"flex-basis:50%\">\n<p class=\"has-text-align-left\" id=\"Concert\" style=\"font-size:15px\"><strong>Concert<br><span style=\"color:#ffcc33\" class=\"has-inline-color\">EXPEDITION<\/span><\/strong><br>6 pm (Swedish time) <br>\u00d6vertorne\u00e5 Church<br><em>free entry, offering<\/em><br><br><\/p>\n<\/div>\n\n\n\n<div class=\"wp-block-column is-layout-flow wp-block-column-is-layout-flow\" style=\"flex-basis:25%\">\n<div class=\"wp-block-image\"><figure class=\"alignleft size-large\"><img loading=\"lazy\" decoding=\"async\" width=\"150\" height=\"208\" src=\"https:\/\/vaylafestival.com\/fi\/wp-content\/uploads\/2023\/04\/small_Bezrodny_Anna-Liisa_kuva_Kaupo_Kikkas-1.png\" alt=\"\" class=\"wp-image-2616\"\/><figcaption><em><sup>Anna-Liisa Bezrodny<\/sup><\/em> <em><sup>(photo: Kaupo Kikkas)<\/sup><\/em><\/figcaption><\/figure><\/div>\n<\/div>\n<\/div>\n\n\n\n<p style=\"font-size:15px\">The astonishingly beautiful \u00d6vertorne\u00e5 Church is the scene for a musical expedition binding together folk music, sacred music, and chamber music from different eras. The Hungarian composer Zolt\u00e1n Kod\u00e1ly found his unique voice through tireless efforts of collecting folk music form the Balkans. His grand work Duo for Violin and Cello finds home in the repertoire of the finest players of those instruments. Frequent performers in the world\u2019s greatest concert halls, violinist <strong>Anna-Liisa Bezrodny<\/strong> and cellist <strong>Jan-Erik Gustafsson<\/strong> are natural performers of Kod\u00e1ly\u2019s grand work, and in addition they offer a rendering of H\u00e4ndel\u2019s Passacaglia, which was made popular in the catchy arrangement by Norwegian composer Johan Halvorsen. <strong>Paavali Jumppanen<\/strong> joins the celebrated string players in a rare potpourri of beloved tunes by J.S. Bach.<\/p>\n\n\n\n<hr class=\"wp-block-separator is-style-wide\"\/>\n\n\n\n<p id=\"block-703fa65b-1d39-4d02-8578-49049ded1a1e\" style=\"font-size:14px\"><em><em><em>The organizer reserves the right to make changes to the program<\/em><\/em><\/em>.<\/p>\n","protected":false},"excerpt":{"rendered":"<p>Children&#8217;s concertHETKUN KETKUN!1 pm (Finnish time)Ylitornio Municipal HallTickets: lippu.fi Folk group Freija performs music for the whole family to enjoy! Traditional and new children\u2019s songs&#8230;<\/p>\n","protected":false},"author":1,"featured_media":0,"parent":0,"menu_order":0,"comment_status":"closed","ping_status":"closed","template":"","meta":{"footnotes":""},"class_list":["post-3002","page","type-page","status-publish","hentry"],"_links":{"self":[{"href":"https:\/\/vaylafestival.com\/fi\/wp-json\/wp\/v2\/pages\/3002","targetHints":{"allow":["GET"]}}],"collection":[{"href":"https:\/\/vaylafestival.com\/fi\/wp-json\/wp\/v2\/pages"}],"about":[{"href":"https:\/\/vaylafestival.com\/fi\/wp-json\/wp\/v2\/types\/page"}],"author":[{"embeddable":true,"href":"https:\/\/vaylafestival.com\/fi\/wp-json\/wp\/v2\/users\/1"}],"replies":[{"embeddable":true,"href":"https:\/\/vaylafestival.com\/fi\/wp-json\/wp\/v2\/comments?post=3002"}],"version-history":[{"count":2,"href":"https:\/\/vaylafestival.com\/fi\/wp-json\/wp\/v2\/pages\/3002\/revisions"}],"predecessor-version":[{"id":3004,"href":"https:\/\/vaylafestival.com\/fi\/wp-json\/wp\/v2\/pages\/3002\/revisions\/3004"}],"wp:attachment":[{"href":"https:\/\/vaylafestival.com\/fi\/wp-json\/wp\/v2\/media?parent=3002"}],"curies":[{"name":"wp","href":"https:\/\/api.w.org\/{rel}","templated":true}]}}