{"id":3217,"date":"2024-05-14T05:20:13","date_gmt":"2024-05-14T02:20:13","guid":{"rendered":"https:\/\/vaylafestival.com\/fi\/?page_id=3217"},"modified":"2024-11-18T04:42:22","modified_gmt":"2024-11-18T02:42:22","slug":"ohjelma","status":"publish","type":"page","link":"https:\/\/vaylafestival.com\/fi\/ohjelma\/","title":{"rendered":"Ohjelma 2024"},"content":{"rendered":"\n<div style=\"height:38px\" aria-hidden=\"true\" class=\"wp-block-spacer\"><\/div>\n\n\n\n<p>KE 26.6.<\/p>\n\n\n\n<div class=\"wp-block-group is-vertical is-layout-flex wp-container-core-group-is-layout-8cf370e7 wp-block-group-is-layout-flex\">\n<div class=\"wp-block-group\"><div class=\"wp-block-group__inner-container is-layout-constrained wp-block-group-is-layout-constrained\">\n<div class=\"wp-block-columns is-layout-flex wp-container-core-columns-is-layout-9d6595d7 wp-block-columns-is-layout-flex\">\n<div class=\"wp-block-column is-layout-flow wp-block-column-is-layout-flow\" style=\"flex-basis:70%\">\n<div class=\"wp-block-group is-vertical is-layout-flex wp-container-core-group-is-layout-8cf370e7 wp-block-group-is-layout-flex\">\n<p class=\"has-medium-font-size\" style=\"letter-spacing:2px\"><a href=\"https:\/\/vaylafestival.com\/fi\/26-6\/\" data-type=\"page\" data-id=\"3285\" target=\"_blank\" rel=\"noreferrer noopener\">KUUJ\u00c4NIS<\/a><\/p>\n\n\n\n<p style=\"font-size:15px\"><strong>Aineen taidemuseon Auditorio<\/strong> klo 14.00<\/p>\n\n\n\n<p style=\"font-size:18px\">Varjonukketeatteritaitelija <strong>Jose Salon<\/strong> Kuuj\u00e4nis-esitys kutsuu koko perheen kuulemaan tarinaa j\u00e4niksest\u00e4 ihmeellisen taivaankappaleen lumoissa. <\/p>\n\n\n\n<p style=\"font-size:18px\">Esityksen j\u00e4lkeen Josen varjonukketeatterity\u00f6paja.<\/p>\n<\/div>\n<\/div>\n\n\n\n<div class=\"wp-block-column is-layout-flow wp-block-column-is-layout-flow\" style=\"flex-basis:30%\"><div class=\"wp-block-image\">\n<figure class=\"alignleft size-full is-resized\"><img loading=\"lazy\" decoding=\"async\" width=\"300\" height=\"169\" src=\"https:\/\/vaylafestival.com\/fi\/wp-content\/uploads\/2024\/05\/KUUJANIS-julistepohja_pieni-edited-1.png\" alt=\"\" class=\"wp-image-3234\" style=\"width:245px;height:auto\"\/><\/figure>\n<\/div>\n\n\n<p class=\"has-small-font-size\"><em>Salo: Kuuj\u00e4nis<\/em><\/p>\n<\/div>\n<\/div>\n\n\n\n<div class=\"wp-block-columns is-layout-flex wp-container-core-columns-is-layout-9d6595d7 wp-block-columns-is-layout-flex\">\n<div class=\"wp-block-column is-layout-flow wp-block-column-is-layout-flow\" style=\"flex-basis:70%\">\n<div class=\"wp-block-group is-vertical is-layout-flex wp-container-core-group-is-layout-8cf370e7 wp-block-group-is-layout-flex\">\n<p class=\"has-medium-font-size\" style=\"letter-spacing:2px\"><a href=\"https:\/\/vaylafestival.com\/fi\/26-6\/\" data-type=\"page\" data-id=\"3285\" target=\"_blank\" rel=\"noreferrer noopener\">TAITEILIJATAPAAMINEN: KUUTTI LAVONEN<\/a><\/p>\n\n\n\n<p style=\"font-size:15px\"><strong>Aineen taidemuseo<\/strong> klo 16.30<\/p>\n\n\n\n<p>Tule kuulemaan taiteilija, professori <strong>Kuutti Lavosen<\/strong> ajatuksia n\u00e4yttelyst\u00e4 <em>Purjehdus hiljaisuuteen<\/em>, joka on esill\u00e4 Aineen taidemuseossa 24.5.\u201329.9.2024. Taiteilijatapaamisen juontaa amanuessi Amanda Hakok\u00f6ng\u00e4s.<\/p>\n<\/div>\n<\/div>\n\n\n\n<div class=\"wp-block-column is-layout-flow wp-block-column-is-layout-flow\" style=\"flex-basis:30%\"><div class=\"wp-block-image\">\n<figure class=\"alignleft size-full is-resized\"><img loading=\"lazy\" decoding=\"async\" width=\"300\" height=\"208\" src=\"https:\/\/vaylafestival.com\/fi\/wp-content\/uploads\/2024\/05\/Rovaniemen-taidemuseo_Wihurin-rahasto_pieni.png\" alt=\"Kuutti Lavonen, Contemplation (Outer),Rovaniemen taidemuseo\/Jenny ja Antti Wihurin rahaston kokoelma\" class=\"wp-image-3253\" style=\"width:245px;height:auto\"\/><\/figure>\n<\/div>\n\n\n<p class=\"has-small-font-size\"><em><em>Kuutti Lavonen, Contemplation (Outer), litografia 38\/50, Jenny ja Antti Wihurin rahaston kokoelma \/ Rovaniemen taidemuseon. Kuvaaja Arto Liiti<\/em>.<\/em><\/p>\n<\/div>\n<\/div>\n\n\n\n<div class=\"wp-block-columns is-layout-flex wp-container-core-columns-is-layout-9d6595d7 wp-block-columns-is-layout-flex\">\n<div class=\"wp-block-column is-layout-flow wp-block-column-is-layout-flow\" style=\"flex-basis:70%\">\n<div class=\"wp-block-group is-vertical is-layout-flex wp-container-core-group-is-layout-8cf370e7 wp-block-group-is-layout-flex\">\n<p class=\"has-medium-font-size\" style=\"letter-spacing:2px\"><a href=\"https:\/\/vaylafestival.com\/fi\/26-6\/\" data-type=\"page\" data-id=\"3285\" target=\"_blank\" rel=\"noreferrer noopener\">O NOTTE O CIELO O MARE \u2013 Y\u00d6 MERELL\u00c4<\/a><\/p>\n\n\n\n<p style=\"font-size:15px\"><strong>Aineen taidemuseon sali <\/strong>klo 18.00<\/p>\n\n\n\n<p>Nokkahuilukvartetti <strong>Bravade <\/strong>on kamarimusiikkikent\u00e4ll\u00e4 harvinainen kokoonpano. Yhtyeen konsertissa soivat renessanssin ja barokin ajan teosaarteet.<\/p>\n<\/div>\n<\/div>\n\n\n\n<div class=\"wp-block-column is-layout-flow wp-block-column-is-layout-flow\" style=\"flex-basis:30%\"><div class=\"wp-block-image\">\n<figure class=\"alignleft size-full is-resized\"><img loading=\"lazy\" decoding=\"async\" width=\"300\" height=\"200\" src=\"https:\/\/vaylafestival.com\/fi\/wp-content\/uploads\/2024\/05\/Bravade_cr_Teemu_Mattsson_pieni.png\" alt=\"\" class=\"wp-image-3259\" style=\"width:245px;height:auto\"\/><\/figure>\n<\/div>\n\n\n<p class=\"has-small-font-size\"><em>Bravade (kuva: Teemu Mattsson)<\/em><\/p>\n<\/div>\n<\/div>\n<\/div><\/div>\n<\/div>\n\n\n\n<hr class=\"wp-block-separator has-alpha-channel-opacity\"\/>\n\n\n\n<p>TO 27.6.<\/p>\n\n\n\n<div class=\"wp-block-group is-vertical is-layout-flex wp-container-core-group-is-layout-8cf370e7 wp-block-group-is-layout-flex\">\n<div class=\"wp-block-group\"><div class=\"wp-block-group__inner-container is-layout-constrained wp-block-group-is-layout-constrained\">\n<div class=\"wp-block-columns is-layout-flex wp-container-core-columns-is-layout-9d6595d7 wp-block-columns-is-layout-flex\">\n<div class=\"wp-block-column is-layout-flow wp-block-column-is-layout-flow\" style=\"flex-basis:70%\">\n<div class=\"wp-block-group is-vertical is-layout-flex wp-container-core-group-is-layout-8cf370e7 wp-block-group-is-layout-flex\">\n<p class=\"has-medium-font-size\" style=\"letter-spacing:2px\"><a href=\"https:\/\/vaylafestival.com\/fi\/28-6\/\" target=\"_blank\" rel=\"noreferrer noopener\">TUHAT VUOTTA PUISIA HUILUJA<\/a><\/p>\n\n\n\n<p style=\"font-size:15px\"><strong>S\u00e4rkilahden kirkko<\/strong> klo 18.00 (Ruotsin aikaa)<\/p>\n\n\n\n<p style=\"font-size:18px\">Nokkahuilukvartetti <strong>Bravaden<\/strong> festivaalin toisen konsertin vanhimmat s\u00e4velet ovat per\u00e4isin 1000-luvulla el\u00e4neelt\u00e4 Hildegard Bingenil\u00e4iselt\u00e4, toisessa \u00e4\u00e4rip\u00e4\u00e4ss\u00e4 kuullaan Riikka Talvitien yhtyeelle s\u00e4velt\u00e4m\u00e4\u00e4 musiikkia.<\/p>\n<\/div>\n<\/div>\n\n\n\n<div class=\"wp-block-column is-layout-flow wp-block-column-is-layout-flow\" style=\"flex-basis:30%\"><div class=\"wp-block-image\">\n<figure class=\"alignleft size-full is-resized\"><img loading=\"lazy\" decoding=\"async\" width=\"300\" height=\"207\" src=\"https:\/\/vaylafestival.com\/fi\/wp-content\/uploads\/2024\/05\/Bravade2_cr_Teemu_Mattsson_pieni.png\" alt=\"\" class=\"wp-image-3261\" style=\"width:245px;height:auto\"\/><\/figure>\n<\/div>\n\n\n<p class=\"has-small-font-size\"><em>Bravade (kuva: Teemu Mattsson)<\/em><\/p>\n<\/div>\n<\/div>\n\n\n\n<hr class=\"wp-block-separator has-alpha-channel-opacity\"\/>\n\n\n\n<p>PE 28.6.<\/p>\n\n\n\n<div class=\"wp-block-columns is-layout-flex wp-container-core-columns-is-layout-9d6595d7 wp-block-columns-is-layout-flex\">\n<div class=\"wp-block-column is-layout-flow wp-block-column-is-layout-flow\" style=\"flex-basis:70%\">\n<div class=\"wp-block-group is-vertical is-layout-flex wp-container-core-group-is-layout-8cf370e7 wp-block-group-is-layout-flex\">\n<p class=\"has-medium-font-size\" style=\"letter-spacing:2px\"><a href=\"https:\/\/vaylafestival.com\/fi\/28-6\/\" target=\"_blank\" rel=\"noreferrer noopener\">TOCCATA JA FUUGA<\/a><\/p>\n\n\n\n<p style=\"font-size:15px\"><strong>\u00d6vertorne\u00e5n kirkko<\/strong> klo 18.00 (Ruotsin aikaa)<\/p>\n\n\n\n<p>Konserttiurkuri <strong>Pauliina Hyryn<\/strong> konsertin teosvalintoja ovat J.G. Waltherin ja D. Buxtehuden kappaleet sek\u00e4 maailman kuuluisin urkuteos, J.S. Bachin Toccata ja fuuga d-molli. Konsertissa soivat \u00d6vertorne\u00e5n kirkossa sijaitsevat Ruotsin vanhimmat urut.<\/p>\n<\/div>\n<\/div>\n\n\n\n<div class=\"wp-block-column is-layout-flow wp-block-column-is-layout-flow\" style=\"flex-basis:30%\"><div class=\"wp-block-image\">\n<figure class=\"alignleft size-full is-resized\"><img loading=\"lazy\" decoding=\"async\" width=\"300\" height=\"200\" src=\"https:\/\/vaylafestival.com\/fi\/wp-content\/uploads\/2024\/05\/Pauliina_Hyry_kuva_PihlaLiukkonen_Kontrastia-23_pieni-edited-2.png\" alt=\"\" class=\"wp-image-3287\" style=\"width:245px\"\/><\/figure>\n<\/div>\n\n\n<p class=\"has-small-font-size\"><em>Pauliina Hyry (kuva: Pihla Liukkonen)<\/em><\/p>\n<\/div>\n<\/div>\n\n\n\n<hr class=\"wp-block-separator has-alpha-channel-opacity\"\/>\n\n\n\n<p>LA 29.6.<\/p>\n\n\n\n<div class=\"wp-block-columns is-layout-flex wp-container-core-columns-is-layout-9d6595d7 wp-block-columns-is-layout-flex\">\n<div class=\"wp-block-column is-layout-flow wp-block-column-is-layout-flow\" style=\"flex-basis:70%\">\n<div class=\"wp-block-group is-vertical is-layout-flex wp-container-core-group-is-layout-8cf370e7 wp-block-group-is-layout-flex\">\n<p class=\"has-medium-font-size\" style=\"letter-spacing:2px\"><a href=\"https:\/\/vaylafestival.com\/fi\/29-6\/\" target=\"_blank\" rel=\"noreferrer noopener\">KUUJ\u00c4NIS<\/a><\/p>\n\n\n\n<p style=\"font-size:15px\"><strong>Muonion kotiseutumuseo<\/strong> klo 12.00<\/p>\n\n\n\n<p style=\"font-size:18px\">Varjonukketeatteritaitelija <strong>Jose Salon<\/strong> Kuuj\u00e4nis-esitys kutsuu koko perheen kuulemaan tarinaa j\u00e4niksest\u00e4 ihmeellisen taivaankappaleen lumoissa. <\/p>\n\n\n\n<p style=\"font-size:18px\">Esityksen j\u00e4lkeen Josen varjonukketeatterity\u00f6paja.<\/p>\n<\/div>\n<\/div>\n\n\n\n<div class=\"wp-block-column is-layout-flow wp-block-column-is-layout-flow\" style=\"flex-basis:30%\"><div class=\"wp-block-image\">\n<figure class=\"alignleft size-full is-resized\"><img loading=\"lazy\" decoding=\"async\" width=\"300\" height=\"169\" src=\"https:\/\/vaylafestival.com\/fi\/wp-content\/uploads\/2024\/05\/KUUJANIS-julistepohja_pieni-edited-1.png\" alt=\"\" class=\"wp-image-3234\" style=\"width:245px;height:auto\"\/><\/figure>\n<\/div>\n\n\n<p class=\"has-small-font-size\"><em>Salo: Kuuj\u00e4nis<\/em><\/p>\n<\/div>\n<\/div>\n<\/div><\/div>\n<\/div>\n\n\n\n<div class=\"wp-block-columns is-layout-flex wp-container-core-columns-is-layout-9d6595d7 wp-block-columns-is-layout-flex\">\n<div class=\"wp-block-column is-layout-flow wp-block-column-is-layout-flow\" style=\"flex-basis:70%\">\n<div class=\"wp-block-group is-vertical is-layout-flex wp-container-core-group-is-layout-8cf370e7 wp-block-group-is-layout-flex\">\n<p class=\"has-medium-font-size\" style=\"letter-spacing:2px\"><a href=\"https:\/\/vaylafestival.com\/fi\/29-6\/\" data-type=\"link\" data-id=\"https:\/\/vaylafestival.com\/fi\/29-6\/\" target=\"_blank\" rel=\"noreferrer noopener\">TAULAVUORIFARM<\/a><\/p>\n\n\n\n<p style=\"font-size:15px\"><strong>Maatiaisel\u00e4imiin tutustumista<\/strong> <strong>Muoniossa<\/strong> klo 13.00 (heti ty\u00f6pajan j\u00e4lkeen)<\/p>\n\n\n\n<p>TaulavuoriFarm hakee vertaistansa. Tule tutustumaan maatiaisel\u00e4imiin, kun Taulavuorien perhe esittelee tilan ruunia, kyytt\u00f6sonneja, lapinlehm\u00e4\u00e4, koiria ja kanoja sek\u00e4 muutaman viikon ik\u00e4isi\u00e4 karitsoja.<\/p>\n<\/div>\n<\/div>\n\n\n\n<div class=\"wp-block-column is-layout-flow wp-block-column-is-layout-flow\" style=\"flex-basis:30%\"><div class=\"wp-block-image\">\n<figure class=\"alignleft size-full is-resized\"><img loading=\"lazy\" decoding=\"async\" width=\"300\" height=\"169\" src=\"https:\/\/vaylafestival.com\/fi\/wp-content\/uploads\/2024\/05\/Taulavuorifarm_pieni-edited.png\" alt=\"\" class=\"wp-image-3268\" style=\"width:245px;height:auto\"\/><\/figure>\n<\/div>\n\n\n<p class=\"has-small-font-size\"><em>TaulavuoriFarm<\/em><\/p>\n<\/div>\n<\/div>\n\n\n\n<div class=\"wp-block-columns is-layout-flex wp-container-core-columns-is-layout-9d6595d7 wp-block-columns-is-layout-flex\">\n<div class=\"wp-block-column is-layout-flow wp-block-column-is-layout-flow\" style=\"flex-basis:70%\">\n<div class=\"wp-block-group is-vertical is-layout-flex wp-container-core-group-is-layout-8cf370e7 wp-block-group-is-layout-flex\">\n<p class=\"has-medium-font-size\" style=\"letter-spacing:2px\"><a href=\"https:\/\/vaylafestival.com\/fi\/29-6\/\" data-type=\"link\" data-id=\"https:\/\/vaylafestival.com\/fi\/29-6\/\" target=\"_blank\" rel=\"noreferrer noopener\">MIT\u00c4 TORNIONLAAKSON LUONNOSSA TAPAHTUU?<\/a><\/p>\n\n\n\n<p style=\"font-size:15px\"><strong>Rajamaa, Muonionalusta<\/strong> klo 14.00 (Ruotsin aikaa)<\/p>\n\n\n\n<p>Keskustelutilaisuudessa Lapin yliopiston Arktisen keskuksen johtaja <strong>Johanna Ik\u00e4valko<\/strong> ja Norrbottenin l\u00e4\u00e4ninhallituksen ymp\u00e4rist\u00f6koordinaattori <strong>J\u00f6rgen Naalisvaara<\/strong> alustavat luonnon akuuteista muutoksista ja niist\u00e4 rajan molemmin puolin k\u00e4yt\u00e4v\u00e4st\u00e4 keskustelusta.<\/p>\n<\/div>\n<\/div>\n\n\n\n<div class=\"wp-block-column is-layout-flow wp-block-column-is-layout-flow\" style=\"flex-basis:30%\"><div class=\"wp-block-image\">\n<figure class=\"alignleft size-full is-resized\"><img loading=\"lazy\" decoding=\"async\" width=\"1771\" height=\"1181\" src=\"https:\/\/vaylafestival.com\/fi\/wp-content\/uploads\/2024\/05\/Vayla-3605p.jpg\" alt=\"\" class=\"wp-image-3269\" style=\"width:245px;height:auto\" srcset=\"https:\/\/vaylafestival.com\/fi\/wp-content\/uploads\/2024\/05\/Vayla-3605p.jpg 1771w, https:\/\/vaylafestival.com\/fi\/wp-content\/uploads\/2024\/05\/Vayla-3605p-300x200.jpg 300w, https:\/\/vaylafestival.com\/fi\/wp-content\/uploads\/2024\/05\/Vayla-3605p-1024x683.jpg 1024w, https:\/\/vaylafestival.com\/fi\/wp-content\/uploads\/2024\/05\/Vayla-3605p-768x512.jpg 768w, https:\/\/vaylafestival.com\/fi\/wp-content\/uploads\/2024\/05\/Vayla-3605p-1536x1024.jpg 1536w\" sizes=\"auto, (max-width: 1771px) 100vw, 1771px\" \/><\/figure>\n<\/div>\n\n\n<p class=\"has-small-font-size\"><em>V\u00e4yl\u00e4 (kuva: Maarit Kyt\u00f6harju)<\/em><\/p>\n<\/div>\n<\/div>\n\n\n\n<hr class=\"wp-block-separator has-alpha-channel-opacity\"\/>\n\n\n\n<p>KE 3.7.<\/p>\n\n\n\n<div class=\"wp-block-columns is-layout-flex wp-container-core-columns-is-layout-9d6595d7 wp-block-columns-is-layout-flex\">\n<div class=\"wp-block-column is-layout-flow wp-block-column-is-layout-flow\" style=\"flex-basis:70%\">\n<div class=\"wp-block-group is-vertical is-layout-flex wp-container-core-group-is-layout-8cf370e7 wp-block-group-is-layout-flex\">\n<p class=\"has-medium-font-size\" style=\"letter-spacing:2px\"><a href=\"https:\/\/vaylafestival.com\/fi\/3-7\/\" target=\"_blank\" rel=\"noreferrer noopener\">PUUT OVAT RUKOUKSIA &amp; AVOIMEN TAIVAAN ALLA<\/a><\/p>\n\n\n\n<p style=\"font-size:15px\"><strong>Tornionlaakson teatteri<\/strong>, <strong>Pajala<\/strong> klo 18.00 (Ruotsin aikaa)<\/p>\n\n\n\n<p>Kaksi koskettavaa teosta upean esitt\u00e4j\u00e4joukon tulkitsemana:<\/p>\n\n\n\n<p style=\"font-size:18px\">\u201d<em><strong>Puut ovat rukouksia<\/strong><\/em>\u201d on n\u00e4yttelij\u00e4 <strong>Hannu-Pekka Bj\u00f6rkmanin<\/strong>, saksofonisti <strong>Jukka Perkon<\/strong> ja kanteletaiteilija <strong>Eva V\u00e4ljaotsin<\/strong> luoma pohjoismaisiin runoihin nojautuva musiikin ja tekstin kollaasi.<\/p>\n\n\n\n<p style=\"font-size:18px\">V\u00e4yl\u00e4festivaalin tilausteos, Jukka Perkon s\u00e4velt\u00e4m\u00e4 ja Nils-Aslak Valkeap\u00e4\u00e4n runoihin pohjautuva \u201d<em><strong>Avoimen taivaan alla<\/strong><\/em>\u201d, kuullaan Perkon ja ly\u00f6m\u00e4soittaja <strong>Mikko Hassisen<\/strong> esityksen\u00e4. \u00c1illoha\u0161ina tunnetun taiteilijan runot on alkukielell\u00e4 \u00e4\u00e4nitt\u00e4nyt <strong>\u00c5sa Simma<\/strong>.<\/p>\n<\/div>\n<\/div>\n\n\n\n<div class=\"wp-block-column is-layout-flow wp-block-column-is-layout-flow\" style=\"flex-basis:30%\"><div class=\"wp-block-image\">\n<figure class=\"alignleft size-full is-resized\"><img loading=\"lazy\" decoding=\"async\" width=\"500\" height=\"419\" src=\"https:\/\/vaylafestival.com\/fi\/wp-content\/uploads\/2024\/05\/Nelikko_pieni.png\" alt=\"\" class=\"wp-image-3282\" style=\"width:245px;height:auto\" srcset=\"https:\/\/vaylafestival.com\/fi\/wp-content\/uploads\/2024\/05\/Nelikko_pieni.png 500w, https:\/\/vaylafestival.com\/fi\/wp-content\/uploads\/2024\/05\/Nelikko_pieni-300x251.png 300w\" sizes=\"auto, (max-width: 500px) 100vw, 500px\" \/><\/figure>\n<\/div>\n\n\n<p class=\"has-small-font-size\"><em><em>Jukka Perko (cr. Mika Toivanen), Eva V\u00e4ljaots, Hannu-Pekka Bj\u00f6rkman (cr. Laura Malmivaara), Mikko Hassinen (cr. Heidi Piiroinen)<\/em><\/em><\/p>\n<\/div>\n<\/div>\n\n\n\n<hr class=\"wp-block-separator has-alpha-channel-opacity\"\/>\n\n\n\n<p>TO 4.7.<\/p>\n\n\n\n<div class=\"wp-block-columns is-layout-flex wp-container-core-columns-is-layout-9d6595d7 wp-block-columns-is-layout-flex\">\n<div class=\"wp-block-column is-layout-flow wp-block-column-is-layout-flow\" style=\"flex-basis:70%\">\n<div class=\"wp-block-group is-vertical is-layout-flex wp-container-core-group-is-layout-8cf370e7 wp-block-group-is-layout-flex\">\n<p class=\"has-medium-font-size\" style=\"letter-spacing:2px\"><a href=\"https:\/\/vaylafestival.com\/fi\/4-7\/\" target=\"_blank\" rel=\"noreferrer noopener\">PUUT OVAT RUKOUKSIA &amp; AVOIMEN TAIVAAN ALLA<\/a><\/p>\n\n\n\n<p style=\"font-size:15px\"><strong>Ylitornion kirkko<\/strong> klo 19.00<\/p>\n\n\n\n<p style=\"font-size:18px\">Kaksi koskettavaa teosta upean esitt\u00e4j\u00e4joukon tulkitsemana:<\/p>\n\n\n\n<p style=\"font-size:18px\">\u201d<em><strong>Puut ovat rukouksia<\/strong><\/em>\u201d on n\u00e4yttelij\u00e4 <strong>Hannu-Pekka Bj\u00f6rkmanin<\/strong>, saksofonisti <strong>Jukka Perkon<\/strong> ja kanteletaiteilija <strong>Eva V\u00e4ljaotsin<\/strong> luoma pohjoismaisiin runoihin nojautuva musiikin ja tekstin kollaasi.<\/p>\n\n\n\n<p style=\"font-size:18px\">V\u00e4yl\u00e4festivaalin tilausteos, Jukka Perkon s\u00e4velt\u00e4m\u00e4 ja Nils-Aslak Valkeap\u00e4\u00e4n runoihin pohjautuva \u201d<em><strong>Avoimen taivaan alla<\/strong><\/em>\u201d, kuullaan Perkon ja ly\u00f6m\u00e4soittaja <strong>Mikko Hassisen<\/strong> esityksen\u00e4. \u00c1illoha\u0161ina tunnetun taiteilijan runot on alkukielell\u00e4 \u00e4\u00e4nitt\u00e4nyt <strong>\u00c5sa Simma<\/strong>.<\/p>\n<\/div>\n<\/div>\n\n\n\n<div class=\"wp-block-column is-layout-flow wp-block-column-is-layout-flow\" style=\"flex-basis:30%\"><div class=\"wp-block-image\">\n<figure class=\"alignleft size-full is-resized\"><img loading=\"lazy\" decoding=\"async\" width=\"500\" height=\"419\" src=\"https:\/\/vaylafestival.com\/fi\/wp-content\/uploads\/2024\/05\/Nelikko_pieni.png\" alt=\"\" class=\"wp-image-3282\" style=\"width:245px;height:auto\" srcset=\"https:\/\/vaylafestival.com\/fi\/wp-content\/uploads\/2024\/05\/Nelikko_pieni.png 500w, https:\/\/vaylafestival.com\/fi\/wp-content\/uploads\/2024\/05\/Nelikko_pieni-300x251.png 300w\" sizes=\"auto, (max-width: 500px) 100vw, 500px\" \/><\/figure>\n<\/div>\n\n\n<p class=\"has-small-font-size\"><em>Jukka Perko (cr. Mika Toivanen), Eva V\u00e4ljaots, Hannu-Pekka Bj\u00f6rkman (cr. Laura Malmivaara), Mikko Hassinen (cr. Heidi Piiroinen)<\/em><\/p>\n<\/div>\n<\/div>\n\n\n\n<hr class=\"wp-block-separator has-alpha-channel-opacity\"\/>\n\n\n\n<p class=\"has-small-font-size\"><em>Oikeudet muutoksiin pid\u00e4tet\u00e4\u00e4n. <\/em><\/p>\n","protected":false},"excerpt":{"rendered":"<p>KE 26.6. KUUJ\u00c4NIS Aineen taidemuseon Auditorio klo 14.00 Varjonukketeatteritaitelija Jose Salon Kuuj\u00e4nis-esitys kutsuu koko perheen kuulemaan tarinaa j\u00e4niksest\u00e4 ihmeellisen taivaankappaleen lumoissa. Esityksen j\u00e4lkeen Josen varjonukketeatterity\u00f6paja&#8230;.<\/p>\n","protected":false},"author":1,"featured_media":0,"parent":0,"menu_order":0,"comment_status":"closed","ping_status":"closed","template":"","meta":{"footnotes":""},"class_list":["post-3217","page","type-page","status-publish","hentry"],"_links":{"self":[{"href":"https:\/\/vaylafestival.com\/fi\/wp-json\/wp\/v2\/pages\/3217","targetHints":{"allow":["GET"]}}],"collection":[{"href":"https:\/\/vaylafestival.com\/fi\/wp-json\/wp\/v2\/pages"}],"about":[{"href":"https:\/\/vaylafestival.com\/fi\/wp-json\/wp\/v2\/types\/page"}],"author":[{"embeddable":true,"href":"https:\/\/vaylafestival.com\/fi\/wp-json\/wp\/v2\/users\/1"}],"replies":[{"embeddable":true,"href":"https:\/\/vaylafestival.com\/fi\/wp-json\/wp\/v2\/comments?post=3217"}],"version-history":[{"count":53,"href":"https:\/\/vaylafestival.com\/fi\/wp-json\/wp\/v2\/pages\/3217\/revisions"}],"predecessor-version":[{"id":3544,"href":"https:\/\/vaylafestival.com\/fi\/wp-json\/wp\/v2\/pages\/3217\/revisions\/3544"}],"wp:attachment":[{"href":"https:\/\/vaylafestival.com\/fi\/wp-json\/wp\/v2\/media?parent=3217"}],"curies":[{"name":"wp","href":"https:\/\/api.w.org\/{rel}","templated":true}]}}