{"id":3285,"date":"2024-05-20T16:04:05","date_gmt":"2024-05-20T13:04:05","guid":{"rendered":"https:\/\/vaylafestival.com\/fi\/?page_id=3285"},"modified":"2024-06-18T21:32:33","modified_gmt":"2024-06-18T18:32:33","slug":"26-6","status":"publish","type":"page","link":"https:\/\/vaylafestival.com\/fi\/26-6\/","title":{"rendered":"26.6. Tornio"},"content":{"rendered":"\n<p><strong>Taiteet vuoropuhelussa \u2013 Jose Salo, Kuutti Lavonen ja Bravade-nokkahuilukvartetti Aineen taidemuseossa&nbsp;<\/strong><\/p>\n\n\n\n<p>V\u00e4yl\u00e4festivaali rantautuu avajaisp\u00e4iv\u00e4n\u00e4\u00e4n Aineen taidemuseoon. Lapset kokevat varjonukketeatterin taikaa ja taiteilijatapaamisessa kuvataiteilija Kuutti Lavonen kertoo n\u00e4yttelyst\u00e4\u00e4n, joka kohtaa illan konsertissa renessanssimusiikin ja puuhuiluilla taituroivan Bravade-yhtyeen. <\/p>\n\n\n\n<p>P\u00e4iv\u00e4n tapahtumat ovat p\u00e4\u00e4symaksuttomia. Ohjelma j\u00e4rjestet\u00e4\u00e4n yhteisty\u00f6ss\u00e4 Aineen taidemuseon kanssa. Caf\u00e9 Aine on auki tilaisuuksien aikana. <\/p>\n\n\n\n<hr class=\"wp-block-separator has-alpha-channel-opacity\"\/>\n\n\n\n<div class=\"wp-block-columns is-layout-flex wp-container-core-columns-is-layout-9d6595d7 wp-block-columns-is-layout-flex\">\n<div class=\"wp-block-column is-layout-flow wp-block-column-is-layout-flow\" style=\"flex-basis:70%\">\n<div class=\"wp-block-group is-vertical is-layout-flex wp-container-core-group-is-layout-8cf370e7 wp-block-group-is-layout-flex\">\n<p class=\"has-medium-font-size\" style=\"letter-spacing:2px\">KLO 14.00  KUUJ\u00c4NIS<\/p>\n\n\n\n<p style=\"font-size:15px\"><strong>Aineen taidemuseon Auditorio<\/strong>, Torikatu 2, 95400 Tornio<\/p>\n\n\n\n<p style=\"font-size:18px\">Varjonukketeatteritaitelija <strong>Jose Salon<\/strong> Kuuj\u00e4nis-esitys kutsuu koko perheen kuulemaan j\u00e4niksen tarinaa ihmeellisen taivaankappaleen parissa. <\/p>\n\n\n\n<p>Esityksen j\u00e4lkeen Josen varjonukketeatterity\u00f6paja. Kokonaisuuden kesto on noin 1 tunti.<\/p>\n\n\n\n<p><em>Vapaa p\u00e4\u00e4sy. Ik\u00e4suositus +4-vuotiaille.<\/em><\/p>\n<\/div>\n<\/div>\n\n\n\n<div class=\"wp-block-column is-layout-flow wp-block-column-is-layout-flow\" style=\"flex-basis:30%\"><div class=\"wp-block-image\">\n<figure class=\"alignleft size-full is-resized\"><img loading=\"lazy\" decoding=\"async\" width=\"300\" height=\"169\" src=\"https:\/\/vaylafestival.com\/fi\/wp-content\/uploads\/2024\/05\/KUUJANIS-julistepohja_pieni-edited-1.png\" alt=\"\" class=\"wp-image-3234\" style=\"width:245px;height:auto\"\/><\/figure>\n<\/div>\n\n\n<p class=\"has-small-font-size\"><em>Salo: Kuuj\u00e4nis<\/em><\/p>\n<\/div>\n<\/div>\n\n\n\n<hr class=\"wp-block-separator has-alpha-channel-opacity\"\/>\n\n\n\n<div class=\"wp-block-columns is-layout-flex wp-container-core-columns-is-layout-9d6595d7 wp-block-columns-is-layout-flex\">\n<div class=\"wp-block-column is-layout-flow wp-block-column-is-layout-flow\" style=\"flex-basis:70%\">\n<div class=\"wp-block-group is-vertical is-layout-flex wp-container-core-group-is-layout-8cf370e7 wp-block-group-is-layout-flex\">\n<p class=\"has-medium-font-size\" style=\"letter-spacing:2px\">KLO 16.30  TAITEILIJATAPAAMINEN: KUUTTI LAVONEN<\/p>\n\n\n\n<p style=\"font-size:15px\"><strong>Aineen taidemuseo<\/strong>, Torikatu 2, 95400 Tornio<\/p>\n\n\n\n<p>Tule kuulemaan taiteilija, professori <strong>Kuutti Lavosen<\/strong> ajatuksia n\u00e4yttelyst\u00e4\u00e4n <em>Purjehdus hiljaisuuteen<\/em>, joka on esill\u00e4 Aineen taidemuseossa 24.5.\u201329.9.2024. Taiteilijatapaamisen juontaa amanuessi <strong>Amanda Hakok\u00f6ng\u00e4s<\/strong>.<\/p>\n\n\n\n<p>&#8220;N\u00e4yttelyn nimi viittaa liikkeeseen ja \u00e4\u00e4nen hiljentymiseen, pois lipumiseen. Lavosen teokset tarjoavat niit\u00e4 katsovalle kuin lepopaikan, purjehtimisen hetken, jossa hiljaisuus n\u00e4ytt\u00e4ytyy kauneuden kokemuksena. Teoksissa viittaukset renessanssin ja barokin taiteeseen liitt\u00e4v\u00e4t ne osaksi suurempia taidehistoriallisia jatkumoita. N\u00e4yttelyn runollinen kokonaisuus valottaa taiteilijan monipuolista ja pitk\u00e4\u00e4 uraa. Kuutti Lavosen teoksissa hiljaisuuskin soi.&#8221; (Amanda Hakok\u00f6ng\u00e4s)<\/p>\n\n\n\n<p><em>Vapaa p\u00e4\u00e4sy.<\/em><\/p>\n<\/div>\n<\/div>\n\n\n\n<div class=\"wp-block-column is-layout-flow wp-block-column-is-layout-flow\" style=\"flex-basis:30%\"><div class=\"wp-block-image\">\n<figure class=\"alignleft size-full is-resized\"><img loading=\"lazy\" decoding=\"async\" width=\"300\" height=\"208\" src=\"https:\/\/vaylafestival.com\/fi\/wp-content\/uploads\/2024\/05\/Rovaniemen-taidemuseo_Wihurin-rahasto_pieni.png\" alt=\"Kuutti Lavonen, Contemplation (Outer),Rovaniemen taidemuseo\/Jenny ja Antti Wihurin rahaston kokoelma\" class=\"wp-image-3253\" style=\"width:245px;height:auto\"\/><\/figure>\n<\/div>\n\n\n<p class=\"has-small-font-size\"><em>Kuutti Lavonen, Contemplation (Outer), litografia 38\/50, Jenny ja Antti Wihurin rahaston kokoelma \/ Rovaniemen taidemuseon. Kuvaaja Arto Liiti<\/em>.<\/p>\n<\/div>\n<\/div>\n\n\n\n<hr class=\"wp-block-separator has-alpha-channel-opacity\"\/>\n\n\n\n<div class=\"wp-block-columns is-layout-flex wp-container-core-columns-is-layout-9d6595d7 wp-block-columns-is-layout-flex\">\n<div class=\"wp-block-column is-layout-flow wp-block-column-is-layout-flow\" style=\"flex-basis:100%\">\n<div class=\"wp-block-group is-vertical is-layout-flex wp-container-core-group-is-layout-8cf370e7 wp-block-group-is-layout-flex\">\n<p class=\"has-medium-font-size\" style=\"letter-spacing:2px\">KLO 18.00  O NOTTE O CIEO O MARE \u2013 Y\u00d6 MERELL\u00c4<\/p>\n\n\n\n<p style=\"font-size:15px\"><strong>Aineen taidemuseon sali<\/strong>, Torikatu 2, 95400 Tornio<\/p>\n\n\n\n<p>Nokkahuilukvartetti <strong>Bravade <\/strong>on kamarimusiikkikent\u00e4ll\u00e4 harvinainen kokoonpano. Yhtyeen konsertissa soi toistakymment\u00e4 renessanssin ja barokin ajan teosta. <\/p>\n\n\n\n<p><em>Vapaa p\u00e4\u00e4sy. Konsertin kesto noin 1,5 tuntia sis\u00e4lt\u00e4en v\u00e4liajan.<\/em> <\/p>\n<\/div>\n<\/div>\n<\/div>\n\n\n\n<div class=\"wp-block-columns is-layout-flex wp-container-core-columns-is-layout-9d6595d7 wp-block-columns-is-layout-flex\">\n<div class=\"wp-block-column is-layout-flow wp-block-column-is-layout-flow\">\n<figure class=\"wp-block-image size-full is-resized\"><img loading=\"lazy\" decoding=\"async\" width=\"800\" height=\"533\" src=\"https:\/\/vaylafestival.com\/fi\/wp-content\/uploads\/2024\/05\/Bravade_cr_medium_Teemu_Mattsson.png\" alt=\"\" class=\"wp-image-3312\" style=\"width:473px;height:auto\" srcset=\"https:\/\/vaylafestival.com\/fi\/wp-content\/uploads\/2024\/05\/Bravade_cr_medium_Teemu_Mattsson.png 800w, https:\/\/vaylafestival.com\/fi\/wp-content\/uploads\/2024\/05\/Bravade_cr_medium_Teemu_Mattsson-300x200.png 300w, https:\/\/vaylafestival.com\/fi\/wp-content\/uploads\/2024\/05\/Bravade_cr_medium_Teemu_Mattsson-768x512.png 768w\" sizes=\"auto, (max-width: 800px) 100vw, 800px\" \/><\/figure>\n\n\n\n<p class=\"has-small-font-size\"><em>Kuva: Teemu Mattsson<\/em><\/p>\n<\/div>\n<\/div>\n\n\n\n<p><strong>Bravade<\/strong> on erityisesti renessanssinokkahuiluihin perehtynyt ja valovoimainen nokkahuilukvartetti. T\u00e4n\u00e4 vuonna 20-vuotisjuhlavuottaan viett\u00e4neen yhtyeen muusikot (Sunniva Fagerlund, Pauliina Fred, Hanna Haapam\u00e4ki, Hanna Paatelma) ovat monikasvoisia musiikkikent\u00e4n toimijoita. Ahkerasti maailmaa kiert\u00e4neen Bravaden tavoitteena on esitell\u00e4 kuulijoilleen nokkahuilumusiikin laajaa kirjoa sek\u00e4 tuoda esiin upeiden soittimiensa s\u00e4vyj\u00e4 ja mahdollisuuksia. Kvartetin monipuolisesta ohjelmistosta l\u00f6ytyy musiikkia keskiajalta nykyp\u00e4iv\u00e4\u00e4n, s\u00e4v\u00e4ytt\u00e4vi\u00e4 poikkitaiteellisia kokonaisuuksia sek\u00e4 suuren suosion saaneita lastenkonsertteja. Bravaden toiminnan keski\u00f6ss\u00e4 on my\u00f6s yhteisty\u00f6 muiden muusikoiden, taiteilijoiden ja nykys\u00e4velt\u00e4jien kanssa. Kvartetin ensilevy julkaistiin helmikuussa 2014.<\/p>\n\n\n\n<p>V\u00e4yl\u00e4festivaalilla Bravade esiintyy Tornion lis\u00e4ksi S\u00e4rkilahden kappelissa 27.6. klo 18 Ruotsin aikaa. <\/p>\n\n\n\n<hr class=\"wp-block-separator has-alpha-channel-opacity\"\/>\n\n\n\n<p class=\"has-small-font-size\"><em>Oikeudet muutoksiin pid\u00e4tet\u00e4\u00e4n. <\/em><\/p>\n","protected":false},"excerpt":{"rendered":"<p>Taiteet vuoropuhelussa \u2013 Jose Salo, Kuutti Lavonen ja Bravade-nokkahuilukvartetti Aineen taidemuseossa&nbsp; V\u00e4yl\u00e4festivaali rantautuu avajaisp\u00e4iv\u00e4n\u00e4\u00e4n Aineen taidemuseoon. Lapset kokevat varjonukketeatterin taikaa ja taiteilijatapaamisessa kuvataiteilija Kuutti Lavonen&#8230;<\/p>\n","protected":false},"author":1,"featured_media":0,"parent":0,"menu_order":0,"comment_status":"closed","ping_status":"closed","template":"","meta":{"footnotes":""},"class_list":["post-3285","page","type-page","status-publish","hentry"],"_links":{"self":[{"href":"https:\/\/vaylafestival.com\/fi\/wp-json\/wp\/v2\/pages\/3285","targetHints":{"allow":["GET"]}}],"collection":[{"href":"https:\/\/vaylafestival.com\/fi\/wp-json\/wp\/v2\/pages"}],"about":[{"href":"https:\/\/vaylafestival.com\/fi\/wp-json\/wp\/v2\/types\/page"}],"author":[{"embeddable":true,"href":"https:\/\/vaylafestival.com\/fi\/wp-json\/wp\/v2\/users\/1"}],"replies":[{"embeddable":true,"href":"https:\/\/vaylafestival.com\/fi\/wp-json\/wp\/v2\/comments?post=3285"}],"version-history":[{"count":12,"href":"https:\/\/vaylafestival.com\/fi\/wp-json\/wp\/v2\/pages\/3285\/revisions"}],"predecessor-version":[{"id":3462,"href":"https:\/\/vaylafestival.com\/fi\/wp-json\/wp\/v2\/pages\/3285\/revisions\/3462"}],"wp:attachment":[{"href":"https:\/\/vaylafestival.com\/fi\/wp-json\/wp\/v2\/media?parent=3285"}],"curies":[{"name":"wp","href":"https:\/\/api.w.org\/{rel}","templated":true}]}}