{"id":3359,"date":"2024-05-22T01:54:46","date_gmt":"2024-05-21T22:54:46","guid":{"rendered":"https:\/\/vaylafestival.com\/fi\/?page_id=3359"},"modified":"2024-07-01T14:00:31","modified_gmt":"2024-07-01T11:00:31","slug":"program","status":"publish","type":"page","link":"https:\/\/vaylafestival.com\/fi\/program\/","title":{"rendered":"Program"},"content":{"rendered":"\n<p>ON 26.6<\/p>\n\n\n\n<div class=\"wp-block-group is-vertical is-layout-flex wp-container-core-group-is-layout-8cf370e7 wp-block-group-is-layout-flex\">\n<div class=\"wp-block-group\"><div class=\"wp-block-group__inner-container is-layout-constrained wp-block-group-is-layout-constrained\">\n<div class=\"wp-block-columns is-layout-flex wp-container-core-columns-is-layout-9d6595d7 wp-block-columns-is-layout-flex\">\n<div class=\"wp-block-column is-layout-flow wp-block-column-is-layout-flow\" style=\"flex-basis:70%\">\n<div class=\"wp-block-group is-vertical is-layout-flex wp-container-core-group-is-layout-8cf370e7 wp-block-group-is-layout-flex\">\n<p class=\"has-medium-font-size\" style=\"letter-spacing:2px\">M\u00c5NHAREN<\/p>\n\n\n\n<p style=\"font-size:15px\"><strong>Aines konstmuseums auditorium<\/strong>, Torne\u00e5 kl. 14.00 (finsk tid)<\/p>\n\n\n\n<p style=\"font-size:18px\">Skuggdockteaterkonstn\u00e4ren <strong>Jose Salos<\/strong> f\u00f6rest\u00e4llning <em>M\u00e5nharen<\/em> bjuder in hela familjen f\u00f6r att h\u00f6ra historien om haren som f\u00e4ngslades av den f\u00f6runderliga himlakroppen.<\/p>\n\n\n\n<p style=\"font-size:18px\">F\u00f6rest\u00e4llningen f\u00f6ljs av Joses skuggteaterworkshop. <\/p>\n<\/div>\n<\/div>\n\n\n\n<div class=\"wp-block-column is-layout-flow wp-block-column-is-layout-flow\" style=\"flex-basis:30%\"><div class=\"wp-block-image\">\n<figure class=\"alignleft size-full is-resized\"><img loading=\"lazy\" decoding=\"async\" width=\"300\" height=\"169\" src=\"https:\/\/vaylafestival.com\/fi\/wp-content\/uploads\/2024\/05\/KUUJANIS-julistepohja_pieni-edited-1.png\" alt=\"\" class=\"wp-image-3234\" style=\"width:245px;height:auto\"\/><\/figure>\n<\/div>\n\n\n<p class=\"has-small-font-size\"><em>Salo: M\u00e5nharen<\/em><\/p>\n<\/div>\n<\/div>\n\n\n\n<div class=\"wp-block-columns is-layout-flex wp-container-core-columns-is-layout-9d6595d7 wp-block-columns-is-layout-flex\">\n<div class=\"wp-block-column is-layout-flow wp-block-column-is-layout-flow\" style=\"flex-basis:70%\">\n<div class=\"wp-block-group is-vertical is-layout-flex wp-container-core-group-is-layout-8cf370e7 wp-block-group-is-layout-flex\">\n<p class=\"has-medium-font-size\" style=\"letter-spacing:2px\">KONSTN\u00c4RSTR\u00c4FF: KUUTTI LAVONEN<\/p>\n\n\n\n<p style=\"font-size:15px\"><strong>Aines konstmuseum <\/strong>kl. 16.30 (finsk tid)<\/p>\n\n\n\n<p>Kom och lyssna till konstn\u00e4r och professor <strong>Kuutti Lavonen<\/strong> d\u00e5 han ber\u00e4ttar om sin utst\u00e4llning <em>Seglats till tystnaden<\/em> i Aines konstmuseum 24.5\u201329.9.2024. Konstn\u00e4rstr\u00e4ffen leds av amanuensen <strong>Amanda Hakok\u00f6ng\u00e4s<\/strong>.<\/p>\n<\/div>\n<\/div>\n\n\n\n<div class=\"wp-block-column is-layout-flow wp-block-column-is-layout-flow\" style=\"flex-basis:30%\"><div class=\"wp-block-image\">\n<figure class=\"alignleft size-full is-resized\"><img loading=\"lazy\" decoding=\"async\" width=\"300\" height=\"208\" src=\"https:\/\/vaylafestival.com\/fi\/wp-content\/uploads\/2024\/05\/Rovaniemen-taidemuseo_Wihurin-rahasto_pieni.png\" alt=\"Kuutti Lavonen, Contemplation (Outer),Rovaniemen taidemuseo\/Jenny ja Antti Wihurin rahaston kokoelma\" class=\"wp-image-3253\" style=\"width:245px;height:auto\"\/><\/figure>\n<\/div>\n\n\n<p class=\"has-small-font-size\"><em><em>Kuutti Lavonen, Contemplation (Outer), litografia 38\/50, Jenny och Antti Wihuris stiftelses samling \/ Rovaniemi stadsmuseum. Bild: Arto Liiti<\/em>.<\/em><\/p>\n<\/div>\n<\/div>\n\n\n\n<div class=\"wp-block-columns is-layout-flex wp-container-core-columns-is-layout-9d6595d7 wp-block-columns-is-layout-flex\">\n<div class=\"wp-block-column is-layout-flow wp-block-column-is-layout-flow\" style=\"flex-basis:70%\">\n<div class=\"wp-block-group is-vertical is-layout-flex wp-container-core-group-is-layout-8cf370e7 wp-block-group-is-layout-flex\">\n<p class=\"has-medium-font-size\" style=\"letter-spacing:2px\">O NOTTE O CIELO O MARE \u2013 EN NATT P\u00c5 HAVET<\/p>\n\n\n\n<p style=\"font-size:15px\"><strong>Aines konstmuseums sal<\/strong>,<strong> <\/strong>kl. 18.00 (finsk tid)<\/p>\n\n\n\n<p>Blockfl\u00f6jtskvartetten <strong>Bravade <\/strong>\u00e4r en s\u00e4llsynt kammarmusiksammans\u00e4ttning. I Aines konstmuseum upptr\u00e4der ensemblen med verkskatter fr\u00e5n ren\u00e4ssansen och barocken.<\/p>\n<\/div>\n<\/div>\n\n\n\n<div class=\"wp-block-column is-layout-flow wp-block-column-is-layout-flow\" style=\"flex-basis:30%\"><div class=\"wp-block-image\">\n<figure class=\"alignleft size-full is-resized\"><img loading=\"lazy\" decoding=\"async\" width=\"300\" height=\"200\" src=\"https:\/\/vaylafestival.com\/fi\/wp-content\/uploads\/2024\/05\/Bravade_cr_Teemu_Mattsson_pieni.png\" alt=\"\" class=\"wp-image-3259\" style=\"width:245px;height:auto\"\/><\/figure>\n<\/div>\n\n\n<p class=\"has-small-font-size\"><em>Bravade (kuva: Teemu Mattsson)<\/em><\/p>\n<\/div>\n<\/div>\n<\/div><\/div>\n<\/div>\n\n\n\n<hr class=\"wp-block-separator has-alpha-channel-opacity\"\/>\n\n\n\n<p>TO 27.6<\/p>\n\n\n\n<div class=\"wp-block-group is-vertical is-layout-flex wp-container-core-group-is-layout-8cf370e7 wp-block-group-is-layout-flex\">\n<div class=\"wp-block-group\"><div class=\"wp-block-group__inner-container is-layout-constrained wp-block-group-is-layout-constrained\">\n<div class=\"wp-block-columns is-layout-flex wp-container-core-columns-is-layout-9d6595d7 wp-block-columns-is-layout-flex\">\n<div class=\"wp-block-column is-layout-flow wp-block-column-is-layout-flow\" style=\"flex-basis:70%\">\n<div class=\"wp-block-group is-vertical is-layout-flex wp-container-core-group-is-layout-8cf370e7 wp-block-group-is-layout-flex\">\n<p class=\"has-medium-font-size\" style=\"letter-spacing:2px\">TUSEN \u00c5R AV TR\u00c4FL\u00d6JTER<\/p>\n\n\n\n<p style=\"font-size:15px\"><strong>S\u00e4rkilax kyrka<\/strong> kl. 18.00 (svensk tid)<\/p>\n\n\n\n<p style=\"font-size:18px\">Blockfl\u00f6jtskvartetten <strong>Bravades<\/strong> andra festivalkonsert omfattar verk som komponerats under ett tidspann p\u00e5 tusen \u00e5r: allt fr\u00e5n Hildegard av Bingen som levde p\u00e5 1000-talet till Riikka Talvities f\u00e4rska verk fr\u00e5n i \u00e5r. <\/p>\n<\/div>\n<\/div>\n\n\n\n<div class=\"wp-block-column is-layout-flow wp-block-column-is-layout-flow\" style=\"flex-basis:30%\"><div class=\"wp-block-image\">\n<figure class=\"alignleft size-full is-resized\"><img loading=\"lazy\" decoding=\"async\" width=\"300\" height=\"207\" src=\"https:\/\/vaylafestival.com\/fi\/wp-content\/uploads\/2024\/05\/Bravade2_cr_Teemu_Mattsson_pieni.png\" alt=\"\" class=\"wp-image-3261\" style=\"width:245px;height:auto\"\/><\/figure>\n<\/div>\n\n\n<p class=\"has-small-font-size\"><em>Bravade (bild: Teemu Mattsson)<\/em><\/p>\n<\/div>\n<\/div>\n\n\n\n<hr class=\"wp-block-separator has-alpha-channel-opacity\"\/>\n\n\n\n<p>FR 28.6<\/p>\n\n\n\n<div class=\"wp-block-columns is-layout-flex wp-container-core-columns-is-layout-9d6595d7 wp-block-columns-is-layout-flex\">\n<div class=\"wp-block-column is-layout-flow wp-block-column-is-layout-flow\" style=\"flex-basis:70%\">\n<div class=\"wp-block-group is-vertical is-layout-flex wp-container-core-group-is-layout-8cf370e7 wp-block-group-is-layout-flex\">\n<p class=\"has-medium-font-size\" style=\"letter-spacing:2px\">TOCCATA OCH FUGA<\/p>\n\n\n\n<p style=\"font-size:15px\"><strong>\u00d6vertorne\u00e5 kyrka <\/strong>kl. 18.00 (svensk tid)<\/p>\n\n\n\n<p>Konsertorganisten <strong>Pauliina Hyry<\/strong> spelar verk av J.G. Walther och D. Buxtehude samt v\u00e4rldens ber\u00f6mdaste orgelverk, J.S. Bachs Toccata och fuga d-moll. I konserten ljuder Sveriges \u00e4ldsta orglar som finns numera i \u00d6vertorne\u00e5 kyrka.<\/p>\n<\/div>\n<\/div>\n\n\n\n<div class=\"wp-block-column is-layout-flow wp-block-column-is-layout-flow\" style=\"flex-basis:30%\"><div class=\"wp-block-image\">\n<figure class=\"alignleft size-full is-resized\"><img loading=\"lazy\" decoding=\"async\" width=\"300\" height=\"200\" src=\"https:\/\/vaylafestival.com\/fi\/wp-content\/uploads\/2024\/05\/Pauliina_Hyry_kuva_PihlaLiukkonen_Kontrastia-23_pieni-edited-2.png\" alt=\"\" class=\"wp-image-3287\" style=\"width:245px\"\/><\/figure>\n<\/div>\n\n\n<p class=\"has-small-font-size\"><em>Pauliina Hyry (bild: Pihla Liukkonen)<\/em><\/p>\n<\/div>\n<\/div>\n\n\n\n<hr class=\"wp-block-separator has-alpha-channel-opacity\"\/>\n\n\n\n<p>L\u00d6 29.6<\/p>\n\n\n\n<div class=\"wp-block-columns is-layout-flex wp-container-core-columns-is-layout-9d6595d7 wp-block-columns-is-layout-flex\">\n<div class=\"wp-block-column is-layout-flow wp-block-column-is-layout-flow\" style=\"flex-basis:70%\">\n<div class=\"wp-block-group is-vertical is-layout-flex wp-container-core-group-is-layout-8cf370e7 wp-block-group-is-layout-flex\">\n<p class=\"has-medium-font-size\" style=\"letter-spacing:2px\">M\u00c5NHAREN<\/p>\n\n\n\n<p style=\"font-size:15px\"><strong>Muonio hembygdsmuseum<\/strong> kl. 12.00 (finsk tid)<\/p>\n\n\n\n<p>Skuggdockteaterkonstn\u00e4ren <strong>Jose Salos<\/strong> f\u00f6rest\u00e4llning <em>M\u00e5nharen<\/em> bjuder in hela familjen f\u00f6r att h\u00f6ra historien om haren som f\u00e4ngslades av den f\u00f6runderliga himlakroppen.<\/p>\n\n\n\n<p>F\u00f6rest\u00e4llningen f\u00f6ljs av Joses skuggteaterworkshop.<\/p>\n<\/div>\n<\/div>\n\n\n\n<div class=\"wp-block-column is-layout-flow wp-block-column-is-layout-flow\" style=\"flex-basis:30%\"><div class=\"wp-block-image\">\n<figure class=\"alignleft size-full is-resized\"><img loading=\"lazy\" decoding=\"async\" width=\"300\" height=\"169\" src=\"https:\/\/vaylafestival.com\/fi\/wp-content\/uploads\/2024\/05\/KUUJANIS-julistepohja_pieni-edited-1.png\" alt=\"\" class=\"wp-image-3234\" style=\"width:245px;height:auto\"\/><\/figure>\n<\/div>\n\n\n<p class=\"has-small-font-size\"><em>Salo: M\u00e5nharen<\/em><\/p>\n<\/div>\n<\/div>\n<\/div><\/div>\n<\/div>\n\n\n\n<div class=\"wp-block-columns is-layout-flex wp-container-core-columns-is-layout-9d6595d7 wp-block-columns-is-layout-flex\">\n<div class=\"wp-block-column is-layout-flow wp-block-column-is-layout-flow\" style=\"flex-basis:70%\">\n<div class=\"wp-block-group is-vertical is-layout-flex wp-container-core-group-is-layout-8cf370e7 wp-block-group-is-layout-flex\">\n<p class=\"has-medium-font-size\" style=\"letter-spacing:2px\">TAULAVUORIFARM <\/p>\n\n\n\n<p style=\"font-size:15px\"><strong>Bekanta dig med bondg\u00e5rdsdjur i Muonio <\/strong>kl. 13.00 (finsk tid, genast efter workshoppen)<\/p>\n\n\n\n<p>TaulavuoriFarm saknar motstycke. Kom och bekanta dig med bondg\u00e5rdsdjur n\u00e4r familjen Taulavuori presenterar g\u00e5rdens runor, lantrastjurar, lapplandsko, hundar och h\u00f6nor samt n\u00e5gra veckor gamla lamm.<\/p>\n<\/div>\n<\/div>\n\n\n\n<div class=\"wp-block-column is-layout-flow wp-block-column-is-layout-flow\" style=\"flex-basis:30%\"><div class=\"wp-block-image\">\n<figure class=\"alignleft size-full is-resized\"><img loading=\"lazy\" decoding=\"async\" width=\"300\" height=\"169\" src=\"https:\/\/vaylafestival.com\/fi\/wp-content\/uploads\/2024\/05\/Taulavuorifarm_pieni-edited.png\" alt=\"\" class=\"wp-image-3268\" style=\"width:245px;height:auto\"\/><\/figure>\n<\/div>\n\n\n<p class=\"has-small-font-size\"><em>TaulavuoriFarm<\/em><\/p>\n<\/div>\n<\/div>\n\n\n\n<div class=\"wp-block-columns is-layout-flex wp-container-core-columns-is-layout-9d6595d7 wp-block-columns-is-layout-flex\">\n<div class=\"wp-block-column is-layout-flow wp-block-column-is-layout-flow\" style=\"flex-basis:70%\">\n<div class=\"wp-block-group is-vertical is-layout-flex wp-container-core-group-is-layout-8cf370e7 wp-block-group-is-layout-flex\">\n<p class=\"has-medium-font-size\" style=\"letter-spacing:2px\">VAD SKER I TORNEDALENS NATUR?<\/p>\n\n\n\n<p style=\"font-size:15px\"><strong>Rajamaa, Muonionalusta<\/strong> kl. 14.00 (svensk tid)<\/p>\n\n\n\n<p>Diskussionsforum: Johanna Ik\u00e4valko, chef f\u00f6r det Arktiska centret vid Lappland universitet, m\u00f6ter J\u00f6rgen Naalisvaara, milj\u00f6m\u00e5lssamordnare vid L\u00e4nsstyrelsen Norrbotten. Tillsammans belyser de de akuta f\u00f6r\u00e4ndringarna i naturen och diskussionen som g\u00e5s p\u00e5 b\u00e5da sidorna om gr\u00e4nsen.<\/p>\n<\/div>\n<\/div>\n\n\n\n<div class=\"wp-block-column is-layout-flow wp-block-column-is-layout-flow\" style=\"flex-basis:30%\"><div class=\"wp-block-image\">\n<figure class=\"alignleft size-full is-resized\"><img loading=\"lazy\" decoding=\"async\" width=\"1771\" height=\"1181\" src=\"https:\/\/vaylafestival.com\/fi\/wp-content\/uploads\/2024\/05\/Vayla-3605p.jpg\" alt=\"\" class=\"wp-image-3269\" style=\"width:245px;height:auto\" srcset=\"https:\/\/vaylafestival.com\/fi\/wp-content\/uploads\/2024\/05\/Vayla-3605p.jpg 1771w, https:\/\/vaylafestival.com\/fi\/wp-content\/uploads\/2024\/05\/Vayla-3605p-300x200.jpg 300w, https:\/\/vaylafestival.com\/fi\/wp-content\/uploads\/2024\/05\/Vayla-3605p-1024x683.jpg 1024w, https:\/\/vaylafestival.com\/fi\/wp-content\/uploads\/2024\/05\/Vayla-3605p-768x512.jpg 768w, https:\/\/vaylafestival.com\/fi\/wp-content\/uploads\/2024\/05\/Vayla-3605p-1536x1024.jpg 1536w\" sizes=\"auto, (max-width: 1771px) 100vw, 1771px\" \/><\/figure>\n<\/div>\n\n\n<p class=\"has-small-font-size\"><em>\u00c4lven (bild: Maarit Kyt\u00f6harju)<\/em><\/p>\n<\/div>\n<\/div>\n\n\n\n<hr class=\"wp-block-separator has-alpha-channel-opacity\"\/>\n\n\n\n<p>ON 3.7<\/p>\n\n\n\n<div class=\"wp-block-columns is-layout-flex wp-container-core-columns-is-layout-9d6595d7 wp-block-columns-is-layout-flex\">\n<div class=\"wp-block-column is-layout-flow wp-block-column-is-layout-flow\" style=\"flex-basis:70%\">\n<div class=\"wp-block-group is-vertical is-layout-flex wp-container-core-group-is-layout-8cf370e7 wp-block-group-is-layout-flex\">\n<p class=\"has-medium-font-size\" style=\"letter-spacing:2px\">TR\u00c4D \u00c4R B\u00d6NER &amp; UNDER EN \u00d6PPEN HIMMEL<\/p>\n\n\n\n<p style=\"font-size:15px\"><strong>Tornedalsteatern, Pajala<\/strong> kl. 18.00 (svensk tid)<br><strong>Tingsgatan 1, 984 32 Pajala, Sverige<\/strong><\/p>\n\n\n\n<p>Tv\u00e5 r\u00f6rande verk framf\u00f6rda av dess skapare:<\/p>\n\n\n\n<p style=\"font-size:18px\">Verket <em>Tr\u00e4d \u00e4r b\u00f6ner<\/em> \u00e4r sk\u00e5despelaren <strong>Hannu-Pekka Bj\u00f6rkmans<\/strong>, saxofonisten <strong>Jukka Perkos<\/strong> och kantelespelarens <strong>Eva V\u00e4ljaots<\/strong> poesi- och musikkreation som grundar sig p\u00e5 nordiska dikter.<\/p>\n\n\n\n<p style=\"font-size:18px\">V\u00e4yl\u00e4festivalens best\u00e4llningsverk <em>Under en \u00f6ppen himmel<\/em> \u00e4r tonsatt av Jukka Perko och grundar sig i sin tur p\u00e5 dikter av Nils-Aslak Valkeap\u00e4\u00e4. Verket framf\u00f6rs av Perko tillsammans med slagverkaren <strong>Mikko Hassinen<\/strong>. Konstn\u00e4ren <strong>\u00c5sa Simma<\/strong> har spelat in Valkeap\u00e4\u00e4s dikter p\u00e5 nordsamiska.  <\/p>\n<\/div>\n<\/div>\n\n\n\n<div class=\"wp-block-column is-layout-flow wp-block-column-is-layout-flow\" style=\"flex-basis:30%\"><div class=\"wp-block-image\">\n<figure class=\"alignleft size-full is-resized\"><img loading=\"lazy\" decoding=\"async\" width=\"500\" height=\"419\" src=\"https:\/\/vaylafestival.com\/fi\/wp-content\/uploads\/2024\/05\/Nelikko_pieni.png\" alt=\"\" class=\"wp-image-3282\" style=\"width:245px;height:auto\" srcset=\"https:\/\/vaylafestival.com\/fi\/wp-content\/uploads\/2024\/05\/Nelikko_pieni.png 500w, https:\/\/vaylafestival.com\/fi\/wp-content\/uploads\/2024\/05\/Nelikko_pieni-300x251.png 300w\" sizes=\"auto, (max-width: 500px) 100vw, 500px\" \/><\/figure>\n<\/div>\n\n\n<p class=\"has-small-font-size\"><em><em>Jukka Perko (cr. Mika Toivanen), Eva V\u00e4ljaots, Hannu-Pekka Bj\u00f6rkman (cr. Laura Malmivaara), Mikko Hassinen (cr. Heidi Piiroinen)<\/em><\/em><\/p>\n<\/div>\n<\/div>\n\n\n\n<hr class=\"wp-block-separator has-alpha-channel-opacity\"\/>\n\n\n\n<p>TO 4.7<\/p>\n\n\n\n<div class=\"wp-block-columns is-layout-flex wp-container-core-columns-is-layout-9d6595d7 wp-block-columns-is-layout-flex\">\n<div class=\"wp-block-column is-layout-flow wp-block-column-is-layout-flow\" style=\"flex-basis:70%\">\n<div class=\"wp-block-group is-vertical is-layout-flex wp-container-core-group-is-layout-8cf370e7 wp-block-group-is-layout-flex\">\n<p class=\"has-medium-font-size\" style=\"letter-spacing:2px\">TR\u00c4D \u00c4R B\u00d6NER &amp; UNDER EN \u00d6PPEN HIMMEL<\/p>\n\n\n\n<p style=\"font-size:15px\"><strong>Ylitornio kyrka <\/strong>kl. 19.00 (finsk tid)<\/p>\n\n\n\n<p>Tv\u00e5 r\u00f6rande verk framf\u00f6rda av dess skapare:<\/p>\n\n\n\n<p style=\"font-size:18px\">Verket <em>Tr\u00e4d \u00e4r b\u00f6ner<\/em> \u00e4r sk\u00e5despelaren <strong>Hannu-Pekka Bj\u00f6rkmans<\/strong>, saxofonisten <strong>Jukka Perkos<\/strong> och kantelespelarens <strong>Eva V\u00e4ljaots<\/strong> poesi- och musikkreation som grundar sig p\u00e5 nordiska dikter.<\/p>\n\n\n\n<p style=\"font-size:18px\">V\u00e4yl\u00e4festivalens best\u00e4llningsverk <em>Under en \u00f6ppen himmel<\/em> \u00e4r tonsatt av Jukka Perko och grundar sig i sin tur p\u00e5 dikter av Nils-Aslak Valkeap\u00e4\u00e4. Verket framf\u00f6rs av Perko tillsammans med slagverkaren <strong>Mikko Hassinen<\/strong>. Konstn\u00e4ren <strong>\u00c5sa Simma<\/strong> har spelat in Valkeap\u00e4\u00e4s dikter p\u00e5 nordsamiska. <\/p>\n<\/div>\n<\/div>\n\n\n\n<div class=\"wp-block-column is-layout-flow wp-block-column-is-layout-flow\" style=\"flex-basis:30%\"><div class=\"wp-block-image\">\n<figure class=\"alignleft size-full is-resized\"><img loading=\"lazy\" decoding=\"async\" width=\"500\" height=\"419\" src=\"https:\/\/vaylafestival.com\/fi\/wp-content\/uploads\/2024\/05\/Nelikko_pieni.png\" alt=\"\" class=\"wp-image-3282\" style=\"width:245px;height:auto\" srcset=\"https:\/\/vaylafestival.com\/fi\/wp-content\/uploads\/2024\/05\/Nelikko_pieni.png 500w, https:\/\/vaylafestival.com\/fi\/wp-content\/uploads\/2024\/05\/Nelikko_pieni-300x251.png 300w\" sizes=\"auto, (max-width: 500px) 100vw, 500px\" \/><\/figure>\n<\/div>\n\n\n<p class=\"has-small-font-size\"><em>Jukka Perko (cr. Mika Toivanen), Eva V\u00e4ljaots, Hannu-Pekka Bj\u00f6rkman (cr. Laura Malmivaara), Mikko Hassinen (cr. Heidi Piiroinen)<\/em><\/p>\n<\/div>\n<\/div>\n\n\n\n<hr class=\"wp-block-separator has-alpha-channel-opacity\"\/>\n\n\n\n<p class=\"has-small-font-size\"><em>R\u00e4tten till f\u00f6r\u00e4ndringar f\u00f6rbeh\u00e5lls. <\/em><\/p>\n","protected":false},"excerpt":{"rendered":"<p>ON 26.6 M\u00c5NHAREN Aines konstmuseums auditorium, Torne\u00e5 kl. 14.00 (finsk tid) Skuggdockteaterkonstn\u00e4ren Jose Salos f\u00f6rest\u00e4llning M\u00e5nharen bjuder in hela familjen f\u00f6r att h\u00f6ra historien om&#8230;<\/p>\n","protected":false},"author":1,"featured_media":0,"parent":0,"menu_order":0,"comment_status":"closed","ping_status":"closed","template":"","meta":{"footnotes":""},"class_list":["post-3359","page","type-page","status-publish","hentry"],"_links":{"self":[{"href":"https:\/\/vaylafestival.com\/fi\/wp-json\/wp\/v2\/pages\/3359","targetHints":{"allow":["GET"]}}],"collection":[{"href":"https:\/\/vaylafestival.com\/fi\/wp-json\/wp\/v2\/pages"}],"about":[{"href":"https:\/\/vaylafestival.com\/fi\/wp-json\/wp\/v2\/types\/page"}],"author":[{"embeddable":true,"href":"https:\/\/vaylafestival.com\/fi\/wp-json\/wp\/v2\/users\/1"}],"replies":[{"embeddable":true,"href":"https:\/\/vaylafestival.com\/fi\/wp-json\/wp\/v2\/comments?post=3359"}],"version-history":[{"count":13,"href":"https:\/\/vaylafestival.com\/fi\/wp-json\/wp\/v2\/pages\/3359\/revisions"}],"predecessor-version":[{"id":3531,"href":"https:\/\/vaylafestival.com\/fi\/wp-json\/wp\/v2\/pages\/3359\/revisions\/3531"}],"wp:attachment":[{"href":"https:\/\/vaylafestival.com\/fi\/wp-json\/wp\/v2\/media?parent=3359"}],"curies":[{"name":"wp","href":"https:\/\/api.w.org\/{rel}","templated":true}]}}