{"id":3416,"date":"2024-05-30T15:26:54","date_gmt":"2024-05-30T12:26:54","guid":{"rendered":"https:\/\/vaylafestival.com\/fi\/?page_id=3416"},"modified":"2024-05-30T15:34:47","modified_gmt":"2024-05-30T12:34:47","slug":"28-6","status":"publish","type":"page","link":"https:\/\/vaylafestival.com\/fi\/28-6\/","title":{"rendered":"28.6. \u00d6vertorne\u00e5"},"content":{"rendered":"\n<p class=\"has-medium-font-size\" style=\"letter-spacing:2px\">KLO 18.00 TOCCATA JA FUUGA<\/p>\n\n\n\n<p><strong>\u00d6vertorne\u00e5n kirkko, Matarengiv\u00e4gen 31, 957 31 \u00d6vertorne\u00e5<\/strong><\/p>\n\n\n\n<p>Konserttiurkuri <strong>Pauliina Hyry<\/strong> esitt\u00e4\u00e4 lempis\u00e4velt\u00e4j\u00e4ns\u00e4 J.S. Bachin urkumusiikkia, syd\u00e4njuuria v\u00e4r\u00e4ytt\u00e4vi\u00e4 koskettavia ja herkki\u00e4 s\u00e4vyj\u00e4, v\u00e4kev\u00e4\u00e4 sanomaa ja dramatiikkaa, vaihtuvien tunnelmien lumoa kaikissa inhimillisen el\u00e4m\u00e4n v\u00e4reiss\u00e4, syvyydest\u00e4 valoon. Ohjelmaan kuuluu maailman kuuluisimman urkus\u00e4vellyksen Bachin Toccata ja Fuuga d-mollin lis\u00e4ksi Buxtehuden ja J.G. Waltherin musiikkia. Konsertissa soivat \u00d6vertorne\u00e5n kirkossa sijaitsevat Ruotsin vanhimmat urut.<\/p>\n\n\n\n<p><em>Konsertin alkamisajankohta on Ruotsin aikaa. Vapaa p\u00e4\u00e4sy, kolehti. Yhteisty\u00f6ss\u00e4 \u00d6vertorne\u00e5n seurakunnan kanssa<\/em>.<\/p>\n\n\n\n<div class=\"wp-block-columns is-layout-flex wp-container-core-columns-is-layout-9d6595d7 wp-block-columns-is-layout-flex\">\n<div class=\"wp-block-column is-layout-flow wp-block-column-is-layout-flow\" style=\"flex-basis:66.66%\">\n<p>Pauliina Hyry kasvoi musiikkiperheess\u00e4 Mikkeliss\u00e4. H\u00e4n teki kanttorin t\u00f6it\u00e4 is\u00e4ns\u00e4 apuna jo alakouluik\u00e4isen\u00e4.\u00a0<\/p>\n\n\n\n<p>Urkujensoittoa Hyry opiskeli Sibelius-Akatemiassa professori Kari Jussilan ohjauksessa. Hyry on toiminut Espoon Lepp\u00e4vaaran seurakunnan kanttorina vuodesta 1988, nykyisin musiikkity\u00f6st\u00e4 vastaavana A-kanttorina.\u00a0Virkaty\u00f6n ohella h\u00e4n konsertoi aktiivisesti niin kotimaassa kuin ulkomailla. <\/p>\n\n\n\n<p>Ensimm\u00e4inen Ylen kantanauhan h\u00e4n\u00a0tallensi Loviisan kirkon Zachariassen-uruilla vuonna 2021. Soololevyjens\u00e4 lis\u00e4ksi Hyry on urkurina useilla \u00e4\u00e4nitteill\u00e4. <\/p>\n\n\n\n<p>Pauliinan ohjelmissa on urkuteosten ohella t\u00e4rkeimpien kirkkomusiikkiteosten urkusovitukset sek\u00e4 Joonas Kokkosen Viimeiset kiusaukset -oopperan\u00a0urkuversio. <\/p>\n\n\n\n<p>Director musices Pauliina Hyryn taiteellinen inspiraatio syttyy ihmisel\u00e4m\u00e4n mysteereist\u00e4. Vanhat soittimet viev\u00e4t menneeseen, sukupolvien tarinoihin.\u00a0Kirkkosalin hiljaisuus kutsuu selitt\u00e4m\u00e4tt\u00f6m\u00e4n \u00e4\u00e4relle.<br><br><br><br><br><br><br><br><br><br><br><br><br><br><br><br><br><br><p>Pauliina Hyry (s. Toivanen) kasvoi musiikkiperheess\u00e4 Mikkeliss\u00e4. Viulutunnit musiikkiopistossa alkoivat 5-vuotiaana, pianotunnit seurasivat rinnalla. Kanttorin t\u00f6it\u00e4 Pauliina teki is\u00e4n apuna jo alakoului\u00e4ss\u00e4.\u00a0MuM Pauliina Hyry opiskeli urkujensoittoa Sibelius-Akatemiassa professori Kari Jussilan ohjauksessa. Virkaty\u00f6n ohella h\u00e4n esiintyy aktiivisesti ja on konsertoinut laajasti kotimaassa Virossa, Unkarissa, Italiassa, Ven\u00e4j\u00e4ll\u00e4 ja Israelissa.\u00a0Soololevyjens\u00e4 lis\u00e4ksi Hyry on urkurina useilla \u00e4\u00e4nitteill\u00e4. Ensimm\u00e4inen Ylen kantanauhan h\u00e4n\u00a0 tallensi Loviisan kirkon Zachariassen-uruilla 2021. Pauliinan ohjelmissa on urkuteosten ohella t\u00e4rkeimpien kirkkomusiikkiteosten urkusovitukset ja Joonas Kokkosen Viimeiset kiusaukset -oopperan\u00a0urkuversio. Hyry on toiminut Espoon Lepp\u00e4vaaran srk kanttorina vuodesta 1988, nykyisin musiikkity\u00f6st\u00e4 vastaavana A-kanttorina.\u00a0Director musices Pauliina Hyryn taiteellinen inspiraatio syttyy ihmisel\u00e4m\u00e4n mysteereist\u00e4. Vanhat soittimet viev\u00e4t menneeseen, sukupolvien tarinoihin.\u00a0Kirkkosalin hiljaisuus kutsuu selitt\u00e4m\u00e4tt\u00f6m\u00e4n \u00e4\u00e4relle.<\/p><\/p>\n<\/div>\n\n\n\n<div class=\"wp-block-column is-layout-flow wp-block-column-is-layout-flow\" style=\"flex-basis:33.33%\">\n<figure class=\"wp-block-image size-full\"><img loading=\"lazy\" decoding=\"async\" width=\"300\" height=\"449\" src=\"https:\/\/vaylafestival.com\/fi\/wp-content\/uploads\/2024\/05\/Pauliina_Hyry_kuva_PihlaLiukkonen_Kontrastia-23_pieni.png\" alt=\"\" class=\"wp-image-3255\" srcset=\"https:\/\/vaylafestival.com\/fi\/wp-content\/uploads\/2024\/05\/Pauliina_Hyry_kuva_PihlaLiukkonen_Kontrastia-23_pieni.png 300w, https:\/\/vaylafestival.com\/fi\/wp-content\/uploads\/2024\/05\/Pauliina_Hyry_kuva_PihlaLiukkonen_Kontrastia-23_pieni-200x300.png 200w\" sizes=\"auto, (max-width: 300px) 100vw, 300px\" \/><\/figure>\n\n\n\n<p class=\"has-small-font-size\"><em>Kuva: Pihla Liukkonen<\/em><\/p>\n<\/div>\n<\/div>\n\n\n\n<figure class=\"wp-block-image size-full\"><img loading=\"lazy\" decoding=\"async\" width=\"300\" height=\"449\" src=\"https:\/\/vaylafestival.com\/fi\/wp-content\/uploads\/2024\/05\/Pauliina_Hyry_kuva_PihlaLiukkonen_Kontrastia-23_pieni.png\" alt=\"\" class=\"wp-image-3255\" srcset=\"https:\/\/vaylafestival.com\/fi\/wp-content\/uploads\/2024\/05\/Pauliina_Hyry_kuva_PihlaLiukkonen_Kontrastia-23_pieni.png 300w, https:\/\/vaylafestival.com\/fi\/wp-content\/uploads\/2024\/05\/Pauliina_Hyry_kuva_PihlaLiukkonen_Kontrastia-23_pieni-200x300.png 200w\" sizes=\"auto, (max-width: 300px) 100vw, 300px\" \/><\/figure>\n\n\n\n<p><\/p>\n","protected":false},"excerpt":{"rendered":"<p>KLO 18.00 TOCCATA JA FUUGA \u00d6vertorne\u00e5n kirkko, Matarengiv\u00e4gen 31, 957 31 \u00d6vertorne\u00e5 Konserttiurkuri Pauliina Hyry esitt\u00e4\u00e4 lempis\u00e4velt\u00e4j\u00e4ns\u00e4 J.S. Bachin urkumusiikkia, syd\u00e4njuuria v\u00e4r\u00e4ytt\u00e4vi\u00e4 koskettavia ja herkki\u00e4&#8230;<\/p>\n","protected":false},"author":1,"featured_media":0,"parent":0,"menu_order":0,"comment_status":"closed","ping_status":"closed","template":"","meta":{"footnotes":""},"class_list":["post-3416","page","type-page","status-publish","hentry"],"_links":{"self":[{"href":"https:\/\/vaylafestival.com\/fi\/wp-json\/wp\/v2\/pages\/3416","targetHints":{"allow":["GET"]}}],"collection":[{"href":"https:\/\/vaylafestival.com\/fi\/wp-json\/wp\/v2\/pages"}],"about":[{"href":"https:\/\/vaylafestival.com\/fi\/wp-json\/wp\/v2\/types\/page"}],"author":[{"embeddable":true,"href":"https:\/\/vaylafestival.com\/fi\/wp-json\/wp\/v2\/users\/1"}],"replies":[{"embeddable":true,"href":"https:\/\/vaylafestival.com\/fi\/wp-json\/wp\/v2\/comments?post=3416"}],"version-history":[{"count":1,"href":"https:\/\/vaylafestival.com\/fi\/wp-json\/wp\/v2\/pages\/3416\/revisions"}],"predecessor-version":[{"id":3421,"href":"https:\/\/vaylafestival.com\/fi\/wp-json\/wp\/v2\/pages\/3416\/revisions\/3421"}],"wp:attachment":[{"href":"https:\/\/vaylafestival.com\/fi\/wp-json\/wp\/v2\/media?parent=3416"}],"curies":[{"name":"wp","href":"https:\/\/api.w.org\/{rel}","templated":true}]}}