{"id":3435,"date":"2024-06-18T20:04:36","date_gmt":"2024-06-18T17:04:36","guid":{"rendered":"https:\/\/vaylafestival.com\/fi\/?page_id=3435"},"modified":"2024-06-18T20:38:16","modified_gmt":"2024-06-18T17:38:16","slug":"29-6","status":"publish","type":"page","link":"https:\/\/vaylafestival.com\/fi\/29-6\/","title":{"rendered":"29.6. Muonio"},"content":{"rendered":"\n<div style=\"height:38px\" aria-hidden=\"true\" class=\"wp-block-spacer\"><\/div>\n\n\n\n<div class=\"wp-block-group is-vertical is-layout-flex wp-container-core-group-is-layout-8cf370e7 wp-block-group-is-layout-flex\">\n<div class=\"wp-block-group\"><div class=\"wp-block-group__inner-container is-layout-constrained wp-block-group-is-layout-constrained\">\n<div class=\"wp-block-group is-vertical is-layout-flex wp-container-core-group-is-layout-8cf370e7 wp-block-group-is-layout-flex\">\n<p class=\"has-medium-font-size\" style=\"letter-spacing:2px\">12.00 KUUJ\u00c4NIS<\/p>\n\n\n\n<p style=\"font-size:15px\"><strong>Muonion kotiseutumuseo<\/strong>, Lahenrannantie 51, 99300 Muonio<\/p>\n<\/div>\n\n\n\n<p>Varjonukketeatteritaitelija <strong>Jose Salon<\/strong> Kuuj\u00e4nis-esitys kutsuu koko perheen kuulemaan j\u00e4niksen tarinaa ihmeellisen taivaankappaleen parissa. Esityksen j\u00e4lkeen Josen varjonukketeatterity\u00f6paja. Kokonaisuuden kesto on noin 1 tunti.<\/p>\n\n\n\n<p><em>P\u00e4\u00e4symaksu 10 euroa kahdelta henkil\u00f6lt\u00e4 sis\u00e4lt\u00e4en p\u00e4\u00e4syn TaulavuoriFarmille sek\u00e4 mehu- ja kahvi- ja pullatarjoilun. Ik\u00e4suositus +4-vuotiaille.<\/em><\/p>\n\n\n\n<p><\/p>\n<\/div><\/div>\n<\/div>\n\n\n\n<div class=\"wp-block-group is-vertical is-layout-flex wp-container-core-group-is-layout-8cf370e7 wp-block-group-is-layout-flex\">\n<figure class=\"wp-block-image size-full is-resized\"><img loading=\"lazy\" decoding=\"async\" width=\"300\" height=\"169\" src=\"https:\/\/vaylafestival.com\/fi\/wp-content\/uploads\/2024\/05\/KUUJANIS-julistepohja_pieni-edited-1.png\" alt=\"\" class=\"wp-image-3234\" style=\"width:440px;height:auto\"\/><\/figure>\n\n\n\n<p class=\"has-small-font-size\"><em>Salo: Kuuj\u00e4nis<\/em><\/p>\n<\/div>\n\n\n\n<hr class=\"wp-block-separator has-alpha-channel-opacity\"\/>\n\n\n\n<div class=\"wp-block-group is-vertical is-layout-flex wp-container-core-group-is-layout-8cf370e7 wp-block-group-is-layout-flex\">\n<div class=\"wp-block-group\"><div class=\"wp-block-group__inner-container is-layout-constrained wp-block-group-is-layout-constrained\">\n<div class=\"wp-block-group is-vertical is-layout-flex wp-container-core-group-is-layout-8cf370e7 wp-block-group-is-layout-flex\">\n<p class=\"has-medium-font-size\" style=\"letter-spacing:2px\">KLO 13.00 (heti ty\u00f6pajan j\u00e4lkeen) MAATIAISEL\u00c4IMIIN TUTUSTUMISTA<\/p>\n\n\n\n<p style=\"font-size:15px\"><strong>TauluvuoriFarm,<\/strong> Lahenrannantie 59, 99300 Muonio<\/p>\n<\/div>\n\n\n\n<p>TaulavuoriFarm hakee vertaistansa. Tule tutustumaan maatiaisel\u00e4imiin, kun Taulavuorien perhe esittelee tilan suomenhevosia, kyytt\u00f6sonneja, lapinlehm\u00e4\u00e4, koiria ja kanoja sek\u00e4 muutaman viikon ik\u00e4isi\u00e4 karitsoja.<\/p>\n\n\n\n<p><em>P\u00e4\u00e4symaksu 10 euroa kahdelta henkil\u00f6lt\u00e4 sis\u00e4lt\u00e4en mehu- ja kahvi- ja pullatarjoilun.<\/em><\/p>\n<\/div><\/div>\n\n\n\n<p><\/p>\n<\/div>\n\n\n\n<div class=\"wp-block-group is-vertical is-layout-flex wp-container-core-group-is-layout-8cf370e7 wp-block-group-is-layout-flex\">\n<figure class=\"wp-block-image size-full is-resized\"><img loading=\"lazy\" decoding=\"async\" width=\"300\" height=\"169\" src=\"https:\/\/vaylafestival.com\/fi\/wp-content\/uploads\/2024\/05\/Taulavuorifarm_pieni-edited.png\" alt=\"\" class=\"wp-image-3268\" style=\"width:436px;height:auto\"\/><\/figure>\n\n\n\n<p class=\"has-small-font-size\"><em>TaulavuoriFarm<\/em><\/p>\n<\/div>\n\n\n\n<div class=\"wp-block-group\"><div class=\"wp-block-group__inner-container is-layout-constrained wp-block-group-is-layout-constrained\">\n<hr class=\"wp-block-separator has-alpha-channel-opacity\"\/>\n\n\n\n<div class=\"wp-block-group is-vertical is-layout-flex wp-container-core-group-is-layout-8cf370e7 wp-block-group-is-layout-flex\">\n<div class=\"wp-block-group\"><div class=\"wp-block-group__inner-container is-layout-constrained wp-block-group-is-layout-constrained\">\n<div class=\"wp-block-group is-vertical is-layout-flex wp-container-core-group-is-layout-8cf370e7 wp-block-group-is-layout-flex\">\n<div class=\"wp-block-group is-vertical is-layout-flex wp-container-core-group-is-layout-8cf370e7 wp-block-group-is-layout-flex\">\n<div class=\"wp-block-group is-vertical is-layout-flex wp-container-core-group-is-layout-8cf370e7 wp-block-group-is-layout-flex\">\n<p class=\"has-medium-font-size\" style=\"letter-spacing:2px\">KLO 14.00 (Ruotsin aikaa) MIT\u00c4 TORNIONLAAKSON LUONNOSSA TAPAHTUU?<\/p>\n\n\n\n<p style=\"font-size:15px\"><strong>Rajamaa,<\/strong> Muonionalusta 25, SE-984 95 Muodoslompolo <\/p>\n<\/div>\n<\/div>\n<\/div>\n\n\n\n<p>Keskustelutilaisuudessa Lapin yliopiston Arktisen keskuksen johtaja <strong>Johanna Ik\u00e4valko<\/strong> ja Norrbottenin l\u00e4\u00e4ninhallituksen ymp\u00e4rist\u00f6koordinaattori <strong>J\u00f6rgen Naalisvaara<\/strong> alustavat luonnon akuuteista muutoksista ja niist\u00e4 rajan molemmin puolin k\u00e4yt\u00e4v\u00e4st\u00e4 keskustelusta.<\/p>\n\n\n\n<p><em>Vapaa p\u00e4\u00e4sy<\/em><\/p>\n<\/div><\/div>\n\n\n\n<p><\/p>\n<\/div>\n\n\n\n<div class=\"wp-block-group is-vertical is-layout-flex wp-container-core-group-is-layout-8cf370e7 wp-block-group-is-layout-flex\">\n<figure class=\"wp-block-image size-large is-resized\"><img loading=\"lazy\" decoding=\"async\" width=\"1024\" height=\"683\" src=\"https:\/\/vaylafestival.com\/fi\/wp-content\/uploads\/2024\/05\/Vayla-3605p-1024x683.jpg\" alt=\"\" class=\"wp-image-3269\" style=\"width:433px;height:auto\" srcset=\"https:\/\/vaylafestival.com\/fi\/wp-content\/uploads\/2024\/05\/Vayla-3605p-1024x683.jpg 1024w, https:\/\/vaylafestival.com\/fi\/wp-content\/uploads\/2024\/05\/Vayla-3605p-300x200.jpg 300w, https:\/\/vaylafestival.com\/fi\/wp-content\/uploads\/2024\/05\/Vayla-3605p-768x512.jpg 768w, https:\/\/vaylafestival.com\/fi\/wp-content\/uploads\/2024\/05\/Vayla-3605p-1536x1024.jpg 1536w, https:\/\/vaylafestival.com\/fi\/wp-content\/uploads\/2024\/05\/Vayla-3605p.jpg 1771w\" sizes=\"auto, (max-width: 1024px) 100vw, 1024px\" \/><\/figure>\n\n\n\n<p class=\"has-small-font-size\"><em>V\u00e4yl\u00e4 (kuva: Maarit Kyt\u00f6harju)<\/em><\/p>\n<\/div>\n\n\n\n<hr class=\"wp-block-separator has-alpha-channel-opacity\"\/>\n<\/div><\/div>\n\n\n\n<p class=\"has-small-font-size\"><em>Oikeudet muutoksiin pid\u00e4tet\u00e4\u00e4n. <\/em><\/p>\n","protected":false},"excerpt":{"rendered":"<p>12.00 KUUJ\u00c4NIS Muonion kotiseutumuseo, Lahenrannantie 51, 99300 Muonio Varjonukketeatteritaitelija Jose Salon Kuuj\u00e4nis-esitys kutsuu koko perheen kuulemaan j\u00e4niksen tarinaa ihmeellisen taivaankappaleen parissa. Esityksen j\u00e4lkeen Josen varjonukketeatterity\u00f6paja&#8230;.<\/p>\n","protected":false},"author":1,"featured_media":0,"parent":0,"menu_order":0,"comment_status":"closed","ping_status":"closed","template":"","meta":{"footnotes":""},"class_list":["post-3435","page","type-page","status-publish","hentry"],"_links":{"self":[{"href":"https:\/\/vaylafestival.com\/fi\/wp-json\/wp\/v2\/pages\/3435","targetHints":{"allow":["GET"]}}],"collection":[{"href":"https:\/\/vaylafestival.com\/fi\/wp-json\/wp\/v2\/pages"}],"about":[{"href":"https:\/\/vaylafestival.com\/fi\/wp-json\/wp\/v2\/types\/page"}],"author":[{"embeddable":true,"href":"https:\/\/vaylafestival.com\/fi\/wp-json\/wp\/v2\/users\/1"}],"replies":[{"embeddable":true,"href":"https:\/\/vaylafestival.com\/fi\/wp-json\/wp\/v2\/comments?post=3435"}],"version-history":[{"count":12,"href":"https:\/\/vaylafestival.com\/fi\/wp-json\/wp\/v2\/pages\/3435\/revisions"}],"predecessor-version":[{"id":3455,"href":"https:\/\/vaylafestival.com\/fi\/wp-json\/wp\/v2\/pages\/3435\/revisions\/3455"}],"wp:attachment":[{"href":"https:\/\/vaylafestival.com\/fi\/wp-json\/wp\/v2\/media?parent=3435"}],"curies":[{"name":"wp","href":"https:\/\/api.w.org\/{rel}","templated":true}]}}