{"id":3461,"date":"2024-06-18T22:43:05","date_gmt":"2024-06-18T19:43:05","guid":{"rendered":"https:\/\/vaylafestival.com\/fi\/?page_id=3461"},"modified":"2024-07-01T13:59:32","modified_gmt":"2024-07-01T10:59:32","slug":"3-7","status":"publish","type":"page","link":"https:\/\/vaylafestival.com\/fi\/3-7\/","title":{"rendered":"3.7. Pajala"},"content":{"rendered":"\n<p><\/p>\n\n\n\n<div class=\"wp-block-group\"><div class=\"wp-block-group__inner-container is-layout-constrained wp-block-group-is-layout-constrained\">\n<div class=\"wp-block-group\"><div class=\"wp-block-group__inner-container is-layout-constrained wp-block-group-is-layout-constrained\">\n<div class=\"wp-block-group\"><div class=\"wp-block-group__inner-container is-layout-constrained wp-block-group-is-layout-constrained\">\n<div class=\"wp-block-group is-vertical is-layout-flex wp-container-core-group-is-layout-8cf370e7 wp-block-group-is-layout-flex\">\n<div class=\"wp-block-group is-vertical is-layout-flex wp-container-core-group-is-layout-8cf370e7 wp-block-group-is-layout-flex\">\n<p class=\"has-medium-font-size\" style=\"letter-spacing:2px\">KLO 18 (Ruotsin aikaa) PUUT OVAT RUKOUKSIA &amp; AVOIMEN TAIVAAN ALLA<\/p>\n\n\n\n<p><strong>Tornionlaaksonteatteri<\/strong>, Tingsgatan 1, 984 32 Pajala, Ruotsi<\/p>\n\n\n\n<p><\/p>\n\n\n\n<p>Kaksi koskettavaa teosta upean esitt\u00e4j\u00e4joukon tulkitsemana! <em>Puut ovat rukouksia<\/em> on n\u00e4yttelij\u00e4 <strong>Hannu-Pekka Bj\u00f6rkmanin<\/strong>, saksofonisti <strong>Jukka Perkon<\/strong> ja kanteletaiteilija <strong>Eva V\u00e4ljaotsin<\/strong> luoma pohjoismaisiin runoihin nojautuva musiikin ja tekstin kollaasi. Jukka Perkon s\u00e4velt\u00e4m\u00e4 ja Nils-Aslak Valkeap\u00e4\u00e4n runoihin pohjautuva <em>Avoimen taivaan alla<\/em>, kuullaan Perkon ja ly\u00f6m\u00e4soittaja <strong>Mikko Hassisen<\/strong> esityksen\u00e4. Teokseen sijoittuvat&nbsp;Valkeap\u00e4\u00e4n runot kuullaan&nbsp;<strong>\u00c5sa Simman<\/strong>&nbsp;lausumalta&nbsp;\u00e4\u00e4nitteelt\u00e4.&nbsp;Toisistaan irrallisina syntyneit\u00e4 teoksia yhdist\u00e4\u00e4 runojen taustalta l\u00f6ytyv\u00e4 syv\u00e4 luontoyhteys, joka on my\u00f6s V\u00e4yl\u00e4festivaalin yksi t\u00e4m\u00e4n vuoden kantavista teemoista.&nbsp;<\/p>\n<\/div>\n<\/div>\n\n\n\n<div class=\"wp-block-group is-vertical is-layout-flex wp-container-core-group-is-layout-8cf370e7 wp-block-group-is-layout-flex\">\n<div class=\"wp-block-group\"><div class=\"wp-block-group__inner-container is-layout-constrained wp-block-group-is-layout-constrained\">\n<div class=\"wp-block-group is-vertical is-layout-flex wp-container-core-group-is-layout-8cf370e7 wp-block-group-is-layout-flex\">\n<p><\/p>\n\n\n\n<p><em>Konsertin kesto 2 tuntia sis\u00e4lt\u00e4en v\u00e4liajan<\/em><\/p>\n\n\n\n<p>&nbsp;<\/p>\n<\/div>\n<\/div><\/div>\n<\/div>\n<\/div><\/div>\n<\/div><\/div>\n<\/div><\/div>\n\n\n\n<div class=\"wp-block-group is-vertical is-layout-flex wp-container-core-group-is-layout-8cf370e7 wp-block-group-is-layout-flex\">\n<figure class=\"wp-block-image size-full\"><img loading=\"lazy\" decoding=\"async\" width=\"500\" height=\"419\" src=\"https:\/\/vaylafestival.com\/fi\/wp-content\/uploads\/2024\/05\/Nelikko_pieni.png\" alt=\"\" class=\"wp-image-3282\" srcset=\"https:\/\/vaylafestival.com\/fi\/wp-content\/uploads\/2024\/05\/Nelikko_pieni.png 500w, https:\/\/vaylafestival.com\/fi\/wp-content\/uploads\/2024\/05\/Nelikko_pieni-300x251.png 300w\" sizes=\"auto, (max-width: 500px) 100vw, 500px\" \/><\/figure>\n\n\n\n<p class=\"has-small-font-size\"><em><em>Jukka Perko (cr. Mika Toivanen), Eva V\u00e4ljaots, Hannu-Pekka Bj\u00f6rkman (cr. Laura Malmivaara), Mikko Hassinen (cr. Heidi Piiroinen)<\/em><\/em><\/p>\n<\/div>\n\n\n\n<p>N\u00e4yttelij\u00e4 Hannu-Pekka Bj\u00f6rkmanin visiosta syntynyt teoskokonaisuus&nbsp;<em>Puut ovat rukouksia<\/em>&nbsp;kumpuaa Bj\u00f6rkmanin rakkaudesta puiden pyh\u00e4\u00e4n ja el\u00e4m\u00e4\u00e4mme yll\u00e4pit\u00e4v\u00e4\u00e4n hengitykseen. Teoksen ytimen\u00e4&nbsp;on&nbsp;suomalainen ja virolainen&nbsp;luonto- ja mets\u00e4aiheinen runous.&nbsp;Arkaaisen ja modernin runouden kudelman&nbsp;sis\u00e4ll\u00e4 soivat Jukka Perkon puhallinsoittimet ja Eva V\u00e4ljaotsin perinnekanteleet, runot tulkitsee Bj\u00f6rkman.&nbsp;Runoilijoita ovat mm. Helvi Juvonen, Eeva-Liisa Manner, Matti Rossi, Jukka Itkonen ja Jaan Kaplinski.&nbsp;<\/p>\n\n\n\n<p><em>Avoimen taivaan alla&nbsp;<\/em>on V\u00e4yl\u00e4festivaalin tilausteos<em>.<\/em>&nbsp;Nils-Aslak Valkeap\u00e4\u00e4n&nbsp;runoihin&nbsp;pohjaavat, saksofonisti Jukka Perkon s\u00e4velt\u00e4m\u00e4t kappaleet koetaan&nbsp;Perkon ja ly\u00f6m\u00e4soittaja Mikko Hassisen toteuttamana kokonaisuutena.&nbsp;Musiikin lomassa kuullaan n\u00e4yttelij\u00e4 ja ohjaaja \u00c5sa Simman alkuper\u00e4iskielell\u00e4 pohjoissaameksi \u00e4\u00e4nitteelle lausumat Valkep\u00e4\u00e4n&nbsp;runot. Simma teki&nbsp;nuoruudessaan&nbsp;l\u00e4heist\u00e4 yhteisty\u00f6t\u00e4 \u00c1illohak\u0161ena tunnetun taiteilijan&nbsp;kanssa.&nbsp;Perkolle&nbsp;Valkeap\u00e4\u00e4n runot&nbsp;reflektoivat&nbsp;luonnon ja ihmisen yhteytt\u00e4 ja sen ikiaikaista rytmi\u00e4;&nbsp;\u201dment\u00e4ess\u00e4 tarpeeksi syv\u00e4lle ihmisyyteen, osuvat n\u00e4iden runojen merkitykset kaikkiin ihmisiin\u201d, Perko kuvailee.&nbsp;<\/p>\n\n\n\n<div class=\"wp-block-group is-vertical is-layout-flex wp-container-core-group-is-layout-8cf370e7 wp-block-group-is-layout-flex\">\n<p><strong>Liput<\/strong><\/p>\n\n\n\n<p>Konsertin alkamisajankohta on Ruotsin aikaa. Tila on varsin pieni, joten suosittelemme lippujen <a href=\"https:\/\/vaylafestival.com\/fi\/liput\/\" data-type=\"page\" data-id=\"7\" target=\"_blank\" rel=\"noreferrer noopener\">varaamista etuk\u00e4teen<\/a>. Liput paikan p\u00e4\u00e4lt\u00e4 hintaan 150 kruunua (14 euroa).<\/p>\n<\/div>\n","protected":false},"excerpt":{"rendered":"<p>KLO 18 (Ruotsin aikaa) PUUT OVAT RUKOUKSIA &amp; AVOIMEN TAIVAAN ALLA Tornionlaaksonteatteri, Tingsgatan 1, 984 32 Pajala, Ruotsi Kaksi koskettavaa teosta upean esitt\u00e4j\u00e4joukon tulkitsemana! Puut&#8230;<\/p>\n","protected":false},"author":1,"featured_media":0,"parent":0,"menu_order":0,"comment_status":"closed","ping_status":"closed","template":"","meta":{"footnotes":""},"class_list":["post-3461","page","type-page","status-publish","hentry"],"_links":{"self":[{"href":"https:\/\/vaylafestival.com\/fi\/wp-json\/wp\/v2\/pages\/3461","targetHints":{"allow":["GET"]}}],"collection":[{"href":"https:\/\/vaylafestival.com\/fi\/wp-json\/wp\/v2\/pages"}],"about":[{"href":"https:\/\/vaylafestival.com\/fi\/wp-json\/wp\/v2\/types\/page"}],"author":[{"embeddable":true,"href":"https:\/\/vaylafestival.com\/fi\/wp-json\/wp\/v2\/users\/1"}],"replies":[{"embeddable":true,"href":"https:\/\/vaylafestival.com\/fi\/wp-json\/wp\/v2\/comments?post=3461"}],"version-history":[{"count":21,"href":"https:\/\/vaylafestival.com\/fi\/wp-json\/wp\/v2\/pages\/3461\/revisions"}],"predecessor-version":[{"id":3530,"href":"https:\/\/vaylafestival.com\/fi\/wp-json\/wp\/v2\/pages\/3461\/revisions\/3530"}],"wp:attachment":[{"href":"https:\/\/vaylafestival.com\/fi\/wp-json\/wp\/v2\/media?parent=3461"}],"curies":[{"name":"wp","href":"https:\/\/api.w.org\/{rel}","templated":true}]}}