{"id":3536,"date":"2024-11-18T12:59:45","date_gmt":"2024-11-18T10:59:45","guid":{"rendered":"https:\/\/vaylafestival.com\/fi\/?page_id=3536"},"modified":"2025-03-11T04:59:47","modified_gmt":"2025-03-11T02:59:47","slug":"vastuullisuus","status":"publish","type":"page","link":"https:\/\/vaylafestival.com\/fi\/info\/vastuullisuus\/","title":{"rendered":"Vastuullisuus"},"content":{"rendered":"\n<p><em>V\u00e4yl\u00e4festivaalin pyrkimyksen\u00e4 on olemaan vastuullinen kulttuurikent\u00e4n toimija niin ekologisesti, sosiaalisesti kuin taloudellisestikin. V\u00e4yl\u00e4festivaalin toiminnassa mukana olevia pyydet\u00e4\u00e4n tutustumaan alla oleviin linjauksiin ja toimimaan niiden mukaisesti. <\/em><\/p>\n\n\n\n<hr class=\"wp-block-separator has-alpha-channel-opacity\"\/>\n\n\n\n<p><strong>Tasa-arvo ja yhdenvertaisuus<\/strong><br>V\u00e4yl\u00e4festivaali ry pyrkii kaikessa toiminnassaan edist\u00e4m\u00e4\u00e4n tasa-arvoa ja yhdenvertaisuutta, kulttuurista moninaisuutta sek\u00e4 ihmisen identiteettiin kuuluvien erojen kunnioittamista. Yhteis\u00f6 ei hyv\u00e4ksy syrjint\u00e4\u00e4. Festivaaliyhteis\u00f6 kohtelee k\u00e4vij\u00f6it\u00e4, ty\u00f6ntekij\u00f6it\u00e4 ja yhteisty\u00f6kumppaneita yhdenvertaisesti riippumatta henkil\u00f6n erilaisten fyysisten ominaisuuksien, sosioekonomisen taustan, sukupuolen, ideologian, etnisyyden tai arvojen takia. Yhteis\u00f6 on toiminnassaan avoin erilaisille ominaisuuksille sek\u00e4 erilaisille taustoista tuleville ihmisille.<\/p>\n\n\n\n<hr class=\"wp-block-separator has-alpha-channel-opacity\"\/>\n\n\n\n<p><strong>Turvallisemman tilan periaatteet<\/strong><br>Yhdistyksen toiminnan piiriss\u00e4 olevia pyydet\u00e4\u00e4n noudattamaan seuraavia ohjeita, jotta kaikilla olisi yht\u00e4l\u00e4inen mahdollisuus kokea olevansa turvallisessa ymp\u00e4rist\u00f6ss\u00e4:<br>\u2022 Kunnioittamaan toisen henkil\u00f6kohtaista tilaa<br>\u2022 Kunnioittamaan kaikkia tekem\u00e4tt\u00e4 kenest\u00e4k\u00e4\u00e4n mink\u00e4\u00e4nlaisia oletuksia<br>\u2022 Kunnioittamaan ja kuuntelemaan toisten mielipiteit\u00e4 ja n\u00e4k\u00f6kantoja<br>\u2022 Ottamaan vastuu omasta toiminnasta ja k\u00e4yt\u00f6ksest\u00e4<br>\u2022 Muuttamaan omaa toimintaansa, mik\u00e4li joku huomauttaa, ett\u00e4 oma k\u00e4yt\u00f6s on h\u00e4iritsev\u00e4\u00e4, eik\u00e4 edesauta turvallisen ymp\u00e4rist\u00f6n yll\u00e4pitoa<br>\u2022 Kunnioittamaan toisten yksityisyytt\u00e4<br>\u2022 Olematta kommentoimatta toisen kehoa<br>\u2022 Puuttumaan ep\u00e4asialliseen k\u00e4yt\u00f6kseen ja ilmoittamaan siit\u00e4 festivaalin tai tapahtumapaikan henkil\u00f6kunnalle<\/p>\n\n\n\n<hr class=\"wp-block-separator has-alpha-channel-opacity\"\/>\n\n\n\n<p><strong>Saavutettavuus<\/strong><br>Festivaalin fyysinen saavutettavuus ja esteett\u00f6myys ovat t\u00e4rke\u00e4ss\u00e4 roolissa esityspaikkoja valittaessa. Tiloissa on kuitenkin esteett\u00f6myyseroja, esimerkiksi silloin, jos tapahtuma j\u00e4rjestet\u00e4\u00e4n luontokohteessa. T\u00e4st\u00e4 pyrit\u00e4\u00e4n viestim\u00e4\u00e4n selke\u00e4sti verkkosivuilla ja muissa tiedotuskanavissa. <br><br>Useimpiin tiloihin on tarjolla py\u00f6rituolipaikkoja. Kaikki avustusta tarvitsevien yleis\u00f6j\u00e4senten avustajat p\u00e4\u00e4sev\u00e4t tapahtumiin maksutta. Taloudellista saavutettavuutta yll\u00e4pidet\u00e4\u00e4n j\u00e4rjest\u00e4m\u00e4ll\u00e4 osa tarjonnasta p\u00e4\u00e4symaksuttomina tapahtumina. Pyrimme jatkuvasti kehitt\u00e4m\u00e4\u00e4n saavutettavuutta, jotta kaikilla halukkailla olisi yht\u00e4l\u00e4inen mahdollisuus kokea V\u00e4yl\u00e4festivaali. <\/p>\n\n\n\n<hr class=\"wp-block-separator has-alpha-channel-opacity\"\/>\n\n\n\n<p><strong>Ymp\u00e4rist\u00f6<br><\/strong>Yhteis\u00f6 tunnistaa ja osaa arvioida toimintansa ymp\u00e4rist\u00f6vaikutukset esim. tapahtumien, matkustamisen ja hankintojen osalta. Yhteis\u00f6 pyrkii toiminnan suunnittelussa ja toteutuksessa v\u00e4hent\u00e4m\u00e4\u00e4n toiminnan kielteisi\u00e4 ymp\u00e4rist\u00f6vaikutuksia ja edist\u00e4m\u00e4\u00e4n ymp\u00e4rist\u00f6kest\u00e4vyytt\u00e4. Yhteis\u00f6 toimii kest\u00e4vyytt\u00e4 edist\u00e4v\u00e4sti my\u00f6s rakenteiden, viestinn\u00e4n ja kouluttautumisen avulla.<\/p>\n\n\n\n<p>Toiminnassa halutaan edist\u00e4\u00e4 ilmaston muutoksen torjuntaa ja kest\u00e4v\u00e4n kehityksen periaatteita. T\u00e4t\u00e4 varten festivaali on ty\u00f6st\u00e4nyt periaatteet oman toimintansa ohjaamiseen. Periaatteet ovat:<br>\u2022 Esitell\u00e4\u00e4n festivaalille matkustavia taiteilijoita useammissa kohteissa<br>\u2022 Tuodaan taidetta ihmisten l\u00e4helle ja mahdollistetaan kauempaa tulevalle yleis\u00f6lle matkustaminen yhteiskuljetuksin tai julkisilla kulkuneuvoilla<br>\u2022 Edistet\u00e4\u00e4n taide- ja luontomatkailun yhdist\u00e4mist\u00e4<br>\u2022 Pidet\u00e4\u00e4n lastenkulttuuri mukana laajasti festivaalin ohjelmassa<br>\u2022 Liityt\u00e4\u00e4n mahdollisuuksien mukaan olemassa oleviin rakenteisiin<br>\u2022 Kutsutaan osa esiintyjist\u00e4 festivaalin toiminta-alueelta<br>\u2022 Nostetaan ohjelman teemat alueesta (vuonna 2025 kveeninkielinen kulttuuriperint\u00f6, pohjoinen luonto, merkitt\u00e4v\u00e4n muoniolaissyntyisen runoilijan el\u00e4m\u00e4 ja tuotanto)<\/p>\n\n\n\n<hr class=\"wp-block-separator has-alpha-channel-opacity\"\/>\n\n\n\n<p style=\"font-size:15px\"><em>P\u00e4ivitetty 12\/2024<\/em><\/p>\n","protected":false},"excerpt":{"rendered":"<p>V\u00e4yl\u00e4festivaalin pyrkimyksen\u00e4 on olemaan vastuullinen kulttuurikent\u00e4n toimija niin ekologisesti, sosiaalisesti kuin taloudellisestikin. V\u00e4yl\u00e4festivaalin toiminnassa mukana olevia pyydet\u00e4\u00e4n tutustumaan alla oleviin linjauksiin ja toimimaan niiden mukaisesti&#8230;.<\/p>\n","protected":false},"author":1,"featured_media":0,"parent":723,"menu_order":0,"comment_status":"closed","ping_status":"closed","template":"","meta":{"footnotes":""},"class_list":["post-3536","page","type-page","status-publish","hentry"],"_links":{"self":[{"href":"https:\/\/vaylafestival.com\/fi\/wp-json\/wp\/v2\/pages\/3536","targetHints":{"allow":["GET"]}}],"collection":[{"href":"https:\/\/vaylafestival.com\/fi\/wp-json\/wp\/v2\/pages"}],"about":[{"href":"https:\/\/vaylafestival.com\/fi\/wp-json\/wp\/v2\/types\/page"}],"author":[{"embeddable":true,"href":"https:\/\/vaylafestival.com\/fi\/wp-json\/wp\/v2\/users\/1"}],"replies":[{"embeddable":true,"href":"https:\/\/vaylafestival.com\/fi\/wp-json\/wp\/v2\/comments?post=3536"}],"version-history":[{"count":10,"href":"https:\/\/vaylafestival.com\/fi\/wp-json\/wp\/v2\/pages\/3536\/revisions"}],"predecessor-version":[{"id":3596,"href":"https:\/\/vaylafestival.com\/fi\/wp-json\/wp\/v2\/pages\/3536\/revisions\/3596"}],"up":[{"embeddable":true,"href":"https:\/\/vaylafestival.com\/fi\/wp-json\/wp\/v2\/pages\/723"}],"wp:attachment":[{"href":"https:\/\/vaylafestival.com\/fi\/wp-json\/wp\/v2\/media?parent=3536"}],"curies":[{"name":"wp","href":"https:\/\/api.w.org\/{rel}","templated":true}]}}