{"id":497,"date":"2017-05-19T12:33:45","date_gmt":"2017-05-19T09:33:45","guid":{"rendered":"http:\/\/vaylafestival.com\/fi\/?page_id=497"},"modified":"2019-01-21T20:07:47","modified_gmt":"2019-01-21T18:07:47","slug":"suoni-svenska","status":"publish","type":"page","link":"https:\/\/vaylafestival.com\/fi\/suoni-svenska\/","title":{"rendered":"Performansen Suoni"},"content":{"rendered":"<div class=\"csRow\">\n<div class=\"csColumn\" style=\"margin: 0px; padding: 0px; float: left; width: 48.4%;\" data-csstartpoint=\"0\" data-csendpoint=\"465\" data-cswidth=\"48.4%\" data-csid=\"83392323-418d-3995-af07-fff5a2c31e36\">\n<p><i>Suoni <\/i>\u00e4r en dansperformans skapad av den tornedalska artisten Katariina Angeria p\u00e5 best\u00e4llning av V\u00e4yl\u00e4festivalen. Verket str\u00e4cker sig genom hela evenemanget och binder p\u00e5 s\u00e5 s\u00e4tt ihop de \u00f6vriga programelementen.<\/p>\n<p class=\"p1\"><em>Suoniverket<\/em> flyter fram n\u00e4ra floden l\u00e4ngs en improviserad rutt. Angeria g\u00f6r resan p\u00e5 cykel ikl\u00e4dd Tornedalens folkdr\u00e4kt som hon sj\u00e4lv sytt och v\u00e4vt tyget till. P\u00e5 resan dansar Angeria vid str\u00e4nder och p\u00e5 g\u00e5rdar, stundvis fr\u00e5n m\u00e4nniska till vattnet och fr\u00e5n vattnet till m\u00e4nniska. Verket kan \u00e5 ena sidan ses som en meditation, \u00e5 andra sidan som en hyllning till &#8220;vattenkroppar&#8221; och samspelet mellan m\u00e4nniskan och floden. Under resan t\u00e4nker hon lita p\u00e5 det lokala folket, p\u00e5 deras generositet och bland annat \u00f6vernatta hos dem.<\/p>\n<p class=\"p1\">F\u00f6lj med verkets v\u00e4ndningar p\u00e5 <a href=\"http:\/\/vaylafestival.com\/fi\/suoni\/\">Suonibloggen<\/a> och p\u00e5 facebook. Mejla g\u00e4rna oss era intryck och reaktioner av resan s\u00e5 att vi kan dela dem p\u00e5 bloggen.<\/p>\n<\/div>\n<div class=\"csColumnGap\" style=\"margin: 0px; padding: 0px; float: left; width: 1.56%;\"><img decoding=\"async\" src=\"http:\/\/vaylafestival.com\/fi\/wp-content\/plugins\/advanced-wp-columns\/assets\/js\/plugins\/views\/img\/1x1-pixel.png\" \/><\/div>\n<div class=\"csColumn\" style=\"margin: 0px; padding: 0px; float: left; width: 50%;\" data-csstartpoint=\"480\" data-csendpoint=\"960\" data-cswidth=\"50.0%\" data-csid=\"fe99c1ac-f89d-876b-a6f1-f1d5933fee48\">\n<p><img loading=\"lazy\" decoding=\"async\" class=\"wp-image-233 alignleft\" src=\"http:\/\/vaylafestival.com\/fi\/wp-content\/uploads\/2017\/05\/KatariinaSonja-Siltala-200x300.jpg\" alt=\"\" width=\"460\" height=\"690\" srcset=\"https:\/\/vaylafestival.com\/fi\/wp-content\/uploads\/2017\/05\/KatariinaSonja-Siltala-200x300.jpg 200w, https:\/\/vaylafestival.com\/fi\/wp-content\/uploads\/2017\/05\/KatariinaSonja-Siltala-768x1151.jpg 768w, https:\/\/vaylafestival.com\/fi\/wp-content\/uploads\/2017\/05\/KatariinaSonja-Siltala-683x1024.jpg 683w, https:\/\/vaylafestival.com\/fi\/wp-content\/uploads\/2017\/05\/KatariinaSonja-Siltala-700x1049.jpg 700w, https:\/\/vaylafestival.com\/fi\/wp-content\/uploads\/2017\/05\/KatariinaSonja-Siltala-520x779.jpg 520w, https:\/\/vaylafestival.com\/fi\/wp-content\/uploads\/2017\/05\/KatariinaSonja-Siltala-360x539.jpg 360w, https:\/\/vaylafestival.com\/fi\/wp-content\/uploads\/2017\/05\/KatariinaSonja-Siltala-250x375.jpg 250w, https:\/\/vaylafestival.com\/fi\/wp-content\/uploads\/2017\/05\/KatariinaSonja-Siltala-100x150.jpg 100w\" sizes=\"auto, (max-width: 460px) 100vw, 460px\" \/><\/p>\n<\/div>\n<div class=\"csColumn\" style=\"margin: 0px; padding: 0px; float: left; width: 50%;\" data-csstartpoint=\"480\" data-csendpoint=\"960\" data-cswidth=\"50.0%\" data-csid=\"fe99c1ac-f89d-876b-a6f1-f1d5933fee48\">\n<h6>Katariina Angeria i Tornedalens folkdr\u00e4kt \/ credit: Sonja Siltala<\/h6>\n<\/div>\n<div style=\"clear: both; float: none; display: block; visibility: hidden; width: 0px; font-size: 0px; line-height: 0;\"><\/div>\n<\/div>\n","protected":false},"excerpt":{"rendered":"<p>Suoni \u00e4r en dansperformans skapad av den tornedalska artisten Katariina Angeria p\u00e5 best\u00e4llning av V\u00e4yl\u00e4festivalen. Verket str\u00e4cker sig genom hela evenemanget och binder p\u00e5 s\u00e5&#8230;<\/p>\n","protected":false},"author":1,"featured_media":0,"parent":0,"menu_order":3,"comment_status":"closed","ping_status":"closed","template":"","meta":{"footnotes":""},"class_list":["post-497","page","type-page","status-publish","hentry"],"_links":{"self":[{"href":"https:\/\/vaylafestival.com\/fi\/wp-json\/wp\/v2\/pages\/497","targetHints":{"allow":["GET"]}}],"collection":[{"href":"https:\/\/vaylafestival.com\/fi\/wp-json\/wp\/v2\/pages"}],"about":[{"href":"https:\/\/vaylafestival.com\/fi\/wp-json\/wp\/v2\/types\/page"}],"author":[{"embeddable":true,"href":"https:\/\/vaylafestival.com\/fi\/wp-json\/wp\/v2\/users\/1"}],"replies":[{"embeddable":true,"href":"https:\/\/vaylafestival.com\/fi\/wp-json\/wp\/v2\/comments?post=497"}],"version-history":[{"count":11,"href":"https:\/\/vaylafestival.com\/fi\/wp-json\/wp\/v2\/pages\/497\/revisions"}],"predecessor-version":[{"id":1592,"href":"https:\/\/vaylafestival.com\/fi\/wp-json\/wp\/v2\/pages\/497\/revisions\/1592"}],"wp:attachment":[{"href":"https:\/\/vaylafestival.com\/fi\/wp-json\/wp\/v2\/media?parent=497"}],"curies":[{"name":"wp","href":"https:\/\/api.w.org\/{rel}","templated":true}]}}