{"id":5,"date":"2017-05-07T19:25:38","date_gmt":"2017-05-07T19:25:38","guid":{"rendered":"http:\/\/vaylafestival.com\/fi\/home\/"},"modified":"2025-06-30T14:51:21","modified_gmt":"2025-06-30T11:51:21","slug":"home","status":"publish","type":"page","link":"https:\/\/vaylafestival.com\/fi\/home\/","title":{"rendered":"V\u00e4yl\u00e4festivaali"},"content":{"rendered":"\n<div class=\"wp-block-columns is-layout-flex wp-container-core-columns-is-layout-9d6595d7 wp-block-columns-is-layout-flex\">\n<div class=\"wp-block-column is-layout-flow wp-block-column-is-layout-flow\" style=\"flex-basis:100%\">\n<div class=\"wp-block-columns is-layout-flex wp-container-core-columns-is-layout-9d6595d7 wp-block-columns-is-layout-flex\">\n<div class=\"wp-block-column is-layout-flow wp-block-column-is-layout-flow\" style=\"flex-basis:100%\">\n<p><em>V\u00e4yl\u00e4festivaali on monitaiteinen kulttuuritapahtuma, joka matkaa keskikes\u00e4ll\u00e4 Tornionlaaksossa kolmen maan alueella. Artistit Suomesta, Ruotsista ja Norjasta kohtaavat pohjoiskalottia halkovan V\u00e4yl\u00e4n \u00e4\u00e4rell\u00e4.&nbsp;<\/em><\/p>\n\n\n\n<p>Yhdeks\u00e4tt\u00e4 kertaa j\u00e4rjestett\u00e4v\u00e4 V\u00e4yl\u00e4festivaali levitt\u00e4ytyy Tornionlaaksoon 28.6.\u20135.7.2025, paikkakuntia ovat t\u00e4ll\u00e4 kertaa ovat Pello, Kolari, Enonteki\u00f6, \u00d6vertorne\u00e5, Pajala ja Kiiruna. <a href=\"https:\/\/vaylafestival.com\/fi\/ohjelma-2025\/\" data-type=\"page\" data-id=\"3641\" target=\"_blank\" rel=\"noreferrer noopener\">Ohjelmassa<\/a> unohtumattomia kohtaamisia musiikin, tekstin, keskusteluiden ja tietenkin luonnon \u00e4\u00e4rell\u00e4.<\/p>\n\n\n\n<p><em>L\u00e4mpim\u00e4sti tervetuloa mukaan pohjoiseen taideseikkailuun!<\/em><\/p>\n<\/div>\n<\/div>\n<\/div>\n<\/div>\n\n\n\n<div class=\"wp-block-columns has-2-columns is-layout-flex wp-container-core-columns-is-layout-9d6595d7 wp-block-columns-is-layout-flex\">\n<div class=\"wp-block-column is-vertically-aligned-center is-layout-flow wp-block-column-is-layout-flow\"><div class=\"wp-block-image\">\n<figure class=\"aligncenter size-large\"><img loading=\"lazy\" decoding=\"async\" width=\"1024\" height=\"683\" src=\"https:\/\/vaylafestival.com\/fi\/wp-content\/uploads\/2024\/04\/Vayla-3605M-1024x683.jpg\" alt=\"\" class=\"wp-image-3202\" srcset=\"https:\/\/vaylafestival.com\/fi\/wp-content\/uploads\/2024\/04\/Vayla-3605M-1024x683.jpg 1024w, https:\/\/vaylafestival.com\/fi\/wp-content\/uploads\/2024\/04\/Vayla-3605M-300x200.jpg 300w, https:\/\/vaylafestival.com\/fi\/wp-content\/uploads\/2024\/04\/Vayla-3605M-768x512.jpg 768w, https:\/\/vaylafestival.com\/fi\/wp-content\/uploads\/2024\/04\/Vayla-3605M-1536x1024.jpg 1536w, https:\/\/vaylafestival.com\/fi\/wp-content\/uploads\/2024\/04\/Vayla-3605M-2048x1366.jpg 2048w\" sizes=\"auto, (max-width: 1024px) 100vw, 1024px\" \/><figcaption class=\"wp-element-caption\"><em><sup>Keskikes\u00e4n y\u00f6 Tornionlaaksossa (kuva: Maarit Kyt\u00f6harju)<\/sup><\/em><\/figcaption><\/figure>\n<\/div><\/div>\n<\/div>\n\n\n\n<hr class=\"wp-block-separator has-css-opacity is-style-wide\"\/>\n\n\n\n<p><em>L\u00e4mmin kiitos tuesta ja yhteisty\u00f6st\u00e4!<\/em><\/p>\n\n\n\n<div class=\"wp-block-columns is-layout-flex wp-container-core-columns-is-layout-9d6595d7 wp-block-columns-is-layout-flex\">\n<div class=\"wp-block-column is-layout-flow wp-block-column-is-layout-flow\">\n<figure class=\"wp-block-image size-large\"><img loading=\"lazy\" decoding=\"async\" width=\"1024\" height=\"1024\" src=\"https:\/\/vaylafestival.com\/fi\/wp-content\/uploads\/2025\/06\/Nimeton-malli11-1024x1024.png\" alt=\"\" class=\"wp-image-3787\" srcset=\"https:\/\/vaylafestival.com\/fi\/wp-content\/uploads\/2025\/06\/Nimeton-malli11-1024x1024.png 1024w, https:\/\/vaylafestival.com\/fi\/wp-content\/uploads\/2025\/06\/Nimeton-malli11-300x300.png 300w, https:\/\/vaylafestival.com\/fi\/wp-content\/uploads\/2025\/06\/Nimeton-malli11-150x150.png 150w, https:\/\/vaylafestival.com\/fi\/wp-content\/uploads\/2025\/06\/Nimeton-malli11-768x768.png 768w, https:\/\/vaylafestival.com\/fi\/wp-content\/uploads\/2025\/06\/Nimeton-malli11.png 1080w\" sizes=\"auto, (max-width: 1024px) 100vw, 1024px\" \/><\/figure>\n<\/div>\n\n\n\n<div class=\"wp-block-column is-layout-flow wp-block-column-is-layout-flow\">\n<figure class=\"wp-block-image size-large\"><img loading=\"lazy\" decoding=\"async\" width=\"1024\" height=\"1024\" src=\"https:\/\/vaylafestival.com\/fi\/wp-content\/uploads\/2025\/06\/Nimeton-malli12-1024x1024.png\" alt=\"\" class=\"wp-image-3788\" srcset=\"https:\/\/vaylafestival.com\/fi\/wp-content\/uploads\/2025\/06\/Nimeton-malli12-1024x1024.png 1024w, https:\/\/vaylafestival.com\/fi\/wp-content\/uploads\/2025\/06\/Nimeton-malli12-300x300.png 300w, https:\/\/vaylafestival.com\/fi\/wp-content\/uploads\/2025\/06\/Nimeton-malli12-150x150.png 150w, https:\/\/vaylafestival.com\/fi\/wp-content\/uploads\/2025\/06\/Nimeton-malli12-768x768.png 768w, https:\/\/vaylafestival.com\/fi\/wp-content\/uploads\/2025\/06\/Nimeton-malli12.png 1080w\" sizes=\"auto, (max-width: 1024px) 100vw, 1024px\" \/><\/figure>\n<\/div>\n<\/div>\n","protected":false},"excerpt":{"rendered":"<p>V\u00e4yl\u00e4festivaali on monitaiteinen kulttuuritapahtuma, joka matkaa keskikes\u00e4ll\u00e4 Tornionlaaksossa kolmen maan alueella. Artistit Suomesta, Ruotsista ja Norjasta kohtaavat pohjoiskalottia halkovan V\u00e4yl\u00e4n \u00e4\u00e4rell\u00e4.&nbsp; Yhdeks\u00e4tt\u00e4 kertaa j\u00e4rjestett\u00e4v\u00e4 V\u00e4yl\u00e4festivaali&#8230;<\/p>\n","protected":false},"author":1,"featured_media":0,"parent":0,"menu_order":1,"comment_status":"closed","ping_status":"closed","template":"","meta":{"footnotes":""},"class_list":["post-5","page","type-page","status-publish","hentry"],"_links":{"self":[{"href":"https:\/\/vaylafestival.com\/fi\/wp-json\/wp\/v2\/pages\/5","targetHints":{"allow":["GET"]}}],"collection":[{"href":"https:\/\/vaylafestival.com\/fi\/wp-json\/wp\/v2\/pages"}],"about":[{"href":"https:\/\/vaylafestival.com\/fi\/wp-json\/wp\/v2\/types\/page"}],"author":[{"embeddable":true,"href":"https:\/\/vaylafestival.com\/fi\/wp-json\/wp\/v2\/users\/1"}],"replies":[{"embeddable":true,"href":"https:\/\/vaylafestival.com\/fi\/wp-json\/wp\/v2\/comments?post=5"}],"version-history":[{"count":284,"href":"https:\/\/vaylafestival.com\/fi\/wp-json\/wp\/v2\/pages\/5\/revisions"}],"predecessor-version":[{"id":3789,"href":"https:\/\/vaylafestival.com\/fi\/wp-json\/wp\/v2\/pages\/5\/revisions\/3789"}],"wp:attachment":[{"href":"https:\/\/vaylafestival.com\/fi\/wp-json\/wp\/v2\/media?parent=5"}],"curies":[{"name":"wp","href":"https:\/\/api.w.org\/{rel}","templated":true}]}}