{"id":52,"date":"2017-05-09T16:54:10","date_gmt":"2017-05-09T13:54:10","guid":{"rendered":"http:\/\/vaylafestival.com\/fi\/?page_id=52"},"modified":"2025-06-30T14:53:09","modified_gmt":"2025-06-30T11:53:09","slug":"start","status":"publish","type":"page","link":"https:\/\/vaylafestival.com\/fi\/start\/","title":{"rendered":"V\u00e4yl\u00e4festivalen"},"content":{"rendered":"\n<div class=\"wp-block-columns is-layout-flex wp-container-core-columns-is-layout-9d6595d7 wp-block-columns-is-layout-flex\">\n<div class=\"wp-block-column is-layout-flow wp-block-column-is-layout-flow\" style=\"flex-basis:100%\">\n<div class=\"wp-block-columns is-layout-flex wp-container-core-columns-is-layout-9d6595d7 wp-block-columns-is-layout-flex\">\n<div class=\"wp-block-column is-layout-flow wp-block-column-is-layout-flow\" style=\"flex-basis:100%\">\n<p><em>V\u00e4yl\u00e4festivalen \u00e4r en genre\u00f6verskridande festival som mitt under sommaren g\u00f6r kulturresa i Tornedalen. Evenemanget presenterar artister fr\u00e5n omr\u00e5dets tre l\u00e4nder, Finland, Sverige och Norge och erbjuder en unik uppl\u00e4ggning av konstarter i hj\u00e4rtat av Lappland.&nbsp;<\/em><\/p>\n\n\n\n<p>Den nionde upplagan av V\u00e4yl\u00e4festivalen ordnas 28.6\u20135.7.2025. Evenemangsorterna \u00e4r Pello, Kolari, Enontekis, \u00d6vertorne\u00e5, Pajala och Kiruna. Programmet best\u00e5r \u00e5terigen av of\u00f6rgl\u00f6mliga m\u00f6ten mellan musik, text, tal, utan att gl\u00f6mma naturen.<\/p>\n\n\n\n<p><em>Hj\u00e4rtligt v\u00e4lkommen p\u00e5 en kulturresa i Tornedalen!<\/em><\/p>\n<\/div>\n<\/div>\n<\/div>\n<\/div>\n\n\n\n<div class=\"wp-block-columns has-2-columns is-layout-flex wp-container-core-columns-is-layout-9d6595d7 wp-block-columns-is-layout-flex\">\n<div class=\"wp-block-column is-vertically-aligned-center is-layout-flow wp-block-column-is-layout-flow\"><div class=\"wp-block-image\">\n<figure class=\"aligncenter size-large\"><img loading=\"lazy\" decoding=\"async\" width=\"1024\" height=\"683\" src=\"https:\/\/vaylafestival.com\/fi\/wp-content\/uploads\/2024\/05\/Vayla-3605p-1-1024x683.jpg\" alt=\"\" class=\"wp-image-3362\" srcset=\"https:\/\/vaylafestival.com\/fi\/wp-content\/uploads\/2024\/05\/Vayla-3605p-1-1024x683.jpg 1024w, https:\/\/vaylafestival.com\/fi\/wp-content\/uploads\/2024\/05\/Vayla-3605p-1-300x200.jpg 300w, https:\/\/vaylafestival.com\/fi\/wp-content\/uploads\/2024\/05\/Vayla-3605p-1-768x512.jpg 768w, https:\/\/vaylafestival.com\/fi\/wp-content\/uploads\/2024\/05\/Vayla-3605p-1-1536x1024.jpg 1536w, https:\/\/vaylafestival.com\/fi\/wp-content\/uploads\/2024\/05\/Vayla-3605p-1.jpg 1771w\" sizes=\"auto, (max-width: 1024px) 100vw, 1024px\" \/><figcaption class=\"wp-element-caption\"><em><sup>Midsommarnatt i Tornedalen (bild: Maarit Kyt\u00f6harju)<\/sup><\/em><\/figcaption><\/figure>\n<\/div><\/div>\n<\/div>\n\n\n\n<hr class=\"wp-block-separator has-alpha-channel-opacity\"\/>\n\n\n\n<p><em>Ett varmt tack f\u00f6r st\u00f6d och gott samarbete!<\/em><\/p>\n\n\n\n<div class=\"wp-block-columns is-layout-flex wp-container-core-columns-is-layout-9d6595d7 wp-block-columns-is-layout-flex\">\n<div class=\"wp-block-column is-layout-flow wp-block-column-is-layout-flow\">\n<figure class=\"wp-block-image size-large\"><img loading=\"lazy\" decoding=\"async\" width=\"1024\" height=\"1024\" src=\"https:\/\/vaylafestival.com\/fi\/wp-content\/uploads\/2025\/06\/Nimeton-malli11-1024x1024.png\" alt=\"\" class=\"wp-image-3787\" srcset=\"https:\/\/vaylafestival.com\/fi\/wp-content\/uploads\/2025\/06\/Nimeton-malli11-1024x1024.png 1024w, https:\/\/vaylafestival.com\/fi\/wp-content\/uploads\/2025\/06\/Nimeton-malli11-300x300.png 300w, https:\/\/vaylafestival.com\/fi\/wp-content\/uploads\/2025\/06\/Nimeton-malli11-150x150.png 150w, https:\/\/vaylafestival.com\/fi\/wp-content\/uploads\/2025\/06\/Nimeton-malli11-768x768.png 768w, https:\/\/vaylafestival.com\/fi\/wp-content\/uploads\/2025\/06\/Nimeton-malli11.png 1080w\" sizes=\"auto, (max-width: 1024px) 100vw, 1024px\" \/><\/figure>\n<\/div>\n\n\n\n<div class=\"wp-block-column is-layout-flow wp-block-column-is-layout-flow\">\n<figure class=\"wp-block-image size-large\"><img loading=\"lazy\" decoding=\"async\" width=\"1024\" height=\"1024\" src=\"https:\/\/vaylafestival.com\/fi\/wp-content\/uploads\/2025\/06\/Nimeton-malli12-1024x1024.png\" alt=\"\" class=\"wp-image-3788\" srcset=\"https:\/\/vaylafestival.com\/fi\/wp-content\/uploads\/2025\/06\/Nimeton-malli12-1024x1024.png 1024w, https:\/\/vaylafestival.com\/fi\/wp-content\/uploads\/2025\/06\/Nimeton-malli12-300x300.png 300w, https:\/\/vaylafestival.com\/fi\/wp-content\/uploads\/2025\/06\/Nimeton-malli12-150x150.png 150w, https:\/\/vaylafestival.com\/fi\/wp-content\/uploads\/2025\/06\/Nimeton-malli12-768x768.png 768w, https:\/\/vaylafestival.com\/fi\/wp-content\/uploads\/2025\/06\/Nimeton-malli12.png 1080w\" sizes=\"auto, (max-width: 1024px) 100vw, 1024px\" \/><\/figure>\n<\/div>\n<\/div>\n","protected":false},"excerpt":{"rendered":"<p>V\u00e4yl\u00e4festivalen \u00e4r en genre\u00f6verskridande festival som mitt under sommaren g\u00f6r kulturresa i Tornedalen. Evenemanget presenterar artister fr\u00e5n omr\u00e5dets tre l\u00e4nder, Finland, Sverige och Norge och&#8230;<\/p>\n","protected":false},"author":1,"featured_media":0,"parent":0,"menu_order":1,"comment_status":"closed","ping_status":"closed","template":"","meta":{"footnotes":""},"class_list":["post-52","page","type-page","status-publish","hentry"],"_links":{"self":[{"href":"https:\/\/vaylafestival.com\/fi\/wp-json\/wp\/v2\/pages\/52","targetHints":{"allow":["GET"]}}],"collection":[{"href":"https:\/\/vaylafestival.com\/fi\/wp-json\/wp\/v2\/pages"}],"about":[{"href":"https:\/\/vaylafestival.com\/fi\/wp-json\/wp\/v2\/types\/page"}],"author":[{"embeddable":true,"href":"https:\/\/vaylafestival.com\/fi\/wp-json\/wp\/v2\/users\/1"}],"replies":[{"embeddable":true,"href":"https:\/\/vaylafestival.com\/fi\/wp-json\/wp\/v2\/comments?post=52"}],"version-history":[{"count":90,"href":"https:\/\/vaylafestival.com\/fi\/wp-json\/wp\/v2\/pages\/52\/revisions"}],"predecessor-version":[{"id":3791,"href":"https:\/\/vaylafestival.com\/fi\/wp-json\/wp\/v2\/pages\/52\/revisions\/3791"}],"wp:attachment":[{"href":"https:\/\/vaylafestival.com\/fi\/wp-json\/wp\/v2\/media?parent=52"}],"curies":[{"name":"wp","href":"https:\/\/api.w.org\/{rel}","templated":true}]}}