{"id":54,"date":"2017-05-09T16:54:33","date_gmt":"2017-05-09T13:54:33","guid":{"rendered":"http:\/\/vaylafestival.com\/fi\/?page_id=54"},"modified":"2025-06-30T14:56:20","modified_gmt":"2025-06-30T11:56:20","slug":"start-eng","status":"publish","type":"page","link":"https:\/\/vaylafestival.com\/fi\/start-eng\/","title":{"rendered":"V\u00e4yl\u00e4festival"},"content":{"rendered":"\n<div class=\"wp-block-columns is-layout-flex wp-container-core-columns-is-layout-9d6595d7 wp-block-columns-is-layout-flex\">\n<div class=\"wp-block-column is-layout-flow wp-block-column-is-layout-flow\" style=\"flex-basis:100%\">\n<div class=\"wp-block-columns is-layout-flex wp-container-core-columns-is-layout-9d6595d7 wp-block-columns-is-layout-flex\">\n<div class=\"wp-block-column is-layout-flow wp-block-column-is-layout-flow\" style=\"flex-basis:100%\">\n<p>The V\u00e4yl\u00e4festival is a multifaceted arts festival taking place in the Torne River Valley, an area reaching onto the terrain of the three Scandinavian countries: Finland, Norway, and Sweden. The festival presents Nordic artist and offers a unique summit of the arts in the heart of Lapland.<br><br>The ninth edition of V\u00e4yl\u00e4festival is presented in various locations around Torne River Valley from June 28 to July 5, 2025. This year\u2019s program locations are Pello, Kolari, Enonteki\u00f6, \u00d6vertorne\u00e5, Pajala, and Kiruna. Expect unforgettable encounters with music, literature, film, speakers, and of course nature. Full program available now!<\/p>\n\n\n\n<p><\/p>\n\n\n\n<h5 class=\"wp-block-heading has-text-align-center has-text-color\" style=\"color:#9999cc;font-size:18px\"><em style=\"color: inherit; font-size: 1.56em; font-weight: 600;\"><em>A cultural adventure in the middle of breathtaking Nordic nature is waiting for you!<\/em><\/em><\/h5>\n<\/div>\n<\/div>\n<\/div>\n<\/div>\n\n\n\n<div class=\"wp-block-columns has-2-columns is-layout-flex wp-container-core-columns-is-layout-9d6595d7 wp-block-columns-is-layout-flex\">\n<div class=\"wp-block-column is-vertically-aligned-center is-layout-flow wp-block-column-is-layout-flow\"><div class=\"wp-block-image\">\n<figure class=\"aligncenter size-large\"><img loading=\"lazy\" decoding=\"async\" width=\"1024\" height=\"576\" src=\"https:\/\/vaylafestival.com\/fi\/wp-content\/uploads\/2018\/08\/DSC_2261-002-1-1024x576.jpg\" alt=\"\" class=\"wp-image-1559\"\/><figcaption class=\"wp-element-caption\"><em><sup>V\u00e4yl\u00e4festival in 2018 at The Three-Country Cairn<\/sup><\/em><\/figcaption><\/figure>\n<\/div><\/div>\n<\/div>\n\n\n\n<hr class=\"wp-block-separator has-css-opacity is-style-wide\"\/>\n\n\n\n<p><em>A warm thank you for your support and collaboration!<\/em><\/p>\n\n\n\n<div class=\"wp-block-columns is-layout-flex wp-container-core-columns-is-layout-9d6595d7 wp-block-columns-is-layout-flex\">\n<div class=\"wp-block-column is-layout-flow wp-block-column-is-layout-flow\">\n<figure class=\"wp-block-image size-large\"><img loading=\"lazy\" decoding=\"async\" width=\"1024\" height=\"1024\" src=\"https:\/\/vaylafestival.com\/fi\/wp-content\/uploads\/2025\/06\/Nimeton-malli11-1-1024x1024.png\" alt=\"\" class=\"wp-image-3793\" srcset=\"https:\/\/vaylafestival.com\/fi\/wp-content\/uploads\/2025\/06\/Nimeton-malli11-1-1024x1024.png 1024w, https:\/\/vaylafestival.com\/fi\/wp-content\/uploads\/2025\/06\/Nimeton-malli11-1-300x300.png 300w, https:\/\/vaylafestival.com\/fi\/wp-content\/uploads\/2025\/06\/Nimeton-malli11-1-150x150.png 150w, https:\/\/vaylafestival.com\/fi\/wp-content\/uploads\/2025\/06\/Nimeton-malli11-1-768x768.png 768w, https:\/\/vaylafestival.com\/fi\/wp-content\/uploads\/2025\/06\/Nimeton-malli11-1.png 1080w\" sizes=\"auto, (max-width: 1024px) 100vw, 1024px\" \/><\/figure>\n<\/div>\n\n\n\n<div class=\"wp-block-column is-layout-flow wp-block-column-is-layout-flow\">\n<figure class=\"wp-block-image size-large\"><img loading=\"lazy\" decoding=\"async\" width=\"1024\" height=\"1024\" src=\"https:\/\/vaylafestival.com\/fi\/wp-content\/uploads\/2025\/06\/Nimeton-malli12-1024x1024.png\" alt=\"\" class=\"wp-image-3788\" srcset=\"https:\/\/vaylafestival.com\/fi\/wp-content\/uploads\/2025\/06\/Nimeton-malli12-1024x1024.png 1024w, https:\/\/vaylafestival.com\/fi\/wp-content\/uploads\/2025\/06\/Nimeton-malli12-300x300.png 300w, https:\/\/vaylafestival.com\/fi\/wp-content\/uploads\/2025\/06\/Nimeton-malli12-150x150.png 150w, https:\/\/vaylafestival.com\/fi\/wp-content\/uploads\/2025\/06\/Nimeton-malli12-768x768.png 768w, https:\/\/vaylafestival.com\/fi\/wp-content\/uploads\/2025\/06\/Nimeton-malli12.png 1080w\" sizes=\"auto, (max-width: 1024px) 100vw, 1024px\" \/><\/figure>\n<\/div>\n<\/div>\n","protected":false},"excerpt":{"rendered":"<p>The V\u00e4yl\u00e4festival is a multifaceted arts festival taking place in the Torne River Valley, an area reaching onto the terrain of the three Scandinavian countries:&#8230;<\/p>\n","protected":false},"author":1,"featured_media":0,"parent":0,"menu_order":1,"comment_status":"closed","ping_status":"closed","template":"","meta":{"footnotes":""},"class_list":["post-54","page","type-page","status-publish","hentry"],"_links":{"self":[{"href":"https:\/\/vaylafestival.com\/fi\/wp-json\/wp\/v2\/pages\/54","targetHints":{"allow":["GET"]}}],"collection":[{"href":"https:\/\/vaylafestival.com\/fi\/wp-json\/wp\/v2\/pages"}],"about":[{"href":"https:\/\/vaylafestival.com\/fi\/wp-json\/wp\/v2\/types\/page"}],"author":[{"embeddable":true,"href":"https:\/\/vaylafestival.com\/fi\/wp-json\/wp\/v2\/users\/1"}],"replies":[{"embeddable":true,"href":"https:\/\/vaylafestival.com\/fi\/wp-json\/wp\/v2\/comments?post=54"}],"version-history":[{"count":107,"href":"https:\/\/vaylafestival.com\/fi\/wp-json\/wp\/v2\/pages\/54\/revisions"}],"predecessor-version":[{"id":3795,"href":"https:\/\/vaylafestival.com\/fi\/wp-json\/wp\/v2\/pages\/54\/revisions\/3795"}],"wp:attachment":[{"href":"https:\/\/vaylafestival.com\/fi\/wp-json\/wp\/v2\/media?parent=54"}],"curies":[{"name":"wp","href":"https:\/\/api.w.org\/{rel}","templated":true}]}}