{"id":7,"date":"2017-05-07T19:25:50","date_gmt":"2017-05-07T16:25:50","guid":{"rendered":"http:\/\/vaylafestival.com\/fi\/contact-us\/"},"modified":"2025-06-16T16:47:21","modified_gmt":"2025-06-16T13:47:21","slug":"liput","status":"publish","type":"page","link":"https:\/\/vaylafestival.com\/fi\/info\/liput\/","title":{"rendered":"LIPUT"},"content":{"rendered":"\n<p>V\u00e4yl\u00e4festivaalin tapahtumista l\u00f6ytyy sek\u00e4 vapaap\u00e4\u00e4syllisi\u00e4 ett\u00e4 lipunmyynnillisi\u00e4 tapahtumia. Tiloihin, joihin on rajattu paikkam\u00e4\u00e4r\u00e4, on mahdollista varata lippuja tai paikkoja ennakkoon alta l\u00f6ytyv\u00e4n lomakkeen kautta. N\u00e4m\u00e4 tilaisuudet ovat my\u00f6s listattuina alla.<\/p>\n\n\n\n<p>Lippuja saa my\u00f6s ovelta tuntia ennen tilaisuuden alkua, mik\u00e4li paikkoja viel\u00e4 l\u00f6ytyy. Sek\u00e4 k\u00e4teis- ett\u00e4 korttimaksu onnistuu.<strong><mark style=\"background-color:rgba(0, 0, 0, 0);color:#437f55\" class=\"has-inline-color\"> Ryhm\u00e4varauskyselyihin<\/mark><\/strong> saat vastauksen laittamalla viesti\u00e4 Marjolle osoitteeseen marjo.suhonen(at)vaylafestival.com.<br><\/p>\n\n\n\n<p class=\"has-text-color has-link-color wp-elements-4ba1a24497d6558533f16104030f7d3a\" style=\"color:#43275e\">V\u00c4YL\u00c4FESTIVAALI 28.6.<strong>\u2013<\/strong>5.7.2025<\/p>\n\n\n\n<p><strong>LA 28.6. Kirjailijatapaaminen: Kjell West\u00f6<\/strong><br><em>Pohjoiskalottikirjasto, \u00d6vertorne\u00e5 klo 14<\/em><br>Vapaa p\u00e4\u00e4sy, suosittelemme varaamaan paikan etuk\u00e4teen k\u00e4ytt\u00e4en alla olevaa lomaketta. Varaukset 28.6. puoleen p\u00e4iv\u00e4\u00e4n menness\u00e4. Paikkavaraus lunastettava 15 minuuttia ennen tilaisuuden alkua.<br><br><strong>SU 29.6. Kjell West\u00f6 \u2013&nbsp;Taiteilija, min\u00e4<\/strong><br><em>Granni-ravintola, Pello klo 16.30<\/em><br>Liput 15 euroa\/kpl. Suosittelemme varaamaan liput etuk\u00e4teen k\u00e4ytt\u00e4en alla olevaa lomaketta. Varaukset 29.6. puoleen p\u00e4iv\u00e4\u00e4n menness\u00e4. Lippu lunastettava 15 minuuttia ennen tilaisuuden alkua paikan p\u00e4\u00e4lt\u00e4 lipunmyynnist\u00e4.<\/p>\n\n\n\n<p><strong>SU 29.6. Joen ja meren v\u00e4lilt\u00e4 \u2013 kansanmusiikin matka<\/strong><br><em>Granni-ravintola, Pello klo 18<\/em><strong><br><\/strong>Liput 20 euroa\/kpl. Suosittelemme varaamaan liput etuk\u00e4teen k\u00e4ytt\u00e4en alla olevaa lomaketta. Varaukset 29.6. puoleen p\u00e4iv\u00e4\u00e4n menness\u00e4. Lippu lunastettava 15 minuuttia ennen tilaisuuden alkua paikan p\u00e4\u00e4lt\u00e4 lipunmyynnist\u00e4. <\/p>\n\n\n\n<p><strong>KE 2.7. Risteys \u2013 Lauluja Pohjolan kulttuurien rajoilta<\/strong><br><em>Enonteki\u00f6n kirkko klo 19<\/em><br>Liput 25 euroa (aikuinen) \/ 20 euroa (el\u00e4kel\u00e4inen) \/ 10 euroa (lapset &amp; ty\u00f6tt\u00f6m\u00e4t) paikan p\u00e4\u00e4lt\u00e4 k\u00e4teisell\u00e4 tai kortilla.<\/p>\n\n\n\n<p><strong>PE 4.7. Risteys \u2013 Lauluja Pohjolan kulttuurien rajoilta<\/strong><br><em>Yll\u00e4stunturin Luontokeskus Kellokas klo 15<br><\/em>Liput 25 euroa (aikuinen) \/ 20 euroa (el\u00e4kel\u00e4inen) \/ 10 euroa (lapset &amp; ty\u00f6tt\u00f6m\u00e4t). Suosittelemme varaamaan liput etuk\u00e4teen k\u00e4ytt\u00e4en alla olevaa lomaketta. Varaukset 4.7. puoleen p\u00e4iv\u00e4\u00e4n menness\u00e4. Lippu lunastettava 15 minuuttia ennen tilaisuuden alkua paikan p\u00e4\u00e4lt\u00e4 lipunmyynnist\u00e4.<br><\/p>\n\n\n\n<hr class=\"wp-block-separator has-alpha-channel-opacity\"\/>\n\n\n<div class=\"wpforms-container wpforms-container-full wpforms-block wpforms-block-c6e88d96-34be-4cf5-9bdd-79f46b9799d8 wpforms-render-modern\" id=\"wpforms-3626\"><form id=\"wpforms-form-3626\" class=\"wpforms-validate wpforms-form wpforms-ajax-form\" data-formid=\"3626\" method=\"post\" enctype=\"multipart\/form-data\" action=\"\/fi\/wp-json\/wp\/v2\/pages\/7\" data-token=\"ea2ae359cf0e72dc4185968953e07438\" data-token-time=\"1777051494\"><div class=\"wpforms-head-container\"><div class=\"wpforms-title\">Paikka- ja lippuvaraukset<\/div><div class=\"wpforms-description\">Esityspaikkoihin, joiden kapasiteetti on rajattu, suosittelemme varaamaan paikan tai lipun etuk\u00e4teen. Paikat ja liput on lunastettava 15 minuuttia ennen tilaisuuden alkua lipunmyynnist\u00e4.<\/div><\/div><noscript class=\"wpforms-error-noscript\">Please enable JavaScript in your browser to complete this form.<\/noscript><div class=\"wpforms-hidden\" id=\"wpforms-error-noscript\">Please enable JavaScript in your browser to complete this form.<\/div><div class=\"wpforms-field-container\"><div id=\"wpforms-3626-field_3-container\" class=\"wpforms-field wpforms-field-name\" data-field-id=\"3\"><label class=\"wpforms-field-label\" for=\"wpforms-3626-field_3\">Etu- ja sukunimi <span class=\"wpforms-required-label\" aria-hidden=\"true\">*<\/span><\/label><input type=\"text\" id=\"wpforms-3626-field_3\" class=\"wpforms-field-medium wpforms-field-required\" name=\"wpforms[fields][3]\" aria-errormessage=\"wpforms-3626-field_3-error\" required><\/div><div id=\"wpforms-3626-field_10-container\" class=\"wpforms-field wpforms-field-text\" data-field-id=\"10\"><label class=\"wpforms-field-label\" for=\"wpforms-3626-field_10\">S\u00e4hk\u00f6posti tai puhelinnumero <span class=\"wpforms-required-label\" aria-hidden=\"true\">*<\/span><\/label><input type=\"text\" id=\"wpforms-3626-field_10\" class=\"wpforms-field-medium wpforms-field-required\" name=\"wpforms[fields][10]\" aria-errormessage=\"wpforms-3626-field_10-error\" required><\/div><div id=\"wpforms-3626-field_6-container\" class=\"wpforms-field wpforms-field-checkbox\" data-field-id=\"6\"><fieldset><legend class=\"wpforms-field-label\">Lippuvaraukset <span class=\"wpforms-required-label\" aria-hidden=\"true\">*<\/span><\/legend><ul id=\"wpforms-3626-field_6\" class=\"wpforms-field-required\"><li class=\"choice-4 depth-1\"><input type=\"checkbox\" id=\"wpforms-3626-field_6_4\" name=\"wpforms[fields][6][]\" value=\"PE 4.7. klo 15 Vokal Nord, Kellokas \u2013 Lippuvaraus\" aria-errormessage=\"wpforms-3626-field_6_4-error\" required ><label class=\"wpforms-field-label-inline\" for=\"wpforms-3626-field_6_4\">PE 4.7. klo 15 Vokal Nord, Kellokas \u2013 Lippuvaraus<\/label><\/li><\/ul><\/fieldset><\/div><div id=\"wpforms-3626-field_7-container\" class=\"wpforms-field wpforms-field-textarea\" data-field-id=\"7\"><label class=\"wpforms-field-label\" for=\"wpforms-3626-field_7\">Varattavien lippujen lukum\u00e4\u00e4r\u00e4 <span class=\"wpforms-required-label\" aria-hidden=\"true\">*<\/span><\/label><textarea id=\"wpforms-3626-field_7\" class=\"wpforms-field-medium wpforms-field-required\" name=\"wpforms[fields][7]\" aria-errormessage=\"wpforms-3626-field_7-error\" required><\/textarea><\/div><\/div><!-- .wpforms-field-container --><div class=\"wpforms-submit-container\" ><input type=\"hidden\" name=\"wpforms[id]\" value=\"3626\"><input type=\"hidden\" name=\"page_title\" value=\"\"><input type=\"hidden\" name=\"page_url\" value=\"https:\/\/vaylafestival.com\/fi\/wp-json\/wp\/v2\/pages\/7\"><input type=\"hidden\" name=\"url_referer\" value=\"\"><button type=\"submit\" name=\"wpforms[submit]\" id=\"wpforms-submit-3626\" class=\"wpforms-submit\" data-alt-text=\"L\u00e4hetet\u00e4\u00e4n...\" data-submit-text=\"L\u00e4het\u00e4\" aria-live=\"assertive\" value=\"wpforms-submit\">L\u00e4het\u00e4<\/button><img loading=\"lazy\" decoding=\"async\" src=\"https:\/\/vaylafestival.com\/fi\/wp-content\/plugins\/wpforms-lite\/assets\/images\/submit-spin.svg\" class=\"wpforms-submit-spinner\" style=\"display: none;\" width=\"26\" height=\"26\" alt=\"Loading\"><\/div><\/form><\/div>  <!-- .wpforms-container -->","protected":false},"excerpt":{"rendered":"<p>V\u00e4yl\u00e4festivaalin tapahtumista l\u00f6ytyy sek\u00e4 vapaap\u00e4\u00e4syllisi\u00e4 ett\u00e4 lipunmyynnillisi\u00e4 tapahtumia. Tiloihin, joihin on rajattu paikkam\u00e4\u00e4r\u00e4, on mahdollista varata lippuja tai paikkoja ennakkoon alta l\u00f6ytyv\u00e4n lomakkeen kautta. N\u00e4m\u00e4&#8230;<\/p>\n","protected":false},"author":1,"featured_media":0,"parent":723,"menu_order":5,"comment_status":"closed","ping_status":"closed","template":"","meta":{"footnotes":""},"class_list":["post-7","page","type-page","status-publish","hentry"],"_links":{"self":[{"href":"https:\/\/vaylafestival.com\/fi\/wp-json\/wp\/v2\/pages\/7","targetHints":{"allow":["GET"]}}],"collection":[{"href":"https:\/\/vaylafestival.com\/fi\/wp-json\/wp\/v2\/pages"}],"about":[{"href":"https:\/\/vaylafestival.com\/fi\/wp-json\/wp\/v2\/types\/page"}],"author":[{"embeddable":true,"href":"https:\/\/vaylafestival.com\/fi\/wp-json\/wp\/v2\/users\/1"}],"replies":[{"embeddable":true,"href":"https:\/\/vaylafestival.com\/fi\/wp-json\/wp\/v2\/comments?post=7"}],"version-history":[{"count":111,"href":"https:\/\/vaylafestival.com\/fi\/wp-json\/wp\/v2\/pages\/7\/revisions"}],"predecessor-version":[{"id":3776,"href":"https:\/\/vaylafestival.com\/fi\/wp-json\/wp\/v2\/pages\/7\/revisions\/3776"}],"up":[{"embeddable":true,"href":"https:\/\/vaylafestival.com\/fi\/wp-json\/wp\/v2\/pages\/723"}],"wp:attachment":[{"href":"https:\/\/vaylafestival.com\/fi\/wp-json\/wp\/v2\/media?parent=7"}],"curies":[{"name":"wp","href":"https:\/\/api.w.org\/{rel}","templated":true}]}}