{"id":723,"date":"2017-05-22T07:51:46","date_gmt":"2017-05-22T04:51:46","guid":{"rendered":"http:\/\/vaylafestival.com\/fi\/?page_id=723"},"modified":"2024-11-18T04:39:17","modified_gmt":"2024-11-18T02:39:17","slug":"info","status":"publish","type":"page","link":"https:\/\/vaylafestival.com\/fi\/info\/","title":{"rendered":"INFO"},"content":{"rendered":"\n<p><em>V\u00e4yl\u00e4festivaali on monitaiteinen kulttuuritapahtuma, joka matkaa keskikes\u00e4ll\u00e4 Tornionlaaksossa kolmen maan alueella. Festivaalilla esitell\u00e4\u00e4n alueen kulttuurista nousevia taiteita ja saatetaan yleis\u00f6 ainutlaatuisille esiintymispaikoille rajajokivarren luontoon. Vuodesta 2017 j\u00e4rjestetty festivaali haluaa my\u00f6s <\/em><em>edist\u00e4\u00e4 taiteen tekemisen ja kokemisen mahdollisuuksia harvaan asutussa Lapissa.<\/em><\/p>\n\n\n\n<hr class=\"wp-block-separator has-css-opacity is-style-wide\"\/>\n\n\n\n<p><strong>J\u00e4rjest\u00e4j\u00e4<\/strong><\/p>\n\n\n\n<p>V\u00e4yl\u00e4festivaalin j\u00e4rjest\u00e4\u00e4 yleishy\u00f6dyllinen V\u00e4yl\u00e4festivaali ry. Vuonna 2017 perustetun yhdistyksen toiminnan tavoitteena on Tornionlaakson alueen taide- ja kulttuuritoiminnan vireytt\u00e4minen. Tavoitteena on my\u00f6s kehitt\u00e4\u00e4 Suomen, Ruotsin ja Norjan sivistyksellist\u00e4 rajayhteisty\u00f6t\u00e4.<\/p>\n\n\n\n<p>Yhdistys tekee yhteisty\u00f6t\u00e4 pohjoiskalottialueen taiteilijoiden, taideorganisaatioiden ja seurakuntien kanssa. V\u00e4yl\u00e4festivaali-tapahtuman lis\u00e4ksi yhdistys voi my\u00f6s osallistua muihin alueen kulttuurihankkeisiin. Rahoitus toimintaan toteutuu yhteispohjoismaisten ja suomalaisten apurahojen, tapahtumien lipunmyynnin sek\u00e4 yrityskumppanuuksien avulla.<\/p>\n\n\n\n<p><strong>Uusi j\u00e4sen<br><\/strong>L\u00e4mpim\u00e4sti tervetuloa mukaan toimintaan! L\u00e4het\u00e4th\u00e4n yhteystietosi info(at)vaylafestival.com j\u00e4senrekisteri\u00e4 varten. 2024 vuosikokouksessa vahvisti j\u00e4senmaksut seuraavanlaisiksi: <br><br>Varsinainen j\u00e4senyys: 25 \u20ac<br>Kannatusj\u00e4senyys: 50 \u20ac<br>Ainaisj\u00e4senyys: 250 \u20ac<\/p>\n\n\n\n<p><strong>Yhteystiedot<\/strong><br>Matilda \u00c5kerblom, toiminnanjohtaja, matilda.akerblom(at)vaylafestival.com<br>Marjo Suhonen, tiedottaja, marjo.suhonen(at)vaylafestival.com<\/p>\n\n\n\n<p><strong>Taiteellinen ty\u00f6ryhm\u00e4<\/strong><br>Paavali Jumppanen, puheenjohtaja, info(at)vaylafestival.com<br>Jaakko Alatalo<br>Katariina Angeria<br>Vilho V\u00e4h\u00e4sarja<\/p>\n\n\n\n<p><strong>Hallituskokoonpano<\/strong> vuonna 2024<br>Pirkko Hietaniemi, puheenjohtaja<br>Paavali Jumppanen, varapuheenjohtaja<br>Jaakko Alatalo, j\u00e4sen<br>Katariina Angeria, j\u00e4sen<br>Laura Raudaskoski, j\u00e4sen<br>Vilho V\u00e4h\u00e4sarja, j\u00e4sen<br>Matilda \u00c5kerblom, toiminnanjohtaja<\/p>\n\n\n\n<figure class=\"wp-block-image size-large\"><img loading=\"lazy\" decoding=\"async\" width=\"1024\" height=\"576\" src=\"https:\/\/vaylafestival.com\/fi\/wp-content\/uploads\/2018\/08\/DSC_2261-002-1-1024x576.jpg\" alt=\"V\u00e4yl\u00e4festivaali matkalla Kolmen valtakunnan rajapyykille\" class=\"wp-image-1559\"\/><figcaption class=\"wp-element-caption\"><em><sup>V\u00e4yl\u00e4festivaalin yleis\u00f6\u00e4 matkalla Kolmen valtakunnan rajapyykille 2018 (kuva: V\u00e4yl\u00e4festivaali)<\/sup><\/em><\/figcaption><\/figure>\n\n\n\n<h6 class=\"wp-block-heading\"><\/h6>\n","protected":false},"excerpt":{"rendered":"<p>V\u00e4yl\u00e4festivaali on monitaiteinen kulttuuritapahtuma, joka matkaa keskikes\u00e4ll\u00e4 Tornionlaaksossa kolmen maan alueella. Festivaalilla esitell\u00e4\u00e4n alueen kulttuurista nousevia taiteita ja saatetaan yleis\u00f6 ainutlaatuisille esiintymispaikoille rajajokivarren luontoon. Vuodesta&#8230;<\/p>\n","protected":false},"author":1,"featured_media":0,"parent":0,"menu_order":6,"comment_status":"closed","ping_status":"closed","template":"","meta":{"footnotes":""},"class_list":["post-723","page","type-page","status-publish","hentry"],"_links":{"self":[{"href":"https:\/\/vaylafestival.com\/fi\/wp-json\/wp\/v2\/pages\/723","targetHints":{"allow":["GET"]}}],"collection":[{"href":"https:\/\/vaylafestival.com\/fi\/wp-json\/wp\/v2\/pages"}],"about":[{"href":"https:\/\/vaylafestival.com\/fi\/wp-json\/wp\/v2\/types\/page"}],"author":[{"embeddable":true,"href":"https:\/\/vaylafestival.com\/fi\/wp-json\/wp\/v2\/users\/1"}],"replies":[{"embeddable":true,"href":"https:\/\/vaylafestival.com\/fi\/wp-json\/wp\/v2\/comments?post=723"}],"version-history":[{"count":61,"href":"https:\/\/vaylafestival.com\/fi\/wp-json\/wp\/v2\/pages\/723\/revisions"}],"predecessor-version":[{"id":3541,"href":"https:\/\/vaylafestival.com\/fi\/wp-json\/wp\/v2\/pages\/723\/revisions\/3541"}],"wp:attachment":[{"href":"https:\/\/vaylafestival.com\/fi\/wp-json\/wp\/v2\/media?parent=723"}],"curies":[{"name":"wp","href":"https:\/\/api.w.org\/{rel}","templated":true}]}}