{"id":729,"date":"2017-05-22T08:20:20","date_gmt":"2017-05-22T05:20:20","guid":{"rendered":"http:\/\/vaylafestival.com\/fi\/?page_id=729"},"modified":"2025-03-12T02:53:27","modified_gmt":"2025-03-12T00:53:27","slug":"info-eng","status":"publish","type":"page","link":"https:\/\/vaylafestival.com\/fi\/info-eng\/","title":{"rendered":"INFO"},"content":{"rendered":"\n<p><strong>CONTACT<\/strong><br>Paavali Jumppanen, Head of Curation, info(at)vaylafestival.com<br>Matilda \u00c5kerblom, General Manager, matilda.akerblom(at)vaylafestival.com<br>Marjo Suhonen, Press Officer, marjo.suhonen(at)vaylafestival.com<\/p>\n\n\n\n<hr class=\"wp-block-separator has-alpha-channel-opacity\"\/>\n\n\n\n<p><strong>TRAVELLING TO V\u00c4YL\u00c4FESTIVAL<\/strong><br>By train to:\u00a0Finnish railways (<a href=\"https:\/\/www.vr.fi\/en\" target=\"_blank\" rel=\"noreferrer noopener\">VR<\/a>) has regular service to Rovaniemi, Ylitornio, and Kolari<br>By bus: To all festival locations in <a href=\"https:\/\/www.matkahuolto.fi\/passengers\" data-type=\"link\" data-id=\"https:\/\/www.matkahuolto.fi\/passengers\" target=\"_blank\" rel=\"noreferrer noopener\">Finland<\/a>\u00a0and <a href=\"https:\/\/lanstrafikennorrbotten.se\/\" target=\"_blank\" rel=\"noreferrer noopener\">Sweden<\/a><br>By airplane to: Rovaniemi, Kemi-Tornio, Kittil\u00e4, Lule\u00e5, Oulu, Kiruna, or Troms\u00f8<\/p>\n\n\n\n<hr class=\"wp-block-separator has-css-opacity is-style-wide\"\/>\n\n\n\n<p><br><\/p>\n","protected":false},"excerpt":{"rendered":"<p>CONTACTPaavali Jumppanen, Head of Curation, info(at)vaylafestival.comMatilda \u00c5kerblom, General Manager, matilda.akerblom(at)vaylafestival.comMarjo Suhonen, Press Officer, marjo.suhonen(at)vaylafestival.com TRAVELLING TO V\u00c4YL\u00c4FESTIVALBy train to:\u00a0Finnish railways (VR) has regular service to&#8230;<\/p>\n","protected":false},"author":1,"featured_media":0,"parent":0,"menu_order":6,"comment_status":"closed","ping_status":"closed","template":"","meta":{"footnotes":""},"class_list":["post-729","page","type-page","status-publish","hentry"],"_links":{"self":[{"href":"https:\/\/vaylafestival.com\/fi\/wp-json\/wp\/v2\/pages\/729","targetHints":{"allow":["GET"]}}],"collection":[{"href":"https:\/\/vaylafestival.com\/fi\/wp-json\/wp\/v2\/pages"}],"about":[{"href":"https:\/\/vaylafestival.com\/fi\/wp-json\/wp\/v2\/types\/page"}],"author":[{"embeddable":true,"href":"https:\/\/vaylafestival.com\/fi\/wp-json\/wp\/v2\/users\/1"}],"replies":[{"embeddable":true,"href":"https:\/\/vaylafestival.com\/fi\/wp-json\/wp\/v2\/comments?post=729"}],"version-history":[{"count":39,"href":"https:\/\/vaylafestival.com\/fi\/wp-json\/wp\/v2\/pages\/729\/revisions"}],"predecessor-version":[{"id":3617,"href":"https:\/\/vaylafestival.com\/fi\/wp-json\/wp\/v2\/pages\/729\/revisions\/3617"}],"wp:attachment":[{"href":"https:\/\/vaylafestival.com\/fi\/wp-json\/wp\/v2\/media?parent=729"}],"curies":[{"name":"wp","href":"https:\/\/api.w.org\/{rel}","templated":true}]}}