{"id":797,"date":"2017-05-22T20:38:51","date_gmt":"2017-05-22T17:38:51","guid":{"rendered":"http:\/\/vaylafestival.com\/fi\/?page_id=797"},"modified":"2025-03-11T04:52:09","modified_gmt":"2025-03-11T02:52:09","slug":"info-swe","status":"publish","type":"page","link":"https:\/\/vaylafestival.com\/fi\/info-swe\/","title":{"rendered":"INFO"},"content":{"rendered":"\n<p><em>V\u00e4yl\u00e4festivalen \u00e4r en genre\u00f6verskridande festival som mitt under sommaren g\u00f6r kulturresa i Tornedalen. Evenemanget presenterar artister fr\u00e5n omr\u00e5dets tre l\u00e4nder, Finland, Sverige och Norge och erbjuder en unik uppl\u00e4ggning av konstarter i hj\u00e4rtat av Lappland. Festivalen, som har arrangerats sedan 2017, syftar ocks\u00e5 till att fr\u00e4mja m\u00f6jligheterna att skapa och uppleva konst i det glesbefolkade Lappland.<\/em><\/p>\n\n\n\n<hr class=\"wp-block-separator has-css-opacity is-style-wide\"\/>\n\n\n\n<p><strong>Organisat\u00f6r<\/strong><br>V\u00e4yl\u00e4festivalen arrangeras av den ideella f\u00f6reningen V\u00e4yl\u00e4festivaali ry. F\u00f6reningen grundades \u00e5r 2017 och har som m\u00e5l att liva upp konstn\u00e4rlig och kulturell verksamhet i Tornedalen. Syftet \u00e4r ocks\u00e5 att utveckla det kulturella samarbetet mellan Finland, Sverige och Norge.<\/p>\n\n\n\n<p>F\u00f6reningen samarbetar med konstn\u00e4rer, konstorganisationer och f\u00f6rsamlingar verksamma p\u00e5 Nordkalotten. F\u00f6rutom V\u00e4yl\u00e4festivalen kan f\u00f6reningen ocks\u00e5 delta i andra kulturprojekt i regionen. Finansieringen sker genom nordiska och finska underst\u00f6dsbidrag, biljettf\u00f6rs\u00e4ljning och f\u00f6retagssamarbeten.<\/p>\n\n\n\n<p><strong>Nya medlemmar<br><\/strong>Varmt v\u00e4lkomna med i verksamheten! Mer information av verksamhetsledaren. Medlemsavgifterna f\u00f6r \u00e5r 2024 \u00e4r:<br><br>Ordinarie medlem: 25 \u20ac<br>St\u00f6dmedlem: 50 \u20ac<br>Evig medlme: 250 \u20ac<\/p>\n\n\n\n<p><strong>Konstn\u00e4rlig arbetsgrupp<\/strong><br>Paavali Jumppanen, ordf\u00f6rande, info(at)vaylafestival.com<br>Jaakko Alatalo<br>Katariina Angeria<br>Vilho V\u00e4h\u00e4sarja<\/p>\n\n\n\n<p><strong>Styrelsen<\/strong> \u00e5r 2024<br>Pirkko Hietaniemi, ordf\u00f6rande<br>Paavali Jumppanen, viceordf\u00f6rande<br>Jaakko Alatalo, medlem<br>Katariina Angeria, medlem<br>Laura Raudaskoski, medlem<br>Vilho V\u00e4h\u00e4sarja, medlem<br>Matilda \u00c5kerblom, verksamhetsledare<\/p>\n\n\n\n<p><strong>Kontaktuppgifter<\/strong><br>Matilda \u00c5kerblom, verksamhetsledare, matilda.akerblom(at)vaylafestival.com<br>Marjo Suhonen, informat\u00f6r, marjo.suhonen(at)vaylafestival.com<\/p>\n\n\n\n<figure class=\"wp-block-image size-large\"><img loading=\"lazy\" decoding=\"async\" width=\"1024\" height=\"576\" src=\"https:\/\/vaylafestival.com\/fi\/wp-content\/uploads\/2018\/08\/DSC_2261-002-1-1024x576.jpg\" alt=\"V\u00e4yl\u00e4festivaali matkalla Kolmen valtakunnan rajapyykille\" class=\"wp-image-1559\"\/><figcaption class=\"wp-element-caption\"><em><sup>V\u00e4yl\u00e4festivalens publik p\u00e5 v\u00e4g mot Treriksr\u00f6set 2018 (bild: V\u00e4yl\u00e4festivalen)<\/sup><\/em><\/figcaption><\/figure>\n\n\n\n<h6 class=\"wp-block-heading\"><\/h6>\n","protected":false},"excerpt":{"rendered":"<p>V\u00e4yl\u00e4festivalen \u00e4r en genre\u00f6verskridande festival som mitt under sommaren g\u00f6r kulturresa i Tornedalen. Evenemanget presenterar artister fr\u00e5n omr\u00e5dets tre l\u00e4nder, Finland, Sverige och Norge och&#8230;<\/p>\n","protected":false},"author":1,"featured_media":0,"parent":0,"menu_order":6,"comment_status":"closed","ping_status":"closed","template":"","meta":{"footnotes":""},"class_list":["post-797","page","type-page","status-publish","hentry"],"_links":{"self":[{"href":"https:\/\/vaylafestival.com\/fi\/wp-json\/wp\/v2\/pages\/797","targetHints":{"allow":["GET"]}}],"collection":[{"href":"https:\/\/vaylafestival.com\/fi\/wp-json\/wp\/v2\/pages"}],"about":[{"href":"https:\/\/vaylafestival.com\/fi\/wp-json\/wp\/v2\/types\/page"}],"author":[{"embeddable":true,"href":"https:\/\/vaylafestival.com\/fi\/wp-json\/wp\/v2\/users\/1"}],"replies":[{"embeddable":true,"href":"https:\/\/vaylafestival.com\/fi\/wp-json\/wp\/v2\/comments?post=797"}],"version-history":[{"count":45,"href":"https:\/\/vaylafestival.com\/fi\/wp-json\/wp\/v2\/pages\/797\/revisions"}],"predecessor-version":[{"id":3593,"href":"https:\/\/vaylafestival.com\/fi\/wp-json\/wp\/v2\/pages\/797\/revisions\/3593"}],"wp:attachment":[{"href":"https:\/\/vaylafestival.com\/fi\/wp-json\/wp\/v2\/media?parent=797"}],"curies":[{"name":"wp","href":"https:\/\/api.w.org\/{rel}","templated":true}]}}